{"id":268805,"date":"2026-03-12T10:24:34","date_gmt":"2026-03-12T08:24:34","guid":{"rendered":"https:\/\/tellimused.stiilne.ee\/toode\/naturaalsest-nahast-eestis-kasitoona-valminud-kerged-sandaalid-liiva-valge-kohe-laos\/"},"modified":"2026-04-07T11:09:56","modified_gmt":"2026-04-07T08:09:56","slug":"lengvi-ranku-darbo-sandalai-pagaminti-estijoje-is-naturalios-odai-smelio-spalvos-sandalai-smelio-balta-pasiulymas-cia","status":"publish","type":"product","link":"https:\/\/tellimused.stiilne.ee\/lt\/produktas\/lengvi-ranku-darbo-sandalai-pagaminti-estijoje-is-naturalios-odai-smelio-spalvos-sandalai-smelio-balta-pasiulymas-cia\/","title":{"rendered":"Lengvi rank\u0173 darbo sandalai, pagaminti Estijoje i\u0161 NAT\u016aRALIOS ODAI Sm\u0117lio spalvos sandalai Sm\u0117lio balta &#8211; PASI\u016aLYMAS \u010cIA"},"content":{"rendered":"<p>Lengvi, nat\u016bralios odos sandalai moterims ir jaunimui &#8211; puiki patogi avalyn\u0117 vasaros sezonui.<\/p>\n<ul>\n<li>Su nat\u016bralios odos batvir\u0161iais.<\/li>\n<li>Labai patvarus mikropluo\u0161to vidpadis.<\/li>\n<li>Vidpadis suprojektuotas su skliautine amortizacija, kuri suma\u017eina p\u0117d\u0173 nuovarg\u012f net ilgai stovint ant koj\u0173.<\/li>\n<li>Padas pagamintas i\u0161 lengvos, lanks\u010dios ir neabrazyvin\u0117s PU arba poliuretano med\u017eiagos.<\/li>\n<li>Sandalai turi tris dir\u017eelius su sagtimis, kuriuos galima reguliuoti pagal p\u0117dos plot\u012f.<\/li>\n<\/ul>\n<p>Sandal\u0173 pristatymo laikas 1-4 dienos<\/p>\n<table>\n<tbody>\n<tr>\n<td>P\u0117dos dydis<\/td>\n<td> Vidpad\u017eio ilgis<\/td>\n<\/tr>\n<tr>\n<td>35<\/td>\n<td>23 cm<\/td>\n<\/tr>\n<tr>\n<td>36<\/td>\n<td>23,5 cm<\/td>\n<\/tr>\n<tr>\n<td>37<\/td>\n<td>24 cm<\/td>\n<\/tr>\n<tr>\n<td>38<\/td>\n<td>24,8 cm<\/td>\n<\/tr>\n<tr>\n<td>39<\/td>\n<td>25,5 cm<\/td>\n<\/tr>\n<tr>\n<td>40<\/td>\n<td>26 cm<\/td>\n<\/tr>\n<tr>\n<td>41<\/td>\n<td>26,7 cm<\/td>\n<\/tr>\n<tr>\n<td>42<\/td>\n<td>27,5 cm<\/td>\n<\/tr>\n<\/tbody>\n<\/table>\n","protected":false},"excerpt":{"rendered":"<p>Lengvi, nat\u016bralios odos sandalai moterims ir jaunimui &#8211; puiki patogi avalyn\u0117 vasaros sezonui. Su nat\u016bralios odos batvir\u0161iais. Labai patvarus mikropluo\u0161to vidpadis. Vidpadis suprojektuotas su skliautine amortizacija, kuri suma\u017eina p\u0117d\u0173 nuovarg\u012f net ilgai stovint ant koj\u0173. Padas pagamintas i\u0161 lengvos, lanks\u010dios ir neabrazyvin\u0117s PU arba poliuretano med\u017eiagos. Sandalai turi tris dir\u017eelius su sagtimis, kuriuos galima reguliuoti [&hellip;]<\/p>\n","protected":false},"featured_media":268806,"comment_status":"open","ping_status":"closed","template":"","meta":{"_acf_changed":false},"product_brand":[],"product_cat":[389,395],"product_tag":[],"class_list":{"0":"post-268805","1":"product","2":"type-product","3":"status-publish","4":"has-post-thumbnail","6":"product_cat-atviruosius-vasarinius-batus","7":"product_cat-plokstes-ir-dirzeliai","8":"product_shipping_class-tarneaeg-1-4-paeva","10":"first","11":"instock","12":"taxable","13":"shipping-taxable","14":"product-type-variable","15":"has-default-attributes","16":"add-to-wishlist-after_add_to_cart"},"acf":[],"_links":{"self":[{"href":"https:\/\/tellimused.stiilne.ee\/lt\/wp-json\/wp\/v2\/product\/268805","targetHints":{"allow":["GET"]}}],"collection":[{"href":"https:\/\/tellimused.stiilne.ee\/lt\/wp-json\/wp\/v2\/product"}],"about":[{"href":"https:\/\/tellimused.stiilne.ee\/lt\/wp-json\/wp\/v2\/types\/product"}],"replies":[{"embeddable":true,"href":"https:\/\/tellimused.stiilne.ee\/lt\/wp-json\/wp\/v2\/comments?post=268805"}],"wp:featuredmedia":[{"embeddable":true,"href":"https:\/\/tellimused.stiilne.ee\/lt\/wp-json\/wp\/v2\/media\/268806"}],"wp:attachment":[{"href":"https:\/\/tellimused.stiilne.ee\/lt\/wp-json\/wp\/v2\/media?parent=268805"}],"wp:term":[{"taxonomy":"product_brand","embeddable":true,"href":"https:\/\/tellimused.stiilne.ee\/lt\/wp-json\/wp\/v2\/product_brand?post=268805"},{"taxonomy":"product_cat","embeddable":true,"href":"https:\/\/tellimused.stiilne.ee\/lt\/wp-json\/wp\/v2\/product_cat?post=268805"},{"taxonomy":"product_tag","embeddable":true,"href":"https:\/\/tellimused.stiilne.ee\/lt\/wp-json\/wp\/v2\/product_tag?post=268805"}],"curies":[{"name":"wp","href":"https:\/\/api.w.org\/{rel}","templated":true}]}}