{"id":268837,"date":"2026-03-12T10:23:01","date_gmt":"2026-03-12T08:23:01","guid":{"rendered":"https:\/\/tellimused.stiilne.ee\/toode\/kasitoona-puidust-valmistatud-pross-tihane-suur-mundiroheline-kohe-laos-kiire-tarne\/"},"modified":"2026-04-07T11:09:54","modified_gmt":"2026-04-07T08:09:54","slug":"ranku-darbo-medine-brosiura-didele-monetu-zalia-brosiura-grizta-i-sklaida-grizta-uzsakyti","status":"publish","type":"product","link":"https:\/\/tellimused.stiilne.ee\/lt\/produktas\/ranku-darbo-medine-brosiura-didele-monetu-zalia-brosiura-grizta-i-sklaida-grizta-uzsakyti\/","title":{"rendered":"Rank\u0173 darbo medin\u0117 bro\u0161i\u016bra Didel\u0117 monet\u0173 \u017ealia bro\u0161i\u016bra &#8211; GR\u012e\u017dTA \u012e SKLAID\u0104 &#8211; GR\u012e\u017dTA U\u017dSAKYTI"},"content":{"rendered":"<p>&nbsp;<\/p>\n<p>Rank\u0173 darbo medin\u0117 seg\u0117 &#8211; tai gra\u017ei dovana sau ar savo artimiesiems ypatingesne proga &#8211; gimtadienio, i\u0161leistuvi\u0173 ar Kal\u0117d\u0173 proga.<\/p>\n<p>Bro\u0161i\u016bra supakuota \u012f gra\u017ei\u0105 rud\u0105 kartonin\u0119 d\u0117\u017eut\u0119, kuri atsidaro degtuk\u0173 d\u0117\u017eut\u0117s principu, o vir\u0161uje yra u\u017era\u0161as Jums &#8211; tai gra\u017ei ir \u012fsimintina dovana, kuri primins apie Jus kaskart, kai dovanos gav\u0117jas ne\u0161ios dovan\u0173 gaut\u0105 gra\u017e\u0173 papuo\u0161al\u0105.<\/p>\n<p>Bro\u0161i\u016bra puikiai tinka papuo\u0161ti paprast\u0105 suknel\u0119 , palaidin\u0119 ar palaidin\u0119.<\/p>\n<p>&nbsp;<\/p>\n<p>Juvelyriniai dirbiniai sand\u0117lyje ir siunt\u0173 ma\u0161inoje atsiduria vos per por\u0105 dien\u0173 &#8211; u\u017esakymai, pateikti darbo dien\u0105 prie\u0161 v\u0117lavim\u0105, i\u0161siun\u010diami t\u0105 pa\u010di\u0105 dien\u0105 ir paprastai siunt\u0173 ma\u0161inoje atsiduria kit\u0105 dien\u0105.<\/p>\n<p>Taline taip pat galite atvykti \u012f m\u016bs\u0173 sand\u0117l\u012f Kanarbiku tee 15\/3, J\u00e4rvek\u00fcla &#8211; darbo dienomis nuo 12.00 iki 17.00 val.<\/p>\n","protected":false},"excerpt":{"rendered":"<p>&nbsp; Rank\u0173 darbo medin\u0117 seg\u0117 &#8211; tai gra\u017ei dovana sau ar savo artimiesiems ypatingesne proga &#8211; gimtadienio, i\u0161leistuvi\u0173 ar Kal\u0117d\u0173 proga. Bro\u0161i\u016bra supakuota \u012f gra\u017ei\u0105 rud\u0105 kartonin\u0119 d\u0117\u017eut\u0119, kuri atsidaro degtuk\u0173 d\u0117\u017eut\u0117s principu, o vir\u0161uje yra u\u017era\u0161as Jums &#8211; tai gra\u017ei ir \u012fsimintina dovana, kuri primins apie Jus kaskart, kai dovanos gav\u0117jas ne\u0161ios dovan\u0173 gaut\u0105 [&hellip;]<\/p>\n","protected":false},"featured_media":268838,"comment_status":"open","ping_status":"closed","template":"","meta":{"_acf_changed":false},"product_brand":[],"product_cat":[364],"product_tag":[],"class_list":{"0":"post-268837","1":"product","2":"type-product","3":"status-publish","4":"has-post-thumbnail","6":"product_cat-dovanos","7":"product_shipping_class-tarneaeg-1-4-paeva","9":"first","10":"instock","11":"taxable","12":"shipping-taxable","13":"purchasable","14":"product-type-variable","15":"has-default-attributes","16":"add-to-wishlist-after_add_to_cart"},"acf":[],"_links":{"self":[{"href":"https:\/\/tellimused.stiilne.ee\/lt\/wp-json\/wp\/v2\/product\/268837","targetHints":{"allow":["GET"]}}],"collection":[{"href":"https:\/\/tellimused.stiilne.ee\/lt\/wp-json\/wp\/v2\/product"}],"about":[{"href":"https:\/\/tellimused.stiilne.ee\/lt\/wp-json\/wp\/v2\/types\/product"}],"replies":[{"embeddable":true,"href":"https:\/\/tellimused.stiilne.ee\/lt\/wp-json\/wp\/v2\/comments?post=268837"}],"wp:featuredmedia":[{"embeddable":true,"href":"https:\/\/tellimused.stiilne.ee\/lt\/wp-json\/wp\/v2\/media\/268838"}],"wp:attachment":[{"href":"https:\/\/tellimused.stiilne.ee\/lt\/wp-json\/wp\/v2\/media?parent=268837"}],"wp:term":[{"taxonomy":"product_brand","embeddable":true,"href":"https:\/\/tellimused.stiilne.ee\/lt\/wp-json\/wp\/v2\/product_brand?post=268837"},{"taxonomy":"product_cat","embeddable":true,"href":"https:\/\/tellimused.stiilne.ee\/lt\/wp-json\/wp\/v2\/product_cat?post=268837"},{"taxonomy":"product_tag","embeddable":true,"href":"https:\/\/tellimused.stiilne.ee\/lt\/wp-json\/wp\/v2\/product_tag?post=268837"}],"curies":[{"name":"wp","href":"https:\/\/api.w.org\/{rel}","templated":true}]}}