{"id":268852,"date":"2026-03-12T10:22:40","date_gmt":"2026-03-12T08:22:40","guid":{"rendered":"https:\/\/tellimused.stiilne.ee\/toode\/kasitoona-puidust-valmistatud-pross-leht-mundiroheline-kohe-laos-kiire-tarne\/"},"modified":"2026-04-07T11:10:01","modified_gmt":"2026-04-07T08:10:01","slug":"ranku-darbo-medine-sage-lapu-moneta-zalia-turime-sandelyje-galime-uzsakyti","status":"publish","type":"product","link":"https:\/\/tellimused.stiilne.ee\/lt\/produktas\/ranku-darbo-medine-sage-lapu-moneta-zalia-turime-sandelyje-galime-uzsakyti\/","title":{"rendered":"Rank\u0173 darbo medin\u0117 sag\u0117 Lap\u0173 moneta \u017ealia-turime sand\u0117lyje-galime u\u017esakyti"},"content":{"rendered":"<p>&nbsp;<\/p>\n<p>Rank\u0173 darbo medin\u0117 seg\u0117 &#8211; tai gra\u017ei dovana sau ar savo artimiesiems ypatingesne proga &#8211; gimtadienio, i\u0161leistuvi\u0173 ar Kal\u0117d\u0173 proga.<\/p>\n<p>Bro\u0161i\u016bra supakuota \u012f gra\u017ei\u0105 rud\u0105 kartonin\u0119 d\u0117\u017eut\u0119, kuri atsidaro degtuk\u0173 d\u0117\u017eut\u0117s sistema, o vir\u0161uje yra u\u017era\u0161as Jums &#8211; tai gra\u017ei ir \u012fsimintina dovana, kuri primins apie Jus kiekvien\u0105 kart\u0105, kai gav\u0117jas d\u0117v\u0117s dovan\u0173 gaut\u0105 gra\u017e\u0173 papuo\u0161al\u0105<\/p>\n<p>Papuo\u0161alai yra sand\u0117lyje ir siunt\u0173 ma\u0161inoje vos per por\u0105 dien\u0173 &#8211; u\u017esakymai, pateikti darbo dien\u0105 prie\u0161 termin\u0105, i\u0161siun\u010diami t\u0105 pa\u010di\u0105 dien\u0105 ir paprastai jau kit\u0105 dien\u0105 b\u016bna siunt\u0173 ma\u0161inoje.<\/p>\n<p>Taline papuo\u0161alus taip pat galima atsiimti i\u0161 m\u016bs\u0173 sand\u0117lio adresu Kanarbiku tee 15\/3, J\u00e4rvek\u00fcla- darbo dienomis nuo 12.00 iki 17.00 val.<\/p>\n<p>&nbsp;<\/p>\n","protected":false},"excerpt":{"rendered":"<p>&nbsp; Rank\u0173 darbo medin\u0117 seg\u0117 &#8211; tai gra\u017ei dovana sau ar savo artimiesiems ypatingesne proga &#8211; gimtadienio, i\u0161leistuvi\u0173 ar Kal\u0117d\u0173 proga. Bro\u0161i\u016bra supakuota \u012f gra\u017ei\u0105 rud\u0105 kartonin\u0119 d\u0117\u017eut\u0119, kuri atsidaro degtuk\u0173 d\u0117\u017eut\u0117s sistema, o vir\u0161uje yra u\u017era\u0161as Jums &#8211; tai gra\u017ei ir \u012fsimintina dovana, kuri primins apie Jus kiekvien\u0105 kart\u0105, kai gav\u0117jas d\u0117v\u0117s dovan\u0173 gaut\u0105 [&hellip;]<\/p>\n","protected":false},"featured_media":268853,"comment_status":"open","ping_status":"closed","template":"","meta":{"_acf_changed":false},"product_brand":[],"product_cat":[364],"product_tag":[],"class_list":{"0":"post-268852","1":"product","2":"type-product","3":"status-publish","4":"has-post-thumbnail","6":"product_cat-dovanos","7":"product_shipping_class-tarneaeg-1-4-paeva","9":"first","10":"instock","11":"taxable","12":"shipping-taxable","13":"purchasable","14":"product-type-variable","15":"has-default-attributes","16":"add-to-wishlist-after_add_to_cart"},"acf":[],"_links":{"self":[{"href":"https:\/\/tellimused.stiilne.ee\/lt\/wp-json\/wp\/v2\/product\/268852","targetHints":{"allow":["GET"]}}],"collection":[{"href":"https:\/\/tellimused.stiilne.ee\/lt\/wp-json\/wp\/v2\/product"}],"about":[{"href":"https:\/\/tellimused.stiilne.ee\/lt\/wp-json\/wp\/v2\/types\/product"}],"replies":[{"embeddable":true,"href":"https:\/\/tellimused.stiilne.ee\/lt\/wp-json\/wp\/v2\/comments?post=268852"}],"wp:featuredmedia":[{"embeddable":true,"href":"https:\/\/tellimused.stiilne.ee\/lt\/wp-json\/wp\/v2\/media\/268853"}],"wp:attachment":[{"href":"https:\/\/tellimused.stiilne.ee\/lt\/wp-json\/wp\/v2\/media?parent=268852"}],"wp:term":[{"taxonomy":"product_brand","embeddable":true,"href":"https:\/\/tellimused.stiilne.ee\/lt\/wp-json\/wp\/v2\/product_brand?post=268852"},{"taxonomy":"product_cat","embeddable":true,"href":"https:\/\/tellimused.stiilne.ee\/lt\/wp-json\/wp\/v2\/product_cat?post=268852"},{"taxonomy":"product_tag","embeddable":true,"href":"https:\/\/tellimused.stiilne.ee\/lt\/wp-json\/wp\/v2\/product_tag?post=268852"}],"curies":[{"name":"wp","href":"https:\/\/api.w.org\/{rel}","templated":true}]}}