{"id":268861,"date":"2026-03-12T10:22:18","date_gmt":"2026-03-12T08:22:18","guid":{"rendered":"https:\/\/tellimused.stiilne.ee\/toode\/kasitoona-puidust-valmistatud-pross-tihane-helesinine-kohe-laos-kiire-tarne\/"},"modified":"2026-04-07T11:09:59","modified_gmt":"2026-04-07T08:09:59","slug":"ranku-darbo-medine-brosiura-sviesiai-melyna-brosete-pasiruosta-uzsakymas-pagal-uzsakyma","status":"publish","type":"product","link":"https:\/\/tellimused.stiilne.ee\/lt\/produktas\/ranku-darbo-medine-brosiura-sviesiai-melyna-brosete-pasiruosta-uzsakymas-pagal-uzsakyma\/","title":{"rendered":"Rank\u0173 darbo medin\u0117 bro\u0161i\u016bra \u0160viesiai m\u0117lyna-BRO\u0160ET\u0116 PASIRUO\u0160TA &#8211; u\u017esakymas pagal u\u017esakym\u0105"},"content":{"rendered":"<p>&nbsp;<\/p>\n<p>Rank\u0173 darbo medin\u0117 seg\u0117 &#8211; tai gra\u017ei dovana sau ar savo artimiesiems ypatingesne proga &#8211; gimtadienio, i\u0161leistuvi\u0173 ar Kal\u0117d\u0173 proga.<\/p>\n<p>Bro\u0161i\u016bra supakuota \u012f gra\u017ei\u0105 rud\u0105 d\u0117\u017eut\u0119, atidarom\u0105 degtuk\u0173 d\u0117\u017eut\u0117s sistema, kurios vir\u0161uje yra u\u017era\u0161as Jums &#8211; tai gra\u017ei ir \u012fsimintina dovana, kuri primins Jus dovanos gav\u0117jui kaskart, kai jis d\u0117v\u0117s dovan\u0173 gaut\u0105 gra\u017e\u0173 papuo\u0161al\u0105<\/p>\n<p>Papuo\u0161alas i\u0161 karto yra sand\u0117lyje ir gali b\u016bti pristatytas \u012f siunt\u0173 automat\u0105 vos per kelias dienas &#8211; u\u017esakymai, pateikti darbo dien\u0105 prie\u0161 termin\u0105, bus i\u0161si\u0173sti t\u0105 pa\u010di\u0105 dien\u0105, o siuntinys paprastai bus siunt\u0173 automate kit\u0105 dien\u0105.<\/p>\n<p>Taline papuo\u0161alus taip pat galima atsiimti m\u016bs\u0173 sand\u0117lyje adresu Kanarbiku tee 15\/3, J\u00e4rvek\u00fcla- darbo dienomis nuo 12.00 iki 17.00 val.<\/p>\n<p>&nbsp;<\/p>\n","protected":false},"excerpt":{"rendered":"<p>&nbsp; Rank\u0173 darbo medin\u0117 seg\u0117 &#8211; tai gra\u017ei dovana sau ar savo artimiesiems ypatingesne proga &#8211; gimtadienio, i\u0161leistuvi\u0173 ar Kal\u0117d\u0173 proga. Bro\u0161i\u016bra supakuota \u012f gra\u017ei\u0105 rud\u0105 d\u0117\u017eut\u0119, atidarom\u0105 degtuk\u0173 d\u0117\u017eut\u0117s sistema, kurios vir\u0161uje yra u\u017era\u0161as Jums &#8211; tai gra\u017ei ir \u012fsimintina dovana, kuri primins Jus dovanos gav\u0117jui kaskart, kai jis d\u0117v\u0117s dovan\u0173 gaut\u0105 gra\u017e\u0173 papuo\u0161al\u0105 [&hellip;]<\/p>\n","protected":false},"featured_media":268862,"comment_status":"open","ping_status":"closed","template":"","meta":{"_acf_changed":false},"product_brand":[],"product_cat":[364],"product_tag":[],"class_list":{"0":"post-268861","1":"product","2":"type-product","3":"status-publish","4":"has-post-thumbnail","6":"product_cat-dovanos","7":"product_shipping_class-tarneaeg-1-4-paeva","9":"first","10":"instock","11":"taxable","12":"shipping-taxable","13":"purchasable","14":"product-type-variable","15":"has-default-attributes","16":"add-to-wishlist-after_add_to_cart"},"acf":[],"_links":{"self":[{"href":"https:\/\/tellimused.stiilne.ee\/lt\/wp-json\/wp\/v2\/product\/268861","targetHints":{"allow":["GET"]}}],"collection":[{"href":"https:\/\/tellimused.stiilne.ee\/lt\/wp-json\/wp\/v2\/product"}],"about":[{"href":"https:\/\/tellimused.stiilne.ee\/lt\/wp-json\/wp\/v2\/types\/product"}],"replies":[{"embeddable":true,"href":"https:\/\/tellimused.stiilne.ee\/lt\/wp-json\/wp\/v2\/comments?post=268861"}],"wp:featuredmedia":[{"embeddable":true,"href":"https:\/\/tellimused.stiilne.ee\/lt\/wp-json\/wp\/v2\/media\/268862"}],"wp:attachment":[{"href":"https:\/\/tellimused.stiilne.ee\/lt\/wp-json\/wp\/v2\/media?parent=268861"}],"wp:term":[{"taxonomy":"product_brand","embeddable":true,"href":"https:\/\/tellimused.stiilne.ee\/lt\/wp-json\/wp\/v2\/product_brand?post=268861"},{"taxonomy":"product_cat","embeddable":true,"href":"https:\/\/tellimused.stiilne.ee\/lt\/wp-json\/wp\/v2\/product_cat?post=268861"},{"taxonomy":"product_tag","embeddable":true,"href":"https:\/\/tellimused.stiilne.ee\/lt\/wp-json\/wp\/v2\/product_tag?post=268861"}],"curies":[{"name":"wp","href":"https:\/\/api.w.org\/{rel}","templated":true}]}}