{"id":268873,"date":"2026-03-12T10:21:01","date_gmt":"2026-03-12T08:21:01","guid":{"rendered":"https:\/\/tellimused.stiilne.ee\/toode\/kasitoona-puidust-valmistatud-korvarongad-linnud-kollane-kohe-laos-kiire-tarne\/"},"modified":"2026-04-07T11:10:06","modified_gmt":"2026-04-07T08:10:06","slug":"ranku-darbo-mediniai-auskarai-pauksciai-geltoni-book-online-uzsisakyti-dabar","status":"publish","type":"product","link":"https:\/\/tellimused.stiilne.ee\/lt\/produktas\/ranku-darbo-mediniai-auskarai-pauksciai-geltoni-book-online-uzsisakyti-dabar\/","title":{"rendered":"Rank\u0173 darbo mediniai auskarai Pauk\u0161\u010diai geltoni-BOOK-ONLINE-u\u017esisakyti DABAR"},"content":{"rendered":"<p>Rank\u0173 darbo mediniai auskarai &#8211; tai gra\u017ei dovana sau ar savo artimiesiems \u0161venti\u0161kesne proga &#8211; gimtadienio, i\u0161leistuvi\u0173 ar Kal\u0117d\u0173 proga.<\/p>\n<p>Auskarai supakuoti \u012f gra\u017ei\u0105 rud\u0105 d\u0117\u017eut\u0119, kuri atsidaro degtuk\u0173 d\u0117\u017eut\u0117s principu, o ant jos vir\u0161aus u\u017era\u0161yta &#8222;Jums&#8221; &#8211; tai gra\u017ei ir \u012fsimintina dovana, kuri primins apie Jus kiekvien\u0105 kart\u0105, kai tik gav\u0117jas d\u0117v\u0117s dovan\u0173 gautus gra\u017eius papuo\u0161alus.<\/p>\n<p>Auskar\u0173 nugar\u0117l\u0117s pagamintos i\u0161 nikelio neturin\u010dio metalo, kuris tinka ir alergi\u0161kiems \u017emon\u0117ms.<\/p>\n<p>&nbsp;<\/p>\n<p>Juvelyriniai dirbiniai sand\u0117lyje ir siunt\u0173 ma\u0161inoje atsiduria vos per por\u0105 dien\u0173 &#8211; u\u017esakymai, pateikti darbo dien\u0105 prie\u0161 v\u0117lavim\u0105, i\u0161siun\u010diami t\u0105 pa\u010di\u0105 dien\u0105 ir paprastai siunt\u0173 ma\u0161inoje atsiduria kit\u0105 dien\u0105.<\/p>\n<p>Taline taip pat galite atvykti \u012f m\u016bs\u0173 sand\u0117l\u012f Kanarbiku tee 15\/3, J\u00e4rvek\u00fcla &#8211; darbo dienomis nuo 12.00 iki 17.00 val.<\/p>\n<p>&nbsp;<\/p>\n","protected":false},"excerpt":{"rendered":"<p>Rank\u0173 darbo mediniai auskarai &#8211; tai gra\u017ei dovana sau ar savo artimiesiems \u0161venti\u0161kesne proga &#8211; gimtadienio, i\u0161leistuvi\u0173 ar Kal\u0117d\u0173 proga. Auskarai supakuoti \u012f gra\u017ei\u0105 rud\u0105 d\u0117\u017eut\u0119, kuri atsidaro degtuk\u0173 d\u0117\u017eut\u0117s principu, o ant jos vir\u0161aus u\u017era\u0161yta &#8222;Jums&#8221; &#8211; tai gra\u017ei ir \u012fsimintina dovana, kuri primins apie Jus kiekvien\u0105 kart\u0105, kai tik gav\u0117jas d\u0117v\u0117s dovan\u0173 gautus [&hellip;]<\/p>\n","protected":false},"featured_media":268874,"comment_status":"open","ping_status":"closed","template":"","meta":{"_acf_changed":false},"product_brand":[],"product_cat":[364],"product_tag":[],"class_list":{"0":"post-268873","1":"product","2":"type-product","3":"status-publish","4":"has-post-thumbnail","6":"product_cat-dovanos","7":"product_shipping_class-tarneaeg-1-4-paeva","9":"first","10":"instock","11":"taxable","12":"shipping-taxable","13":"purchasable","14":"product-type-variable","15":"has-default-attributes","16":"add-to-wishlist-after_add_to_cart"},"acf":[],"_links":{"self":[{"href":"https:\/\/tellimused.stiilne.ee\/lt\/wp-json\/wp\/v2\/product\/268873","targetHints":{"allow":["GET"]}}],"collection":[{"href":"https:\/\/tellimused.stiilne.ee\/lt\/wp-json\/wp\/v2\/product"}],"about":[{"href":"https:\/\/tellimused.stiilne.ee\/lt\/wp-json\/wp\/v2\/types\/product"}],"replies":[{"embeddable":true,"href":"https:\/\/tellimused.stiilne.ee\/lt\/wp-json\/wp\/v2\/comments?post=268873"}],"wp:featuredmedia":[{"embeddable":true,"href":"https:\/\/tellimused.stiilne.ee\/lt\/wp-json\/wp\/v2\/media\/268874"}],"wp:attachment":[{"href":"https:\/\/tellimused.stiilne.ee\/lt\/wp-json\/wp\/v2\/media?parent=268873"}],"wp:term":[{"taxonomy":"product_brand","embeddable":true,"href":"https:\/\/tellimused.stiilne.ee\/lt\/wp-json\/wp\/v2\/product_brand?post=268873"},{"taxonomy":"product_cat","embeddable":true,"href":"https:\/\/tellimused.stiilne.ee\/lt\/wp-json\/wp\/v2\/product_cat?post=268873"},{"taxonomy":"product_tag","embeddable":true,"href":"https:\/\/tellimused.stiilne.ee\/lt\/wp-json\/wp\/v2\/product_tag?post=268873"}],"curies":[{"name":"wp","href":"https:\/\/api.w.org\/{rel}","templated":true}]}}