{"id":268890,"date":"2026-03-12T10:20:14","date_gmt":"2026-03-12T08:20:14","guid":{"rendered":"https:\/\/tellimused.stiilne.ee\/toode\/javer-slip-on-tennised-hallid-kohe-laos-kiire-tarne\/"},"modified":"2026-04-07T11:10:06","modified_gmt":"2026-04-07T08:10:06","slug":"javer-slip-on-sportiniai-bateliai-pilkos-spalvos-kur-jums-to-reikia-naujas-pasiulymas","status":"publish","type":"product","link":"https:\/\/tellimused.stiilne.ee\/lt\/produktas\/javer-slip-on-sportiniai-bateliai-pilkos-spalvos-kur-jums-to-reikia-naujas-pasiulymas\/","title":{"rendered":"&#8222;Javer slip on&#8221; sportiniai bateliai pilkos spalvos &#8211; KUR JUMS TO REIKIA &#8211; NAUJAS PASI\u016aLYMAS"},"content":{"rendered":"<p>&nbsp;<\/p>\n<p>Patog\u016bs &#8222;Javer&#8221; \u012fsispiriami teniso bateliai d\u0117l savo patogumo, lengvumo ir geros kainos jau daugel\u012f met\u0173 yra m\u0117gstami est\u0173.<\/p>\n<p><strong>Javer tenisas Javer teniso charakteristikos<\/strong><\/p>\n<ul>\n<li>Medvilninis audinys viduje ir i\u0161or\u0117je<\/li>\n<li>Mink\u0161tas ir lankstus guminis padas<\/li>\n<li>D\u017ei\u016bgauti \u0161viesa<\/li>\n<li>Galima skalbti skalbimo ma\u0161inoje<\/li>\n<li>Unisex modelis &#8211; tinka ir moterims, ir vyrams<\/li>\n<li>Odai draugi\u0161kas kv\u0117puojantis audinys &#8211; kojos neprakaituos taip lengvai, kaip naudojant sintetin\u0119 med\u017eiag\u0105.<\/li>\n<li>Lengva derinti su keln\u0117mis ar suknel\u0117mis<\/li>\n<li>Geri persirengimo batai mokyklai ir darbui<\/li>\n<li>Pagaminta Ispanijoje<\/li>\n<\/ul>\n<p>D\u0116MESIO<strong>!JAVER<\/strong> slip on teniso batelius REKOMENDUOJAME RINKTI T\u0104 TENISO bateli\u0173 dyd\u012f, kur\u012f labiausiai ne\u0161iojate &#8211; numeriai puikiai tilps \u012f \u012fprastus dyd\u017eius.<\/p>\n<p>Jei j\u016bs\u0173 p\u0117da platesn\u0117, rekomenduojame rinktis didesnio dyd\u017eio batus nei nurodyta.<\/p>\n<p>&nbsp;<\/p>\n<p>&#8222;Javer&#8217;s slip on&#8221; teniso bateliai yra i\u0161 karto sand\u0117lyje ir greitai pristatomi &#8211; siuntinys pristatomas per por\u0105 dien\u0173.<\/p>\n<p>&nbsp;<\/p>\n<p>&nbsp;<\/p>\n","protected":false},"excerpt":{"rendered":"<p>&nbsp; Patog\u016bs &#8222;Javer&#8221; \u012fsispiriami teniso bateliai d\u0117l savo patogumo, lengvumo ir geros kainos jau daugel\u012f met\u0173 yra m\u0117gstami est\u0173. Javer tenisas Javer teniso charakteristikos Medvilninis audinys viduje ir i\u0161or\u0117je Mink\u0161tas ir lankstus guminis padas D\u017ei\u016bgauti \u0161viesa Galima skalbti skalbimo ma\u0161inoje Unisex modelis &#8211; tinka ir moterims, ir vyrams Odai draugi\u0161kas kv\u0117puojantis audinys &#8211; kojos neprakaituos [&hellip;]<\/p>\n","protected":false},"featured_media":268891,"comment_status":"open","ping_status":"closed","template":"","meta":{"_acf_changed":false},"product_brand":[],"product_cat":[357,380],"product_tag":[],"class_list":{"0":"post-268890","1":"product","2":"type-product","3":"status-publish","4":"has-post-thumbnail","6":"product_cat-laisvalaikio-avalyne","7":"product_cat-moteriski-batai","8":"product_shipping_class-tarneaeg-1-4-paeva","10":"first","11":"instock","12":"taxable","13":"shipping-taxable","14":"purchasable","15":"product-type-variable","16":"has-default-attributes","17":"add-to-wishlist-after_add_to_cart"},"acf":[],"_links":{"self":[{"href":"https:\/\/tellimused.stiilne.ee\/lt\/wp-json\/wp\/v2\/product\/268890","targetHints":{"allow":["GET"]}}],"collection":[{"href":"https:\/\/tellimused.stiilne.ee\/lt\/wp-json\/wp\/v2\/product"}],"about":[{"href":"https:\/\/tellimused.stiilne.ee\/lt\/wp-json\/wp\/v2\/types\/product"}],"replies":[{"embeddable":true,"href":"https:\/\/tellimused.stiilne.ee\/lt\/wp-json\/wp\/v2\/comments?post=268890"}],"wp:featuredmedia":[{"embeddable":true,"href":"https:\/\/tellimused.stiilne.ee\/lt\/wp-json\/wp\/v2\/media\/268891"}],"wp:attachment":[{"href":"https:\/\/tellimused.stiilne.ee\/lt\/wp-json\/wp\/v2\/media?parent=268890"}],"wp:term":[{"taxonomy":"product_brand","embeddable":true,"href":"https:\/\/tellimused.stiilne.ee\/lt\/wp-json\/wp\/v2\/product_brand?post=268890"},{"taxonomy":"product_cat","embeddable":true,"href":"https:\/\/tellimused.stiilne.ee\/lt\/wp-json\/wp\/v2\/product_cat?post=268890"},{"taxonomy":"product_tag","embeddable":true,"href":"https:\/\/tellimused.stiilne.ee\/lt\/wp-json\/wp\/v2\/product_tag?post=268890"}],"curies":[{"name":"wp","href":"https:\/\/api.w.org\/{rel}","templated":true}]}}