{"id":268917,"date":"2026-03-12T10:20:13","date_gmt":"2026-03-12T08:20:13","guid":{"rendered":"https:\/\/tellimused.stiilne.ee\/toode\/komplekt-noorukile-3-paari-jalatseid-suuruses-36-kohe-laos-super-hind\/"},"modified":"2026-04-07T11:10:10","modified_gmt":"2026-04-07T08:10:10","slug":"3-poru-batu-komplektas-36-dydzio-paaugliui-dabar-nauja-super-kaina","status":"publish","type":"product","link":"https:\/\/tellimused.stiilne.ee\/lt\/produktas\/3-poru-batu-komplektas-36-dydzio-paaugliui-dabar-nauja-super-kaina\/","title":{"rendered":"3 por\u0173 bat\u0173 komplektas 36 dyd\u017eio paaugliui &#8211; DABAR NAUJA &#8211; SUPER KAINA"},"content":{"rendered":"<p>Rinkin\u012f sudaro 3 poros 36 dyd\u017eio bat\u0173<\/p>\n<p>Juodos spalvos balerinos su ma\u017eu u\u017eri\u0161imu vir\u0161uje<\/p>\n<p>Auksiniai med\u017eiaginiai teniso bateliai vasarai<\/p>\n<p>Auksiniai dirbtin\u0117s odos sportba\u010diai storu padu ir u\u017esegami<\/p>\n<p>Produktai yra sand\u0117lyje ir pristatomi greitai &#8211; per kelias dienas.<\/p>\n","protected":false},"excerpt":{"rendered":"<p>Rinkin\u012f sudaro 3 poros 36 dyd\u017eio bat\u0173 Juodos spalvos balerinos su ma\u017eu u\u017eri\u0161imu vir\u0161uje Auksiniai med\u017eiaginiai teniso bateliai vasarai Auksiniai dirbtin\u0117s odos sportba\u010diai storu padu ir u\u017esegami Produktai yra sand\u0117lyje ir pristatomi greitai &#8211; per kelias dienas.<\/p>\n","protected":false},"featured_media":268918,"comment_status":"open","ping_status":"closed","template":"","meta":{"_acf_changed":false},"product_brand":[],"product_cat":[302],"product_tag":[],"class_list":{"0":"post-268917","1":"product","2":"type-product","3":"status-publish","4":"has-post-thumbnail","6":"product_cat-uncategorized","7":"product_shipping_class-tarneaeg-1-4-paeva","9":"first","10":"instock","11":"taxable","12":"shipping-taxable","13":"purchasable","14":"product-type-variable","15":"has-default-attributes","16":"add-to-wishlist-after_add_to_cart"},"acf":[],"_links":{"self":[{"href":"https:\/\/tellimused.stiilne.ee\/lt\/wp-json\/wp\/v2\/product\/268917","targetHints":{"allow":["GET"]}}],"collection":[{"href":"https:\/\/tellimused.stiilne.ee\/lt\/wp-json\/wp\/v2\/product"}],"about":[{"href":"https:\/\/tellimused.stiilne.ee\/lt\/wp-json\/wp\/v2\/types\/product"}],"replies":[{"embeddable":true,"href":"https:\/\/tellimused.stiilne.ee\/lt\/wp-json\/wp\/v2\/comments?post=268917"}],"wp:featuredmedia":[{"embeddable":true,"href":"https:\/\/tellimused.stiilne.ee\/lt\/wp-json\/wp\/v2\/media\/268918"}],"wp:attachment":[{"href":"https:\/\/tellimused.stiilne.ee\/lt\/wp-json\/wp\/v2\/media?parent=268917"}],"wp:term":[{"taxonomy":"product_brand","embeddable":true,"href":"https:\/\/tellimused.stiilne.ee\/lt\/wp-json\/wp\/v2\/product_brand?post=268917"},{"taxonomy":"product_cat","embeddable":true,"href":"https:\/\/tellimused.stiilne.ee\/lt\/wp-json\/wp\/v2\/product_cat?post=268917"},{"taxonomy":"product_tag","embeddable":true,"href":"https:\/\/tellimused.stiilne.ee\/lt\/wp-json\/wp\/v2\/product_tag?post=268917"}],"curies":[{"name":"wp","href":"https:\/\/api.w.org\/{rel}","templated":true}]}}