{"id":268920,"date":"2026-03-12T10:20:13","date_gmt":"2026-03-12T08:20:13","guid":{"rendered":"https:\/\/tellimused.stiilne.ee\/toode\/javer-slip-on-tennised-helesinised-kohe-laos-viimane-suurus-36-super-hind\/"},"modified":"2026-04-07T11:10:07","modified_gmt":"2026-04-07T08:10:07","slug":"javer-sportbaciai-sviesiai-melynos-spalvos-naujas-sandelyje-sezonas-sezonas-36-dydis-super-kaina","status":"publish","type":"product","link":"https:\/\/tellimused.stiilne.ee\/lt\/produktas\/javer-sportbaciai-sviesiai-melynos-spalvos-naujas-sandelyje-sezonas-sezonas-36-dydis-super-kaina\/","title":{"rendered":"Javer sportba\u010diai \u0161viesiai m\u0117lynos spalvos &#8211; NAUJAS sand\u0117lyje SEZONAS SEZONAS 36 dydis &#8211; SUPER KAINA"},"content":{"rendered":"<p>&nbsp;<\/p>\n<p>Patog\u016bs &#8222;Javer&#8221; unisex avimi sportiniai bateliai d\u0117l savo patogumo, lengvumo ir geros kainos jau daugel\u012f met\u0173 m\u0117gstami est\u0173<\/p>\n<p>&#8222;Javer&#8221; avimi bateliai lengvai priderinami tiek prie kelni\u0173, tiek prie vasarini\u0173 sukneli\u0173<\/p>\n<p>&#8222;Javer&#8221; avimi bateliai \u0161iuo metu yra sand\u0117lyje ir greitai pristatomi &#8211; automate per kelias dienas.<\/p>\n<p>&nbsp;<\/p>\n<p>&nbsp;<\/p>\n","protected":false},"excerpt":{"rendered":"<p>&nbsp; Patog\u016bs &#8222;Javer&#8221; unisex avimi sportiniai bateliai d\u0117l savo patogumo, lengvumo ir geros kainos jau daugel\u012f met\u0173 m\u0117gstami est\u0173 &#8222;Javer&#8221; avimi bateliai lengvai priderinami tiek prie kelni\u0173, tiek prie vasarini\u0173 sukneli\u0173 &#8222;Javer&#8221; avimi bateliai \u0161iuo metu yra sand\u0117lyje ir greitai pristatomi &#8211; automate per kelias dienas. &nbsp; &nbsp;<\/p>\n","protected":false},"featured_media":268921,"comment_status":"open","ping_status":"closed","template":"","meta":{"_acf_changed":false},"product_brand":[],"product_cat":[357,380],"product_tag":[],"class_list":{"0":"post-268920","1":"product","2":"type-product","3":"status-publish","4":"has-post-thumbnail","6":"product_cat-laisvalaikio-avalyne","7":"product_cat-moteriski-batai","8":"product_shipping_class-tarneaeg-1-4-paeva","10":"first","11":"instock","12":"sale","13":"taxable","14":"shipping-taxable","15":"purchasable","16":"product-type-variable","17":"has-default-attributes","18":"add-to-wishlist-after_add_to_cart"},"acf":[],"_links":{"self":[{"href":"https:\/\/tellimused.stiilne.ee\/lt\/wp-json\/wp\/v2\/product\/268920","targetHints":{"allow":["GET"]}}],"collection":[{"href":"https:\/\/tellimused.stiilne.ee\/lt\/wp-json\/wp\/v2\/product"}],"about":[{"href":"https:\/\/tellimused.stiilne.ee\/lt\/wp-json\/wp\/v2\/types\/product"}],"replies":[{"embeddable":true,"href":"https:\/\/tellimused.stiilne.ee\/lt\/wp-json\/wp\/v2\/comments?post=268920"}],"wp:featuredmedia":[{"embeddable":true,"href":"https:\/\/tellimused.stiilne.ee\/lt\/wp-json\/wp\/v2\/media\/268921"}],"wp:attachment":[{"href":"https:\/\/tellimused.stiilne.ee\/lt\/wp-json\/wp\/v2\/media?parent=268920"}],"wp:term":[{"taxonomy":"product_brand","embeddable":true,"href":"https:\/\/tellimused.stiilne.ee\/lt\/wp-json\/wp\/v2\/product_brand?post=268920"},{"taxonomy":"product_cat","embeddable":true,"href":"https:\/\/tellimused.stiilne.ee\/lt\/wp-json\/wp\/v2\/product_cat?post=268920"},{"taxonomy":"product_tag","embeddable":true,"href":"https:\/\/tellimused.stiilne.ee\/lt\/wp-json\/wp\/v2\/product_tag?post=268920"}],"curies":[{"name":"wp","href":"https:\/\/api.w.org\/{rel}","templated":true}]}}