{"id":268928,"date":"2026-03-12T10:19:08","date_gmt":"2026-03-12T08:19:08","guid":{"rendered":"https:\/\/tellimused.stiilne.ee\/toode\/ilus-sinine-kirju-sisevoodriga-poolpikk-naiste-kevad-sugis-jope-suurusele-s36-kohe-laos\/"},"modified":"2026-04-07T11:10:11","modified_gmt":"2026-04-07T08:10:11","slug":"grazus-melynas-pusilgis-moteriskas-pavasario-rudens-svarkas-s36-dydzio-nemokamas","status":"publish","type":"product","link":"https:\/\/tellimused.stiilne.ee\/lt\/produktas\/grazus-melynas-pusilgis-moteriskas-pavasario-rudens-svarkas-s36-dydzio-nemokamas\/","title":{"rendered":"Gra\u017eus m\u0117lynas pusilgis moteri\u0161kas pavasario-rudens \u0161varkas, S(36) dyd\u017eio &#8211; NEMOKAMAS"},"content":{"rendered":"<p>Striuk\u0117s med\u017eiaga 100 % poliesteris<\/p>\n<p>Striuk\u0117s sud\u0117tis lengvas vatinas<\/p>\n<p>Striuk\u0117 dabar yra sand\u0117lyje &#8211; pristatymas po keli\u0173 dien\u0173<\/p>\n<p>U\u017esakymai, pateikti darbo dien\u0105 prie\u0161 v\u0117lavim\u0105, bus i\u0161si\u0173sti t\u0105 pa\u010di\u0105 dien\u0105.<\/p>\n","protected":false},"excerpt":{"rendered":"<p>Striuk\u0117s med\u017eiaga 100 % poliesteris Striuk\u0117s sud\u0117tis lengvas vatinas Striuk\u0117 dabar yra sand\u0117lyje &#8211; pristatymas po keli\u0173 dien\u0173 U\u017esakymai, pateikti darbo dien\u0105 prie\u0161 v\u0117lavim\u0105, bus i\u0161si\u0173sti t\u0105 pa\u010di\u0105 dien\u0105.<\/p>\n","protected":false},"featured_media":268929,"comment_status":"open","ping_status":"closed","template":"","meta":{"_acf_changed":false},"product_brand":[],"product_cat":[302],"product_tag":[],"class_list":{"0":"post-268928","1":"product","2":"type-product","3":"status-publish","4":"has-post-thumbnail","6":"product_cat-uncategorized","8":"first","9":"instock","10":"taxable","11":"shipping-taxable","12":"purchasable","13":"product-type-variable","14":"has-default-attributes","15":"add-to-wishlist-after_add_to_cart"},"acf":[],"_links":{"self":[{"href":"https:\/\/tellimused.stiilne.ee\/lt\/wp-json\/wp\/v2\/product\/268928","targetHints":{"allow":["GET"]}}],"collection":[{"href":"https:\/\/tellimused.stiilne.ee\/lt\/wp-json\/wp\/v2\/product"}],"about":[{"href":"https:\/\/tellimused.stiilne.ee\/lt\/wp-json\/wp\/v2\/types\/product"}],"replies":[{"embeddable":true,"href":"https:\/\/tellimused.stiilne.ee\/lt\/wp-json\/wp\/v2\/comments?post=268928"}],"wp:featuredmedia":[{"embeddable":true,"href":"https:\/\/tellimused.stiilne.ee\/lt\/wp-json\/wp\/v2\/media\/268929"}],"wp:attachment":[{"href":"https:\/\/tellimused.stiilne.ee\/lt\/wp-json\/wp\/v2\/media?parent=268928"}],"wp:term":[{"taxonomy":"product_brand","embeddable":true,"href":"https:\/\/tellimused.stiilne.ee\/lt\/wp-json\/wp\/v2\/product_brand?post=268928"},{"taxonomy":"product_cat","embeddable":true,"href":"https:\/\/tellimused.stiilne.ee\/lt\/wp-json\/wp\/v2\/product_cat?post=268928"},{"taxonomy":"product_tag","embeddable":true,"href":"https:\/\/tellimused.stiilne.ee\/lt\/wp-json\/wp\/v2\/product_tag?post=268928"}],"curies":[{"name":"wp","href":"https:\/\/api.w.org\/{rel}","templated":true}]}}