{"id":268931,"date":"2026-03-12T10:19:08","date_gmt":"2026-03-12T08:19:08","guid":{"rendered":"https:\/\/tellimused.stiilne.ee\/toode\/javer-mustad-pruuni-tallaga-slip-on-tennised-kohe-laos-head-vahetusjalatsid-kooli-ja-toole\/"},"modified":"2026-04-07T11:10:10","modified_gmt":"2026-04-07T08:10:10","slug":"javer-juodi-suvarstomi-teniso-bateliai-su-rudu-padu-naudoti-skaitykloje-ir-darbe","status":"publish","type":"product","link":"https:\/\/tellimused.stiilne.ee\/lt\/produktas\/javer-juodi-suvarstomi-teniso-bateliai-su-rudu-padu-naudoti-skaitykloje-ir-darbe\/","title":{"rendered":"&#8222;Javer&#8221; juodi suvarstomi teniso bateliai su rudu padu &#8211; NAUDOTI SKAITYKloje ir darbe"},"content":{"rendered":"<p>Patog\u016bs &#8222;Javer&#8221; moteri\u0161ki \u012fsispiriami teniso bateliai d\u0117l savo patogumo, lengvumo ir geros kainos jau daugel\u012f met\u0173 yra m\u0117gstami est\u0173.<\/p>\n<p>&#8222;Javer&#8221; sportba\u010dius lengva derinti su keln\u0117mis ir vasarin\u0117mis suknel\u0117mis, tod\u0117l &#8222;Javer&#8221; sportba\u010diai yra prakti\u0161kas pasirinkimas visam pavasario-vasaros sezonui.<\/p>\n<p><strong>Javer tenisas Javer teniso charakteristikos<\/strong><\/p>\n<ul>\n<li>Medvilninis audinys viduje ir i\u0161or\u0117je<\/li>\n<li>Mink\u0161tas ir lankstus guminis padas<\/li>\n<li>D\u017ei\u016bgauti \u0161viesa<\/li>\n<li>Galima skalbti skalbimo ma\u0161inoje<\/li>\n<li>Unisex modelis &#8211; tinka ir moterims, ir vyrams<\/li>\n<li>Odai draugi\u0161kas kv\u0117puojantis audinys &#8211; kojos neprakaituos taip lengvai, kaip naudojant sintetin\u0119 med\u017eiag\u0105.<\/li>\n<li>Tautini\u0173 \u0161oki\u0173 \u0161ok\u0117j\u0173 favoritai<\/li>\n<li>Lengva derinti su keln\u0117mis ar suknel\u0117mis<\/li>\n<li>Geri persirengimo batai mokyklai ir darbui<\/li>\n<li>Pagaminta Ispanijoje<\/li>\n<\/ul>\n<p>&nbsp;<\/p>\n<p>D\u0116MESIO<strong>!JAVER<\/strong> suvarstomus teniso batelius REKOMENDUOJAME RINKTI T\u0104 Dyd\u012f, KUR\u012e DAUGIAUSIAI M\u0116GSTATE D\u0116V\u0116TI TENISO BATELIUOSE &#8211; NUMERIAI TINKAMAI DER\u0116S J\u016aS\u0172 NORMALIAM Dyd\u017eiui.Jei j\u016bs\u0173 p\u0117da platesn\u0117, rekomenduojame rinktis didesn\u012f dyd\u012f.<\/p>\n<p>&nbsp;<\/p>\n<p>&#8222;Javers&#8221; yra i\u0161 karto sand\u0117lyje ir greitai pristatomi &#8211; siuntinys pristatomas per kelias dienas.<\/p>\n<p>PASTABA: JEI J\u016aS\u0172 DID\u017dIOJIMAS N\u0116RA NUMERUOTAS, PRA\u0160OME PASIRA\u0160YTI MUMS el. pa\u0161tu info@stiilne.ee arba paskambinti tel. 51 45 245 ir prane\u0161ti, kokio dyd\u017eio JAVERIO J\u016aS NORITE &#8211; VISADA TURIME GALIMYB\u0118 U\u017dSAKYTI VISUS JAVERIO DID\u017dIOJIMUS IR J\u0172 SPALVAS.<\/p>\n<p>Jei neradote ie\u0161komo dyd\u017eio &#8222;Javer&#8221; juodos spalvos rudu padu teniso bateli\u0173, dyd\u017eius taip pat galite per\u017ei\u016br\u0117ti &#8222;Javer&#8221; juodos spalvos juodos spalvos padu teniso bateli\u0173 skyriuje \u010dia <a href=\"https:\/\/www.stiilne.ee\/toode\/javer-tennised-mustad-musta-tallaga-kohe-laos\/\">https:\/\/www.stiilne.ee\/toode\/javer-tennised-mustad-musta-tallaga-kohe-laos\/<\/a>.<\/p>\n","protected":false},"excerpt":{"rendered":"<p>Patog\u016bs &#8222;Javer&#8221; moteri\u0161ki \u012fsispiriami teniso bateliai d\u0117l savo patogumo, lengvumo ir geros kainos jau daugel\u012f met\u0173 yra m\u0117gstami est\u0173. &#8222;Javer&#8221; sportba\u010dius lengva derinti su keln\u0117mis ir vasarin\u0117mis suknel\u0117mis, tod\u0117l &#8222;Javer&#8221; sportba\u010diai yra prakti\u0161kas pasirinkimas visam pavasario-vasaros sezonui. Javer tenisas Javer teniso charakteristikos Medvilninis audinys viduje ir i\u0161or\u0117je Mink\u0161tas ir lankstus guminis padas D\u017ei\u016bgauti \u0161viesa Galima [&hellip;]<\/p>\n","protected":false},"featured_media":268932,"comment_status":"open","ping_status":"closed","template":"","meta":{"_acf_changed":false},"product_brand":[],"product_cat":[357,380],"product_tag":[],"class_list":{"0":"post-268931","1":"product","2":"type-product","3":"status-publish","4":"has-post-thumbnail","6":"product_cat-laisvalaikio-avalyne","7":"product_cat-moteriski-batai","8":"product_shipping_class-tarneaeg-1-4-paeva","10":"first","11":"instock","12":"taxable","13":"shipping-taxable","14":"purchasable","15":"product-type-variable","16":"has-default-attributes","17":"add-to-wishlist-after_add_to_cart"},"acf":[],"_links":{"self":[{"href":"https:\/\/tellimused.stiilne.ee\/lt\/wp-json\/wp\/v2\/product\/268931","targetHints":{"allow":["GET"]}}],"collection":[{"href":"https:\/\/tellimused.stiilne.ee\/lt\/wp-json\/wp\/v2\/product"}],"about":[{"href":"https:\/\/tellimused.stiilne.ee\/lt\/wp-json\/wp\/v2\/types\/product"}],"replies":[{"embeddable":true,"href":"https:\/\/tellimused.stiilne.ee\/lt\/wp-json\/wp\/v2\/comments?post=268931"}],"wp:featuredmedia":[{"embeddable":true,"href":"https:\/\/tellimused.stiilne.ee\/lt\/wp-json\/wp\/v2\/media\/268932"}],"wp:attachment":[{"href":"https:\/\/tellimused.stiilne.ee\/lt\/wp-json\/wp\/v2\/media?parent=268931"}],"wp:term":[{"taxonomy":"product_brand","embeddable":true,"href":"https:\/\/tellimused.stiilne.ee\/lt\/wp-json\/wp\/v2\/product_brand?post=268931"},{"taxonomy":"product_cat","embeddable":true,"href":"https:\/\/tellimused.stiilne.ee\/lt\/wp-json\/wp\/v2\/product_cat?post=268931"},{"taxonomy":"product_tag","embeddable":true,"href":"https:\/\/tellimused.stiilne.ee\/lt\/wp-json\/wp\/v2\/product_tag?post=268931"}],"curies":[{"name":"wp","href":"https:\/\/api.w.org\/{rel}","templated":true}]}}