{"id":268940,"date":"2026-03-12T10:19:08","date_gmt":"2026-03-12T08:19:08","guid":{"rendered":"https:\/\/tellimused.stiilne.ee\/toode\/javer-slip-on-tennised-tumesinised-kohe-laos-kiire-tarne-head-vahetusjalatsid-kooli-voi-toole\/"},"modified":"2026-04-07T11:10:10","modified_gmt":"2026-04-07T08:10:10","slug":"javer-sportiniai-teniso-bateliai-tamsiai-melynos-spalvos-naujai-islaikyti-sklaidyklese-skolos-ir-darbo-batai","status":"publish","type":"product","link":"https:\/\/tellimused.stiilne.ee\/lt\/produktas\/javer-sportiniai-teniso-bateliai-tamsiai-melynos-spalvos-naujai-islaikyti-sklaidyklese-skolos-ir-darbo-batai\/","title":{"rendered":"&#8222;Javer&#8221; sportiniai teniso bateliai tamsiai m\u0117lynos spalvos &#8211; NAUJAI I\u0160LAIKYTI SKLAIDYKL\u0116SE &#8211; SKOLOS IR DARBO BATAI"},"content":{"rendered":"<p>&nbsp;<\/p>\n<p>Patog\u016bs &#8222;Javer&#8221; \u012fsispiriami teniso bateliai d\u0117l savo patogumo, lengvumo ir geros kainos jau daugel\u012f met\u0173 yra m\u0117gstami est\u0173.<\/p>\n<p><strong>Javer tenisas Javer teniso charakteristikos<\/strong><\/p>\n<ul>\n<li>Medvilninis audinys viduje ir i\u0161or\u0117je<\/li>\n<li>Mink\u0161tas ir lankstus guminis padas<\/li>\n<li>D\u017ei\u016bgauti \u0161viesa<\/li>\n<li>Galima skalbti skalbimo ma\u0161inoje<\/li>\n<li>Unisex modelis &#8211; tinka ir moterims, ir vyrams<\/li>\n<li>Odai draugi\u0161kas kv\u0117puojantis audinys &#8211; kojos neprakaituos taip lengvai, kaip naudojant sintetin\u0119 med\u017eiag\u0105.<\/li>\n<li>Tautini\u0173 \u0161oki\u0173 \u0161ok\u0117j\u0173 favoritai<\/li>\n<li>Lengva derinti su keln\u0117mis ar suknel\u0117mis<\/li>\n<li>Geri persirengimo batai mokyklai ir darbui<\/li>\n<li>Pagaminta Ispanijoje<\/li>\n<\/ul>\n<p>D\u0116MESIO<strong>!JAVER<\/strong> suvarstomus teniso batelius REKOMENDUOJAME RINKTI T\u0104 Dyd\u012f, KUR\u012e DAUGIAUSIAI M\u0116GSTATE D\u0116V\u0116TI TENISO BATELIUOSE &#8211; NUMERIAI TINKAMAI DER\u0116S J\u016aS\u0172 NORMALIAM Dyd\u017eiui.Jei j\u016bs\u0173 p\u0117da platesn\u0117, rekomenduojame rinktis didesn\u012f dyd\u012f.<\/p>\n<p>&nbsp;<\/p>\n<p>&#8222;Javer&#8217;s slip on&#8221; teniso bateliai yra i\u0161 karto sand\u0117lyje ir greitai pristatomi &#8211; siuntinys pristatomas per por\u0105 dien\u0173.<\/p>\n<p>&#8222;Javer&#8221; u\u017esakymai, pateikti darbo dien\u0105 prie\u0161 nuorod\u0105, bus i\u0161si\u0173sti t\u0105 pa\u010di\u0105 dien\u0105.<\/p>\n<p>&nbsp;<\/p>\n","protected":false},"excerpt":{"rendered":"<p>&nbsp; Patog\u016bs &#8222;Javer&#8221; \u012fsispiriami teniso bateliai d\u0117l savo patogumo, lengvumo ir geros kainos jau daugel\u012f met\u0173 yra m\u0117gstami est\u0173. Javer tenisas Javer teniso charakteristikos Medvilninis audinys viduje ir i\u0161or\u0117je Mink\u0161tas ir lankstus guminis padas D\u017ei\u016bgauti \u0161viesa Galima skalbti skalbimo ma\u0161inoje Unisex modelis &#8211; tinka ir moterims, ir vyrams Odai draugi\u0161kas kv\u0117puojantis audinys &#8211; kojos neprakaituos [&hellip;]<\/p>\n","protected":false},"featured_media":268941,"comment_status":"open","ping_status":"closed","template":"","meta":{"_acf_changed":false},"product_brand":[],"product_cat":[357,380],"product_tag":[],"class_list":{"0":"post-268940","1":"product","2":"type-product","3":"status-publish","4":"has-post-thumbnail","6":"product_cat-laisvalaikio-avalyne","7":"product_cat-moteriski-batai","8":"product_shipping_class-tarneaeg-1-4-paeva","10":"first","11":"instock","12":"taxable","13":"shipping-taxable","14":"purchasable","15":"product-type-variable","16":"has-default-attributes","17":"add-to-wishlist-after_add_to_cart"},"acf":[],"_links":{"self":[{"href":"https:\/\/tellimused.stiilne.ee\/lt\/wp-json\/wp\/v2\/product\/268940","targetHints":{"allow":["GET"]}}],"collection":[{"href":"https:\/\/tellimused.stiilne.ee\/lt\/wp-json\/wp\/v2\/product"}],"about":[{"href":"https:\/\/tellimused.stiilne.ee\/lt\/wp-json\/wp\/v2\/types\/product"}],"replies":[{"embeddable":true,"href":"https:\/\/tellimused.stiilne.ee\/lt\/wp-json\/wp\/v2\/comments?post=268940"}],"wp:featuredmedia":[{"embeddable":true,"href":"https:\/\/tellimused.stiilne.ee\/lt\/wp-json\/wp\/v2\/media\/268941"}],"wp:attachment":[{"href":"https:\/\/tellimused.stiilne.ee\/lt\/wp-json\/wp\/v2\/media?parent=268940"}],"wp:term":[{"taxonomy":"product_brand","embeddable":true,"href":"https:\/\/tellimused.stiilne.ee\/lt\/wp-json\/wp\/v2\/product_brand?post=268940"},{"taxonomy":"product_cat","embeddable":true,"href":"https:\/\/tellimused.stiilne.ee\/lt\/wp-json\/wp\/v2\/product_cat?post=268940"},{"taxonomy":"product_tag","embeddable":true,"href":"https:\/\/tellimused.stiilne.ee\/lt\/wp-json\/wp\/v2\/product_tag?post=268940"}],"curies":[{"name":"wp","href":"https:\/\/api.w.org\/{rel}","templated":true}]}}