{"id":268957,"date":"2026-03-12T10:19:08","date_gmt":"2026-03-12T08:19:08","guid":{"rendered":"https:\/\/tellimused.stiilne.ee\/toode\/3-paari-jalatseid-suuruses-37-kohe-laos-super-hind\/"},"modified":"2026-04-07T11:10:11","modified_gmt":"2026-04-07T08:10:11","slug":"3-poros-37-dydzio-batu-isparduoti-super-kaina","status":"publish","type":"product","link":"https:\/\/tellimused.stiilne.ee\/lt\/produktas\/3-poros-37-dydzio-batu-isparduoti-super-kaina\/","title":{"rendered":"3 poros 37 dyd\u017eio bat\u0173 &#8211; I\u0160PARDUOTI SUPER KAINA"},"content":{"rendered":"<p>Rinkin\u012f sudaro 3 poros 37 dyd\u017eio bat\u0173<\/p>\n<p>Ro\u017ein\u0117s \u0161lepet\u0117s<\/p>\n<p>Ro\u017einiai vasariniai bateliai su perlais<\/p>\n<p>Ro\u017einiai vasariniai bateliai su kulnu<\/p>\n<p>Visos prek\u0117s yra naujos<\/p>\n<p>Batai yra sand\u0117lyje &#8211; pristatymas per kelias dienas<\/p>\n<p>U\u017esakymai, pateikti likus darbo dienai iki termino pabaigos, bus i\u0161si\u0173sti t\u0105 pa\u010di\u0105 dien\u0105.<\/p>\n","protected":false},"excerpt":{"rendered":"<p>Rinkin\u012f sudaro 3 poros 37 dyd\u017eio bat\u0173 Ro\u017ein\u0117s \u0161lepet\u0117s Ro\u017einiai vasariniai bateliai su perlais Ro\u017einiai vasariniai bateliai su kulnu Visos prek\u0117s yra naujos Batai yra sand\u0117lyje &#8211; pristatymas per kelias dienas U\u017esakymai, pateikti likus darbo dienai iki termino pabaigos, bus i\u0161si\u0173sti t\u0105 pa\u010di\u0105 dien\u0105.<\/p>\n","protected":false},"featured_media":268958,"comment_status":"open","ping_status":"closed","template":"","meta":{"_acf_changed":false},"product_brand":[],"product_cat":[302],"product_tag":[],"class_list":{"0":"post-268957","1":"product","2":"type-product","3":"status-publish","4":"has-post-thumbnail","6":"product_cat-uncategorized","7":"product_shipping_class-tarneaeg-1-4-paeva","9":"first","10":"instock","11":"taxable","12":"shipping-taxable","13":"purchasable","14":"product-type-variable","15":"has-default-attributes","16":"add-to-wishlist-after_add_to_cart"},"acf":[],"_links":{"self":[{"href":"https:\/\/tellimused.stiilne.ee\/lt\/wp-json\/wp\/v2\/product\/268957","targetHints":{"allow":["GET"]}}],"collection":[{"href":"https:\/\/tellimused.stiilne.ee\/lt\/wp-json\/wp\/v2\/product"}],"about":[{"href":"https:\/\/tellimused.stiilne.ee\/lt\/wp-json\/wp\/v2\/types\/product"}],"replies":[{"embeddable":true,"href":"https:\/\/tellimused.stiilne.ee\/lt\/wp-json\/wp\/v2\/comments?post=268957"}],"wp:featuredmedia":[{"embeddable":true,"href":"https:\/\/tellimused.stiilne.ee\/lt\/wp-json\/wp\/v2\/media\/268958"}],"wp:attachment":[{"href":"https:\/\/tellimused.stiilne.ee\/lt\/wp-json\/wp\/v2\/media?parent=268957"}],"wp:term":[{"taxonomy":"product_brand","embeddable":true,"href":"https:\/\/tellimused.stiilne.ee\/lt\/wp-json\/wp\/v2\/product_brand?post=268957"},{"taxonomy":"product_cat","embeddable":true,"href":"https:\/\/tellimused.stiilne.ee\/lt\/wp-json\/wp\/v2\/product_cat?post=268957"},{"taxonomy":"product_tag","embeddable":true,"href":"https:\/\/tellimused.stiilne.ee\/lt\/wp-json\/wp\/v2\/product_tag?post=268957"}],"curies":[{"name":"wp","href":"https:\/\/api.w.org\/{rel}","templated":true}]}}