{"id":269008,"date":"2026-03-12T10:18:03","date_gmt":"2026-03-12T08:18:03","guid":{"rendered":"https:\/\/tellimused.stiilne.ee\/toode\/huppa-poiste-kevad-sugis-parka-rolf-100-grammise-soojustusega-kohe-laos-kiire-tarne\/"},"modified":"2026-04-07T11:09:57","modified_gmt":"2026-04-07T08:09:57","slug":"huppa-berniuku-pavasario-rudens-parka-rolf-100-g-apsiltinta-yra-sandelyje-naujiena-pasiulykite-cia","status":"publish","type":"product","link":"https:\/\/tellimused.stiilne.ee\/lt\/produktas\/huppa-berniuku-pavasario-rudens-parka-rolf-100-g-apsiltinta-yra-sandelyje-naujiena-pasiulykite-cia\/","title":{"rendered":"&#8222;Huppa&#8221; berniuk\u0173 pavasario-rudens parka Rolf (100 g ap\u0161iltinta)-Yra sand\u0117lyje &#8211; NAUJIEN\u0104 PASI\u016aLYKITE \u010cIA"},"content":{"rendered":"<p>Berniuk\u0173 100 gr satinu ap\u0161iltinta lietaus ir v\u0117jo nepraleid\u017eianti ilgesn\u0117 pavasario-rudens striuk\u0117.<\/p>\n<p>Striuk\u0117 ilgomis rankov\u0117mis turi jauk\u0173 mink\u0161t\u0105 vilnon\u012f pamu\u0161al\u0105 ant k\u016bno ir taftos pamu\u0161al\u0105 ant rankovi\u0173, kad u\u017esid\u0117jus striuk\u0119 b\u016bt\u0173 lengviau perki\u0161ti rankas. Striuk\u0117 turi nuimam\u0105 gobtuv\u0105 su u\u017etrauktuku, vandeniui atsparias u\u017eklijuotas pe\u010di\u0173 si\u016bles ir rankovi\u0173 rankogalius su briaunomis, kad b\u016bt\u0173 patogu. <\/p>\n<p>Striuk\u0117s priekyje ir nugaroje bei apatin\u0117je nugaros dalyje yra \u0161vies\u0105 atspindin\u010dios detal\u0117s, kad b\u016bt\u0173 saugiau d\u0117v\u0117ti. De\u0161in\u0117je striuk\u0117s pus\u0117je yra speciali kilpa at\u0161vaitui pakabinti. <\/p>\n<p>Vertingesniems daiktams jaunuolis gali rinktis i\u0161 keli\u0173 skirting\u0173 ki\u0161eni\u0173 su u\u017etrauktukais tiek striuk\u0117s viduje, tiek i\u0161or\u0117je.<\/p>\n<p>Puiki berniuki\u0161ka striuk\u0117 pavasario-rudens sezonui.<\/p>\n","protected":false},"excerpt":{"rendered":"<p>Berniuk\u0173 100 gr satinu ap\u0161iltinta lietaus ir v\u0117jo nepraleid\u017eianti ilgesn\u0117 pavasario-rudens striuk\u0117. Striuk\u0117 ilgomis rankov\u0117mis turi jauk\u0173 mink\u0161t\u0105 vilnon\u012f pamu\u0161al\u0105 ant k\u016bno ir taftos pamu\u0161al\u0105 ant rankovi\u0173, kad u\u017esid\u0117jus striuk\u0119 b\u016bt\u0173 lengviau perki\u0161ti rankas. Striuk\u0117 turi nuimam\u0105 gobtuv\u0105 su u\u017etrauktuku, vandeniui atsparias u\u017eklijuotas pe\u010di\u0173 si\u016bles ir rankovi\u0173 rankogalius su briaunomis, kad b\u016bt\u0173 patogu. Striuk\u0117s priekyje [&hellip;]<\/p>\n","protected":false},"featured_media":269009,"comment_status":"open","ping_status":"closed","template":"","meta":{"_acf_changed":false},"product_brand":[],"product_cat":[406],"product_tag":[],"class_list":{"0":"post-269008","1":"product","2":"type-product","3":"status-publish","4":"has-post-thumbnail","6":"product_cat-vyriski-ir-berniuku-pavasario-rudens-striukes","7":"product_shipping_class-tarneaeg-1-4-paeva","9":"first","10":"instock","11":"sale","12":"taxable","13":"shipping-taxable","14":"purchasable","15":"product-type-variable","16":"has-default-attributes","17":"add-to-wishlist-after_add_to_cart"},"acf":[],"_links":{"self":[{"href":"https:\/\/tellimused.stiilne.ee\/lt\/wp-json\/wp\/v2\/product\/269008","targetHints":{"allow":["GET"]}}],"collection":[{"href":"https:\/\/tellimused.stiilne.ee\/lt\/wp-json\/wp\/v2\/product"}],"about":[{"href":"https:\/\/tellimused.stiilne.ee\/lt\/wp-json\/wp\/v2\/types\/product"}],"replies":[{"embeddable":true,"href":"https:\/\/tellimused.stiilne.ee\/lt\/wp-json\/wp\/v2\/comments?post=269008"}],"wp:featuredmedia":[{"embeddable":true,"href":"https:\/\/tellimused.stiilne.ee\/lt\/wp-json\/wp\/v2\/media\/269009"}],"wp:attachment":[{"href":"https:\/\/tellimused.stiilne.ee\/lt\/wp-json\/wp\/v2\/media?parent=269008"}],"wp:term":[{"taxonomy":"product_brand","embeddable":true,"href":"https:\/\/tellimused.stiilne.ee\/lt\/wp-json\/wp\/v2\/product_brand?post=269008"},{"taxonomy":"product_cat","embeddable":true,"href":"https:\/\/tellimused.stiilne.ee\/lt\/wp-json\/wp\/v2\/product_cat?post=269008"},{"taxonomy":"product_tag","embeddable":true,"href":"https:\/\/tellimused.stiilne.ee\/lt\/wp-json\/wp\/v2\/product_tag?post=269008"}],"curies":[{"name":"wp","href":"https:\/\/api.w.org\/{rel}","templated":true}]}}