{"id":269074,"date":"2026-03-12T10:15:30","date_gmt":"2026-03-12T08:15:30","guid":{"rendered":"https:\/\/tellimused.stiilne.ee\/toode\/3-paari-jalatseid-suuruses-37punased-lipsuga-lakk-kingad-mustad-kontsaga-kingad-roosakas-beezid-paeltega-kingad-kohe-laos-super-hind\/"},"modified":"2026-04-07T11:09:58","modified_gmt":"2026-04-07T08:09:58","slug":"3-poros-37-dydzio-batu-raudoni-lakuoti-batai-su-kaklaraisciu-juodi-batai-su-kulnu-rausvai-smelio-spalvos-batai-su-raisteliais-naudojamos-super-kaina","status":"publish","type":"product","link":"https:\/\/tellimused.stiilne.ee\/lt\/produktas\/3-poros-37-dydzio-batu-raudoni-lakuoti-batai-su-kaklaraisciu-juodi-batai-su-kulnu-rausvai-smelio-spalvos-batai-su-raisteliais-naudojamos-super-kaina\/","title":{"rendered":"3 poros 37 dyd\u017eio bat\u0173 (raudoni lakuoti batai su kaklarai\u0161\u010diu, juodi batai su kulnu, rausvai sm\u0117lio spalvos batai su rai\u0161teliais) &#8211; NAUDOJAMOS &#8211; SUPER KAINA."},"content":{"rendered":"<p>Rinkin\u012f sudaro 3 poros 37 dyd\u017eio bat\u0173<\/p>\n<p>Raudoni lakuoti batai su rai\u0161teliais<\/p>\n<p>Juodi batai su kulnu<\/p>\n<p>Rausvi beezidiniai batai su rai\u0161teliais<\/p>\n<p>Batai dabar yra sand\u0117lyje &#8211; pristatymo laikas kelios dienos<\/p>\n<p>Jei pageidaujate, batus kaip rinkin\u012f taip pat galite \u012fsigyti tiesiai i\u0161 m\u016bs\u0173 sand\u0117lio adresu Veerenni 31 darbo dienomis nuo 10.00 iki 17.00 val.<\/p>\n","protected":false},"excerpt":{"rendered":"<p>Rinkin\u012f sudaro 3 poros 37 dyd\u017eio bat\u0173 Raudoni lakuoti batai su rai\u0161teliais Juodi batai su kulnu Rausvi beezidiniai batai su rai\u0161teliais Batai dabar yra sand\u0117lyje &#8211; pristatymo laikas kelios dienos Jei pageidaujate, batus kaip rinkin\u012f taip pat galite \u012fsigyti tiesiai i\u0161 m\u016bs\u0173 sand\u0117lio adresu Veerenni 31 darbo dienomis nuo 10.00 iki 17.00 val.<\/p>\n","protected":false},"featured_media":269075,"comment_status":"open","ping_status":"closed","template":"","meta":{"_acf_changed":false},"product_brand":[],"product_cat":[302],"product_tag":[],"class_list":{"0":"post-269074","1":"product","2":"type-product","3":"status-publish","4":"has-post-thumbnail","6":"product_cat-uncategorized","7":"product_shipping_class-tarneaeg-1-4-paeva","9":"first","10":"instock","11":"taxable","12":"shipping-taxable","13":"purchasable","14":"product-type-variable","15":"has-default-attributes","16":"add-to-wishlist-after_add_to_cart"},"acf":[],"_links":{"self":[{"href":"https:\/\/tellimused.stiilne.ee\/lt\/wp-json\/wp\/v2\/product\/269074","targetHints":{"allow":["GET"]}}],"collection":[{"href":"https:\/\/tellimused.stiilne.ee\/lt\/wp-json\/wp\/v2\/product"}],"about":[{"href":"https:\/\/tellimused.stiilne.ee\/lt\/wp-json\/wp\/v2\/types\/product"}],"replies":[{"embeddable":true,"href":"https:\/\/tellimused.stiilne.ee\/lt\/wp-json\/wp\/v2\/comments?post=269074"}],"wp:featuredmedia":[{"embeddable":true,"href":"https:\/\/tellimused.stiilne.ee\/lt\/wp-json\/wp\/v2\/media\/269075"}],"wp:attachment":[{"href":"https:\/\/tellimused.stiilne.ee\/lt\/wp-json\/wp\/v2\/media?parent=269074"}],"wp:term":[{"taxonomy":"product_brand","embeddable":true,"href":"https:\/\/tellimused.stiilne.ee\/lt\/wp-json\/wp\/v2\/product_brand?post=269074"},{"taxonomy":"product_cat","embeddable":true,"href":"https:\/\/tellimused.stiilne.ee\/lt\/wp-json\/wp\/v2\/product_cat?post=269074"},{"taxonomy":"product_tag","embeddable":true,"href":"https:\/\/tellimused.stiilne.ee\/lt\/wp-json\/wp\/v2\/product_tag?post=269074"}],"curies":[{"name":"wp","href":"https:\/\/api.w.org\/{rel}","templated":true}]}}