{"id":269086,"date":"2026-03-12T10:14:16","date_gmt":"2026-03-12T08:14:16","guid":{"rendered":"https:\/\/tellimused.stiilne.ee\/toode\/kuoma-naiste-talvesaapad-hallid-pihlaka-mustriga-sooja-karvase-sisevoodriga-ja-vett-hulgavast-materjalist-kohe-laos-kiire-tarne\/"},"modified":"2026-04-07T11:10:14","modified_gmt":"2026-04-07T08:10:14","slug":"kuoma-moteriski-pilkos-spalvos-zieminiai-batai-su-raisteliais-s-siltu-kailiniu-pamusalu-ir-vandeni-atstumiancia-medziaga-naudojami-naujai-tik-kinde","status":"publish","type":"product","link":"https:\/\/tellimused.stiilne.ee\/lt\/produktas\/kuoma-moteriski-pilkos-spalvos-zieminiai-batai-su-raisteliais-s-siltu-kailiniu-pamusalu-ir-vandeni-atstumiancia-medziaga-naudojami-naujai-tik-kinde\/","title":{"rendered":"KUOMA moteri\u0161ki pilkos spalvos \u017eieminiai batai su rai\u0161teliais -S \u0161iltu kailiniu pamu\u0161alu ir vanden\u012f atstumian\u010dia med\u017eiaga &#8211; NAUDOJAMI NAUJAI &#8211; TIK KINDE"},"content":{"rendered":"<h1 data-start=\"162\" data-end=\"229\">&#8222;Kuoma Lady&#8221; moteri\u0161ki \u017eieminiai batai &#8211; itin \u0161ilti, lengvi ir patog\u016bs<\/h1>\n<p data-start=\"231\" data-end=\"459\">Jei ie\u0161kote <strong data-start=\"241\" data-end=\"280\">tikrai \u0161ilt\u0173 moteri\u0161k\u0173 \u017eiemini\u0173 bat\u0173,<\/strong> kurie i\u0161laikys j\u016bs\u0173 kojas \u0161iltas net ir esant dideliam \u0161al\u010diui, <strong data-start=\"333\" data-end=\"359\">&#8222;Kuoma Lady&#8221; \u017eieminiai batai<\/strong> yra geras pasirinkimas. Suomijos gamintojas &#8222;Kuoma&#8221; gars\u0117ja patvariais ir patogiais \u017eieminiais batais. <\/p>\n<h2 data-start=\"461\" data-end=\"497\">\u2744\ufe0f Kod\u0117l verta rinktis &#8222;Kuoma&#8221; \u017eieminius batus?<\/h2>\n<p data-start=\"498\" data-end=\"969\">\u2714\ufe0f <strong data-start=\"501\" data-end=\"519\">Itin \u0161ilti<\/strong> &#8211; tikros \u0117riuko vilnos pamu\u0161alas ir vidpadis<br data-start=\"559\" data-end=\"562\">\u2714\ufe0f <strong data-start=\"565\" data-end=\"581\">Lengvi p\u0117doms<\/strong> &#8211; nepervargsta kojos net ilgai vaik\u0161tant<br data-start=\"621\" data-end=\"624\">\u2714\ufe0f <strong data-start=\"627\" data-end=\"669\">Neper\u0161lampama ir purv\u0105 atstumianti vir\u0161utin\u0117 dalis<\/strong> &#8211; zom\u0161a + tekstil\u0117<br data-start=\"693\" data-end=\"696\">\u2714\ufe0f <strong data-start=\"699\" data-end=\"728\">Neslystantis padas<\/strong> &#8211; naudingas p\u0117doms. sukibimas ant apled\u0117jusi\u0173 keli\u0173<br data-start=\"762\" data-end=\"765\">\u2714\ufe0f <strong data-start=\"768\" data-end=\"788\">Atspindin\u010dios detal\u0117s priekyje ir gale<\/strong> &#8211; geresniam matomumui tamsoje<br data-start=\"818\" data-end=\"821\">\u2714\ufe0f <strong data-start=\"824\" data-end=\"859\">Reguliuojamas elastinis skydelis ant blauzdos<\/strong> &#8211; tinka ir platesn\u0117ms bei auk\u0161tesn\u0117ms p\u0117doms<br data-start=\"899\" data-end=\"902\">\u2714\ufe0f <strong data-start=\"905\" data-end=\"928\">I\u0161imamas vidpadis<\/strong> &#8211; lengva pri\u017ei\u016br\u0117ti ir prireikus pakeisti.<\/p>\n<h2 data-start=\"971\" data-end=\"1002\">Patogus \u017eiem\u0105<\/h2>\n<p data-start=\"1003\" data-end=\"1047\">&#8222;Kuoma&#8221; moteri\u0161ki \u017eieminiai batai puikiai tinka<\/p>\n<ul data-start=\"1048\" data-end=\"1171\">\n<li data-start=\"1048\" data-end=\"1066\">\n<p data-start=\"1050\" data-end=\"1066\">darbas ir mokykla<\/p>\n<\/li>\n<li data-start=\"1067\" data-end=\"1087\">\n<p data-start=\"1069\" data-end=\"1087\">pasivaik\u0161\u010diojimams<\/p>\n<\/li>\n<li data-start=\"1088\" data-end=\"1120\">\n<p data-start=\"1090\" data-end=\"1120\">keliauti po miest\u0105<\/p>\n<\/li>\n<li data-start=\"1121\" data-end=\"1171\">\n<p data-start=\"1123\" data-end=\"1171\">kasdieniam d\u0117v\u0117jimui \u0161altu ir slid\u017eiu oru<\/p>\n<\/li>\n<\/ul>\n<p data-start=\"1173\" data-end=\"1248\">Tai batai, su kuriais nereikia jaudintis, kad kojos su\u0161als.<\/p>\n<h2 data-start=\"1250\" data-end=\"1283\">&#8222;Kuoma Lady&#8221; vidpad\u017eio matmenys<\/h2>\n<div class=\"TyagGW_tableContainer\">\n<div class=\"group TyagGW_tableWrapper flex flex-col-reverse w-fit\" tabindex=\"-1\">\n<table class=\"w-fit min-w-(--thread-content-width)\" data-start=\"1284\" data-end=\"1436\">\n<thead data-start=\"1284\" data-end=\"1310\">\n<tr data-start=\"1284\" data-end=\"1310\">\n<th data-start=\"1284\" data-end=\"1293\" data-col-size=\"sm\">Dydis<\/th>\n<th data-start=\"1293\" data-end=\"1310\" data-col-size=\"sm\">Vir\u0161us (cm)<\/th>\n<\/tr>\n<\/thead>\n<tbody data-start=\"1339\" data-end=\"1436\">\n<tr data-start=\"1339\" data-end=\"1352\">\n<td data-start=\"1339\" data-end=\"1344\" data-col-size=\"sm\">36<\/td>\n<td data-start=\"1344\" data-end=\"1352\" data-col-size=\"sm\">23,7<\/td>\n<\/tr>\n<tr data-start=\"1353\" data-end=\"1366\">\n<td data-start=\"1353\" data-end=\"1358\" data-col-size=\"sm\">37<\/td>\n<td data-col-size=\"sm\" data-start=\"1358\" data-end=\"1366\">24,4<\/td>\n<\/tr>\n<tr data-start=\"1367\" data-end=\"1380\">\n<td data-start=\"1367\" data-end=\"1372\" data-col-size=\"sm\">38<\/td>\n<td data-col-size=\"sm\" data-start=\"1372\" data-end=\"1380\">25,1<\/td>\n<\/tr>\n<tr data-start=\"1381\" data-end=\"1394\">\n<td data-start=\"1381\" data-end=\"1386\" data-col-size=\"sm\">39<\/td>\n<td data-col-size=\"sm\" data-start=\"1386\" data-end=\"1394\">25,7<\/td>\n<\/tr>\n<tr data-start=\"1395\" data-end=\"1408\">\n<td data-start=\"1395\" data-end=\"1400\" data-col-size=\"sm\">40<\/td>\n<td data-col-size=\"sm\" data-start=\"1400\" data-end=\"1408\">26,3<\/td>\n<\/tr>\n<tr data-start=\"1409\" data-end=\"1422\">\n<td data-start=\"1409\" data-end=\"1414\" data-col-size=\"sm\">41<\/td>\n<td data-col-size=\"sm\" data-start=\"1414\" data-end=\"1422\">27,0<\/td>\n<\/tr>\n<tr data-start=\"1423\" data-end=\"1436\">\n<td data-start=\"1423\" data-end=\"1428\" data-col-size=\"sm\">42<\/td>\n<td data-col-size=\"sm\" data-start=\"1428\" data-end=\"1436\">27,7<\/td>\n<\/tr>\n<\/tbody>\n<\/table>\n<\/div>\n<\/div>\n<p data-start=\"1438\" data-end=\"1490\">  Dyd\u012f rekomenduojame rinktis pagal vidpad\u017eio ilg\u012f.<\/p>\n<h2 data-start=\"1492\" data-end=\"1509\">  Greitas pristatymas<\/h2>\n<p data-start=\"1510\" data-end=\"1583\">U\u017esakymai, pateikti darbo dien\u0105 iki 17:00, <strong data-start=\"1553\" data-end=\"1582\">bus i\u0161si\u0173sti t\u0105 pa\u010di\u0105 dien\u0105<\/strong>.<\/p>\n<hr data-start=\"1585\" data-end=\"1588\">\n<h2 data-start=\"1590\" data-end=\"1625\">Da\u017enai u\u017eduodami klausimai (DUK)<\/h2>\n<p data-start=\"1627\" data-end=\"1744\"><strong data-start=\"1627\" data-end=\"1677\">Ar &#8222;Kuoma&#8221; batai tinka labai \u0161altam orui?<\/strong><br data-start=\"1677\" data-end=\"1680\">Taip &#8211; avies vilnos pamu\u0161alas i\u0161laiko kojas \u0161iltas net per didelius \u0161al\u010dius.<\/p>\n<p data-start=\"1746\" data-end=\"1880\"><strong data-start=\"1746\" data-end=\"1783\">Ar jie tinka platesnei p\u0117dai?<\/strong><br data-start=\"1783\" data-end=\"1786\">Vis d\u0117lto jos tinka &#8211; d\u0117l guminio skydelio blauzdoje jos gerai prisitaiko prie platesni\u0173 ir auk\u0161tesni\u0173 p\u0117d\u0173.<\/p>\n<p data-start=\"1882\" data-end=\"1946\"><strong data-start=\"1882\" data-end=\"1915\">Ar galima i\u0161imti vidpad\u012f?<\/strong><br data-start=\"1915\" data-end=\"1918\">Taip, vidpadis i\u0161imamas.<\/p>\n<p data-start=\"1948\" data-end=\"2030\"><strong data-start=\"1948\" data-end=\"1974\">Ar batai slid\u016bs?<\/strong><br data-start=\"1974\" data-end=\"1977\">Pado ra\u0161tas u\u017etikrina ger\u0105 sukibim\u0105 net ir slid\u017eiuose keliuose.<\/p>\n<p>&nbsp;<\/p>\n","protected":false},"excerpt":{"rendered":"<p>&#8222;Kuoma Lady&#8221; moteri\u0161ki \u017eieminiai batai &#8211; itin \u0161ilti, lengvi ir patog\u016bs Jei ie\u0161kote tikrai \u0161ilt\u0173 moteri\u0161k\u0173 \u017eiemini\u0173 bat\u0173, kurie i\u0161laikys j\u016bs\u0173 kojas \u0161iltas net ir esant dideliam \u0161al\u010diui, &#8222;Kuoma Lady&#8221; \u017eieminiai batai yra geras pasirinkimas. Suomijos gamintojas &#8222;Kuoma&#8221; gars\u0117ja patvariais ir patogiais \u017eieminiais batais. \u2744\ufe0f Kod\u0117l verta rinktis &#8222;Kuoma&#8221; \u017eieminius batus? \u2714\ufe0f Itin \u0161ilti &#8211; [&hellip;]<\/p>\n","protected":false},"featured_media":269087,"comment_status":"open","ping_status":"closed","template":"","meta":{"_acf_changed":false},"product_brand":[],"product_cat":[380,381],"product_tag":[],"class_list":{"0":"post-269086","1":"product","2":"type-product","3":"status-publish","4":"has-post-thumbnail","6":"product_cat-moteriski-batai","7":"product_cat-pusbatai","8":"product_shipping_class-tarneaeg-1-4-paeva","10":"first","11":"instock","12":"sale","13":"taxable","14":"shipping-taxable","15":"purchasable","16":"product-type-variable","17":"has-default-attributes","18":"add-to-wishlist-after_add_to_cart"},"acf":[],"_links":{"self":[{"href":"https:\/\/tellimused.stiilne.ee\/lt\/wp-json\/wp\/v2\/product\/269086","targetHints":{"allow":["GET"]}}],"collection":[{"href":"https:\/\/tellimused.stiilne.ee\/lt\/wp-json\/wp\/v2\/product"}],"about":[{"href":"https:\/\/tellimused.stiilne.ee\/lt\/wp-json\/wp\/v2\/types\/product"}],"replies":[{"embeddable":true,"href":"https:\/\/tellimused.stiilne.ee\/lt\/wp-json\/wp\/v2\/comments?post=269086"}],"wp:featuredmedia":[{"embeddable":true,"href":"https:\/\/tellimused.stiilne.ee\/lt\/wp-json\/wp\/v2\/media\/269087"}],"wp:attachment":[{"href":"https:\/\/tellimused.stiilne.ee\/lt\/wp-json\/wp\/v2\/media?parent=269086"}],"wp:term":[{"taxonomy":"product_brand","embeddable":true,"href":"https:\/\/tellimused.stiilne.ee\/lt\/wp-json\/wp\/v2\/product_brand?post=269086"},{"taxonomy":"product_cat","embeddable":true,"href":"https:\/\/tellimused.stiilne.ee\/lt\/wp-json\/wp\/v2\/product_cat?post=269086"},{"taxonomy":"product_tag","embeddable":true,"href":"https:\/\/tellimused.stiilne.ee\/lt\/wp-json\/wp\/v2\/product_tag?post=269086"}],"curies":[{"name":"wp","href":"https:\/\/api.w.org\/{rel}","templated":true}]}}