{"id":269133,"date":"2026-03-12T10:11:52","date_gmt":"2026-03-12T08:11:52","guid":{"rendered":"https:\/\/tellimused.stiilne.ee\/toode\/huppa-tudrukute-talveparka-vivian-sinine-naturaalkarvaga-200-gr-soojustusega-vihma-ja-tuulekindel-super-hind-viimased\/"},"modified":"2026-04-07T11:10:14","modified_gmt":"2026-04-07T08:10:14","slug":"huppa-mergaiciu-ziemine-striuke-vivian-blue-natural-carpet-200-gr-apsiltinta-atspari-lietui-ir-vejui-super-kaina-melyna","status":"publish","type":"product","link":"https:\/\/tellimused.stiilne.ee\/lt\/produktas\/huppa-mergaiciu-ziemine-striuke-vivian-blue-natural-carpet-200-gr-apsiltinta-atspari-lietui-ir-vejui-super-kaina-melyna\/","title":{"rendered":"HUPPA mergai\u010di\u0173 \u017eiemin\u0117 striuk\u0117 Vivian blue NATURAL CARPET 200 gr ap\u0161iltinta &#8211; atspari lietui ir v\u0117jui &#8211; SUPER KAINA &#8211; M\u0116LYNA"},"content":{"rendered":"<p>&nbsp;<\/p>\n<p>Vaiki\u0161ka \u017eiemin\u0117 striuk\u0117 Vivian nepraleid\u017eia v\u0117jo ir vandens, o kv\u0117puojantis i\u0161orinis audinys pasi\u017eymi geriausiomis technin\u0117mis savyb\u0117mis.Striuk\u0117s izoliacija yra 200 g. Mink\u0161tas kailinis pamu\u0161alas yra jaukus ir \u0161iltas. Parka turi briaunuotus vidinius rankovi\u0173 rankogalius ir u\u017eklijuotas si\u016bles, kad net sportuojant b\u016bt\u0173 \u0161ilta ir sausa. Kad tamsoje b\u016bt\u0173 geriau matoma, yra \u0161vies\u0105 atspindin\u010di\u0173 detali\u0173. Gaubto nat\u016bralaus kailio apdaila u\u017esegama sagtimi ir lengvai nuimama. Priekin\u0117 ki\u0161en\u0117 ir rankov\u0117s u\u017esegamos u\u017etrauktuku, o liemuo reguliuojamas i\u0161 vidaus.      Dviej\u0173 did\u017ei\u0173j\u0173 pagrindini\u0173 ki\u0161eni\u0173 atvartai u\u017esegami magnetiniu u\u017eraktu. Taip pat yra vidin\u0117 u\u017etrauktuku u\u017esegama ki\u0161en\u0117, kurioje galite laikyti telefon\u0105 ar kitus smulkius daiktus. Priekinis striuk\u0117s atvartas atsidaro du kartus, tod\u0117l s\u0117d\u0117ti su striuke yra patogiau. Madinga \u0161ilta \u017eiemin\u0117 striuk\u0117 \u017eiemos sezonui.<\/p>\n<p>NB!&#8221;Huppa&#8221; vaiki\u0161kos \u017eiemin\u0117s striuk\u0117s pagamintos atsi\u017evelgiant \u012f augim\u0105 &#8211; dyd\u017eiai yra \u0161iek tiek didesni nei \u012fprastai.<\/p>\n<p>Striuk\u0117 yra sand\u0117lyje &#8211; pristatymo laikas 1-4 dienos &#8211; u\u017esakymai, pateikti darbo dien\u0105 prie\u0161 v\u0117lavim\u0105, bus i\u0161si\u0173sti t\u0105 pa\u010di\u0105 dien\u0105.<\/p>\n<p>\u010cia galite rasti gamintojo vaik\u0173 park\u0173 matmen\u0173 lentel\u0119<\/p>\n<p><a href=\"https:\/\/www.stiilne.ee\/wp-content\/uploads\/2020\/11\/Laste-m%C3%B5%C3%B5dutabel-1.jpg\"><img decoding=\"async\" class=\"alignnone size-medium wp-image-11543506\" src=\"https:\/\/www.stiilne.ee\/wp-content\/uploads\/2020\/11\/Laste-m%C3%B5%C3%B5dutabel-1-200x48.jpg\" alt=\"\" width=\"200\" height=\"48\"><\/a><\/p>\n<p>&nbsp;<\/p>\n<p>&nbsp;<\/p>\n","protected":false},"excerpt":{"rendered":"<p>&nbsp; Vaiki\u0161ka \u017eiemin\u0117 striuk\u0117 Vivian nepraleid\u017eia v\u0117jo ir vandens, o kv\u0117puojantis i\u0161orinis audinys pasi\u017eymi geriausiomis technin\u0117mis savyb\u0117mis.Striuk\u0117s izoliacija yra 200 g. Mink\u0161tas kailinis pamu\u0161alas yra jaukus ir \u0161iltas. Parka turi briaunuotus vidinius rankovi\u0173 rankogalius ir u\u017eklijuotas si\u016bles, kad net sportuojant b\u016bt\u0173 \u0161ilta ir sausa. Kad tamsoje b\u016bt\u0173 geriau matoma, yra \u0161vies\u0105 atspindin\u010di\u0173 detali\u0173. Gaubto nat\u016bralaus [&hellip;]<\/p>\n","protected":false},"featured_media":269134,"comment_status":"open","ping_status":"closed","template":"","meta":{"_acf_changed":false},"product_brand":[],"product_cat":[310],"product_tag":[],"class_list":{"0":"post-269133","1":"product","2":"type-product","3":"status-publish","4":"has-post-thumbnail","6":"product_cat-huppa-mergaiciu-ziemos-batai","7":"product_shipping_class-tarneaeg-1-4-paeva","9":"first","10":"instock","11":"sale","12":"taxable","13":"shipping-taxable","14":"purchasable","15":"product-type-variable","16":"has-default-attributes","17":"add-to-wishlist-after_add_to_cart"},"acf":[],"_links":{"self":[{"href":"https:\/\/tellimused.stiilne.ee\/lt\/wp-json\/wp\/v2\/product\/269133","targetHints":{"allow":["GET"]}}],"collection":[{"href":"https:\/\/tellimused.stiilne.ee\/lt\/wp-json\/wp\/v2\/product"}],"about":[{"href":"https:\/\/tellimused.stiilne.ee\/lt\/wp-json\/wp\/v2\/types\/product"}],"replies":[{"embeddable":true,"href":"https:\/\/tellimused.stiilne.ee\/lt\/wp-json\/wp\/v2\/comments?post=269133"}],"wp:featuredmedia":[{"embeddable":true,"href":"https:\/\/tellimused.stiilne.ee\/lt\/wp-json\/wp\/v2\/media\/269134"}],"wp:attachment":[{"href":"https:\/\/tellimused.stiilne.ee\/lt\/wp-json\/wp\/v2\/media?parent=269133"}],"wp:term":[{"taxonomy":"product_brand","embeddable":true,"href":"https:\/\/tellimused.stiilne.ee\/lt\/wp-json\/wp\/v2\/product_brand?post=269133"},{"taxonomy":"product_cat","embeddable":true,"href":"https:\/\/tellimused.stiilne.ee\/lt\/wp-json\/wp\/v2\/product_cat?post=269133"},{"taxonomy":"product_tag","embeddable":true,"href":"https:\/\/tellimused.stiilne.ee\/lt\/wp-json\/wp\/v2\/product_tag?post=269133"}],"curies":[{"name":"wp","href":"https:\/\/api.w.org\/{rel}","templated":true}]}}