{"id":269137,"date":"2026-03-12T10:11:52","date_gmt":"2026-03-12T08:11:52","guid":{"rendered":"https:\/\/tellimused.stiilne.ee\/toode\/stiilsed-naturaalsest-nahast-seest-sooja-karvaga-dolce-pietro-korvalt-lukuga-naiste-tanksaapad-kohe-laos-klientide-lemmik\/"},"modified":"2026-04-07T11:10:12","modified_gmt":"2026-04-07T08:10:12","slug":"stilingi-naturalios-oda-viduje-su-minksta-kisenele-dolce-pietro-moteriski-batai-su-uztrauktuku-sone-yra-sandelyje-uzsakyti-klientu-sarasui","status":"publish","type":"product","link":"https:\/\/tellimused.stiilne.ee\/lt\/produktas\/stilingi-naturalios-oda-viduje-su-minksta-kisenele-dolce-pietro-moteriski-batai-su-uztrauktuku-sone-yra-sandelyje-uzsakyti-klientu-sarasui\/","title":{"rendered":"Stilingi NAT\u016aRALIOS ODA viduje su mink\u0161ta ki\u0161en\u0117le Dolce Pietro moteri\u0161ki batai su u\u017etrauktuku \u0161one &#8211; Yra sand\u0117lyje &#8211; U\u017dSAKYTI KLIENT\u0172 S\u0104RA\u0160UI"},"content":{"rendered":"<p>&nbsp;<\/p>\n<p>Patog\u016bs ir stilingi nat\u016bralios odos bateliai tinka rudeniui, \u017eiemai ir pavasariui.<\/p>\n<p>Bat\u0173 med\u017eiaga &#8211; nat\u016brali oda.<\/p>\n<p>Bat\u0173 viduje yra \u0161iltas baltas kailinis pamu\u0161alas.<\/p>\n<p>Bat\u0173 padai pagaminti i\u0161 neslid\u017eios med\u017eiagos, tod\u0117l jie tinkami d\u0117v\u0117ti \u017eiem\u0105.<\/p>\n<p>Vidin\u0117je bat\u0173 pus\u0117je yra patogus u\u017eraktas &#8211; nereikia ri\u0161ti rai\u0161teli\u0173 kaskart apsiavus batus.<\/p>\n<p>&nbsp;<\/p>\n<p>Nat\u016bralios odos batai yra patogesni p\u0117doms, geriau kv\u0117puoja ir eidami atkartoja p\u0117dos form\u0105.<\/p>\n<p>Tinkamai pri\u017ei\u016brimi nat\u016bralios odos batai tarnaus ilgus metus.<\/p>\n<p><strong>Batai sand\u0117lyje &#8211; pristatymo laikas 1-4 dienos<\/strong><\/p>\n<p>U\u017esakymai, pateikti darbo dien\u0105 prie\u0161 nuorod\u0105, bus i\u0161si\u0173sti t\u0105 pa\u010di\u0105 dien\u0105.<\/p>\n<p><strong>Jei norite, batus taip pat galite \u012fsigyti tiesiai i\u0161 m\u016bs\u0173 sand\u0117lio, esan\u010dio Kanarbiku tee 15\/3, J\u00e4rvek\u00fcla (5 minut\u0117s kelio automobiliu nuo \u00dclemiste centro).<\/strong><\/p>\n<p><strong>Nat\u016bralios odos moteri\u0161k\u0173 bateli\u0173 su bakeliu matmenys yra tokie:<\/strong><\/p>\n<p>36-23 cm<\/p>\n<p>37-24 cm<\/p>\n<p>38-25 cm<\/p>\n<p>39-25,5 cm<\/p>\n<p>40-26 cm<\/p>\n<p>41-26,5 cm<\/p>\n<p>&nbsp;<\/p>\n","protected":false},"excerpt":{"rendered":"<p>&nbsp; Patog\u016bs ir stilingi nat\u016bralios odos bateliai tinka rudeniui, \u017eiemai ir pavasariui. Bat\u0173 med\u017eiaga &#8211; nat\u016brali oda. Bat\u0173 viduje yra \u0161iltas baltas kailinis pamu\u0161alas. Bat\u0173 padai pagaminti i\u0161 neslid\u017eios med\u017eiagos, tod\u0117l jie tinkami d\u0117v\u0117ti \u017eiem\u0105. Vidin\u0117je bat\u0173 pus\u0117je yra patogus u\u017eraktas &#8211; nereikia ri\u0161ti rai\u0161teli\u0173 kaskart apsiavus batus. &nbsp; Nat\u016bralios odos batai yra patogesni p\u0117doms, [&hellip;]<\/p>\n","protected":false},"featured_media":269138,"comment_status":"open","ping_status":"closed","template":"","meta":{"_acf_changed":false},"product_brand":[],"product_cat":[381],"product_tag":[],"class_list":{"0":"post-269137","1":"product","2":"type-product","3":"status-publish","4":"has-post-thumbnail","6":"product_cat-pusbatai","7":"product_shipping_class-tarneaeg-1-4-paeva","9":"first","10":"instock","11":"taxable","12":"shipping-taxable","13":"product-type-variable","14":"has-default-attributes","15":"add-to-wishlist-after_add_to_cart"},"acf":[],"_links":{"self":[{"href":"https:\/\/tellimused.stiilne.ee\/lt\/wp-json\/wp\/v2\/product\/269137","targetHints":{"allow":["GET"]}}],"collection":[{"href":"https:\/\/tellimused.stiilne.ee\/lt\/wp-json\/wp\/v2\/product"}],"about":[{"href":"https:\/\/tellimused.stiilne.ee\/lt\/wp-json\/wp\/v2\/types\/product"}],"replies":[{"embeddable":true,"href":"https:\/\/tellimused.stiilne.ee\/lt\/wp-json\/wp\/v2\/comments?post=269137"}],"wp:featuredmedia":[{"embeddable":true,"href":"https:\/\/tellimused.stiilne.ee\/lt\/wp-json\/wp\/v2\/media\/269138"}],"wp:attachment":[{"href":"https:\/\/tellimused.stiilne.ee\/lt\/wp-json\/wp\/v2\/media?parent=269137"}],"wp:term":[{"taxonomy":"product_brand","embeddable":true,"href":"https:\/\/tellimused.stiilne.ee\/lt\/wp-json\/wp\/v2\/product_brand?post=269137"},{"taxonomy":"product_cat","embeddable":true,"href":"https:\/\/tellimused.stiilne.ee\/lt\/wp-json\/wp\/v2\/product_cat?post=269137"},{"taxonomy":"product_tag","embeddable":true,"href":"https:\/\/tellimused.stiilne.ee\/lt\/wp-json\/wp\/v2\/product_tag?post=269137"}],"curies":[{"name":"wp","href":"https:\/\/api.w.org\/{rel}","templated":true}]}}