{"id":269186,"date":"2026-03-12T10:08:37","date_gmt":"2026-03-12T08:08:37","guid":{"rendered":"https:\/\/tellimused.stiilne.ee\/toode\/huppa-vihma-ja-tuulekindel-must-naiste-kevad-sugis-ulemineku-parka-janelle140gr-soojustusega-kohe-laos\/"},"modified":"2026-04-07T11:10:09","modified_gmt":"2026-04-07T08:10:09","slug":"huppa-lietaus-ir-vejo-nepraleidzianti-juoda-moteriska-pavasario-rudens-pereinamoji-striuke-janelle140gr-apsiltinta-nemokama","status":"publish","type":"product","link":"https:\/\/tellimused.stiilne.ee\/lt\/produktas\/huppa-lietaus-ir-vejo-nepraleidzianti-juoda-moteriska-pavasario-rudens-pereinamoji-striuke-janelle140gr-apsiltinta-nemokama\/","title":{"rendered":"HUPPA lietaus ir v\u0117jo nepraleid\u017eianti juoda moteri\u0161ka pavasario-rudens pereinamoji striuk\u0117 Janelle(140gr ap\u0161iltinta) &#8211; NEMOKAMA"},"content":{"rendered":"<article class=\"text-token-text-primary w-full focus:outline-none [--shadow-height:45px] has-data-writing-block:pointer-events-none has-data-writing-block:-mt-(--shadow-height) has-data-writing-block:pt-(--shadow-height) [&amp;:has([data-writing-block])&gt;*]:pointer-events-auto scroll-mt-[calc(var(--header-height)+min(200px,max(70px,20svh)))]\" dir=\"auto\" tabindex=\"-1\" data-turn-id=\"99034ae2-850e-4f4d-bef1-bad23d4001fb\" data-testid=\"conversation-turn-2\" data-scroll-anchor=\"false\" data-turn=\"assistant\">\n<div class=\"text-base my-auto mx-auto [--thread-content-margin:--spacing(4)] thread-sm:[--thread-content-margin:--spacing(6)] thread-lg:[--thread-content-margin:--spacing(16)] px-(--thread-content-margin)\">\n<div class=\"[--thread-content-max-width:40rem] thread-lg:[--thread-content-max-width:48rem] mx-auto max-w-(--thread-content-max-width) flex-1 group\/turn-messages focus-visible:outline-hidden relative flex w-full min-w-0 flex-col agent-turn\" tabindex=\"-1\">\n<div class=\"flex max-w-full flex-col grow\">\n<div class=\"min-h-8 text-message relative flex w-full flex-col items-end gap-2 text-start break-words whitespace-normal [.text-message+&amp;]:mt-1\" dir=\"auto\" data-message-author-role=\"assistant\" data-message-id=\"af73a7d5-2434-431c-87ce-e8cead08c1ca\" data-message-model-slug=\"gpt-5-1\">\n<div class=\"flex w-full flex-col gap-1 empty:hidden first:pt-[1px]\">\n<div class=\"markdown prose dark:prose-invert w-full break-words light markdown-new-styling\">\n<h2 data-start=\"266\" data-end=\"333\"><strong data-start=\"269\" data-end=\"328\">HUPPA Janelle moteri\u0161ka 140 g ap\u0161iltinta pereinamojo tipo striuk\u0117<\/strong><\/h2>\n<p data-start=\"335\" data-end=\"591\">Stilinga ir prakti\u0161ka <strong data-start=\"357\" data-end=\"412\">&#8222;Huppa&#8221; moteri\u0161ka 140 g ap\u0161iltinta rudens-\u017eiemos striuk\u0117<\/strong> tinka pavasariui, rudeniui ir \u0161iltesniam \u017eiemos orui. Tai puikus pasirinkimas tiems, kurie nenori labai storos \u017eiemin\u0117s striuk\u0117s, bet nori \u0161ilumos ir apsaugos bet kokiu oru. <\/p>\n<p data-start=\"593\" data-end=\"736\">Ji taip pat puikiai tinka <strong data-start=\"616\" data-end=\"658\">\u017eiemos \u017eygiams ir slidin\u0117jimui<\/strong>, nes yra lengva, ta\u010diau atspari v\u0117jui, nepraleid\u017eia vandens ir i\u0161laiko \u0161ilum\u0105.<\/p>\n<hr data-start=\"738\" data-end=\"741\">\n<h2 data-start=\"743\" data-end=\"794\"><strong data-start=\"746\" data-end=\"791\">Kod\u0117l verta rinktis &#8222;Huppa&#8221; moteri\u0161k\u0105 park\u0105 &#8222;Janelle&#8221;?<\/strong><\/h2>\n<p data-start=\"796\" data-end=\"1123\"> <strong data-start=\"799\" data-end=\"815\">140 g vatos<\/strong> tarp abiej\u0173 audini\u0173 &#8211; \u0161ilta, bet ne per stora<br data-start=\"861\" data-end=\"864\"> <strong data-start=\"867\" data-end=\"890\">V\u0117jui ir vandeniui atspari<\/strong> (neper\u0161lampa iki 10 000 mm)<br data-start=\"913\" data-end=\"916\"> <strong data-start=\"919\" data-end=\"938\">Kv\u0117puojanti med\u017eiaga<\/strong> (10 000 g\/m\u00b2)<br data-start=\"952\" data-end=\"955\"> Puikiai tinka pereinamajam sezonui, kai \u017eiemin\u0117 striuk\u0117 per \u0161ilta, o pavasarin\u0117 &#8211; per plona<br data-start=\"1053\" data-end=\"1056\"> Lengva, patogi ir ilgaam\u017e\u0117 &#8211; puikiai tinka d\u0117v\u0117ti kasdien.<\/p>\n<hr data-start=\"1125\" data-end=\"1128\">\n<h2 data-start=\"1130\" data-end=\"1147\"><strong data-start=\"1133\" data-end=\"1145\">Janelle Parka charakteristikos<\/strong><\/h2>\n<p data-start=\"1149\" data-end=\"1581\">&#8211; Vandeniui atspariomis juostel\u0117mis apklijuotos pa\u017east\u0173 angos, kaklas, gobtuvo ir pe\u010di\u0173 si\u016bl\u0117s<br data-start=\"1214\" data-end=\"1217\">&#8211; Elastinga gobtuvo rankov\u0117<br data-start=\"1238\" data-end=\"1241\">&#8211; Reguliuojami rankogaliai &#8211; \u0161altas oras negali patekti per rankoves<br data-start=\"1302\" data-end=\"1305\">&#8211; Reguliuojamas nugaros viduryje esantis rai\u0161telis<br data-start=\"1343\" data-end=\"1346\">&#8211; Dvi patogios \u0161onin\u0117s ki\u0161en\u0117s<br data-start=\"1372\" data-end=\"1375\">&#8211; Priekinis u\u017etrauktukas su \u0161akute ir atvartu<br data-start=\"1409\" data-end=\"1412\">&#8211; Daug <strong data-start=\"1420\" data-end=\"1437\">\u0161vies\u0105 atspindin\u010di\u0173 detali\u0173<\/strong> &#8211; matomumas tamsoje <br data-start=\"1469\" data-end=\"1472\">&#8211; <strong data-start=\"1525\" data-end=\"1544\">Dvipusis u\u017etrauktukas<\/strong> &#8211; papildomas patogumas automobilyje arba s\u0117dint.<\/p>\n<p data-start=\"1583\" data-end=\"1651\">Audinys: 100 % poliesteris (apvalkalas + pamu\u0161alas)<br data-start=\"1625\" data-end=\"1628\">Mink\u0161tumas: <strong data-start=\"1639\" data-end=\"1651\">140 g\/m\u00b2 medviln\u0117s ir vilnos<\/strong>.<\/p>\n<hr data-start=\"1653\" data-end=\"1656\">\n<h2 data-start=\"1658\" data-end=\"1696\"><strong data-start=\"1661\" data-end=\"1691\">Huppa Janelle parka dyd\u017eiai<\/strong><\/h2>\n<p data-start=\"1697\" data-end=\"1727\"><em data-start=\"1697\" data-end=\"1727\">I\u0161matavimai paimti i\u0161 striuk\u0117s.<\/em><\/p>\n<p data-start=\"1729\" data-end=\"1813\"><strong data-start=\"1729\" data-end=\"1748\">Kr\u016btin\u0117s apimtis:<\/strong><br data-start=\"1748\" data-end=\"1751\">XS 92 \/ S 96 \/ M 104 \/ L 112 \/ XL 118 \/ XXL 126 \/ 3XL 132 cm<\/p>\n<p data-start=\"1815\" data-end=\"1872\"><strong data-start=\"1815\" data-end=\"1832\">Pe\u010di\u0173 plotis:<\/strong><br data-start=\"1832\" data-end=\"1835\">39\/40\/41\/44\/446\/48 cm<\/p>\n<p data-start=\"1874\" data-end=\"1942\"><strong data-start=\"1874\" data-end=\"1901\">Apatinio kra\u0161to apimtis:<\/strong><br data-start=\"1901\" data-end=\"1904\">110 \/ 112 \/ 122 \/ 126 \/ 132 \/ 142 cm<\/p>\n<p data-start=\"1944\" data-end=\"1997\"><strong data-start=\"1944\" data-end=\"1962\">Auk\u0161tis (priekyje<\/strong>):<br data-start=\"1962\" data-end=\"1965\">76 \/ 79 \/ 81 \/ 82 \/ 85 \/ 85 cm<\/p>\n<p data-start=\"1999\" data-end=\"2054\"><strong data-start=\"1999\" data-end=\"2019\">Auk\u0161tis (gale):<\/strong><br data-start=\"2019\" data-end=\"2022\">81 \/ 83 \/ 84 \/ 85 \/ 86 \/ 88 cm<\/p>\n<p data-start=\"2056\" data-end=\"2114\"><strong data-start=\"2056\" data-end=\"2079\">Vidinis rankovi\u0173 ilgis:<\/strong><br data-start=\"2079\" data-end=\"2082\">52 \/ 52 \/ 54 \/ 54 \/ 54 \/ 55 \/ 55 cm<\/p>\n<hr data-start=\"2116\" data-end=\"2119\">\n<h2 data-start=\"2121\" data-end=\"2167\"><strong data-start=\"2124\" data-end=\"2162\">Nemokamas keitimas su DPD gr\u0105\u017einimo kodu<\/strong><\/h2>\n<p data-start=\"2218\" data-end=\"2349\"><strong data-start=\"2218\" data-end=\"2245\">Keitimas visada yra NEMOKAMAS su DPD gr\u0105\u017einimo kodu<\/strong><br data-start=\"2275\" data-end=\"2278\">Jei pageidaujate, galite keisti <strong data-start=\"2309\" data-end=\"2348\">dyd\u012f, spalv\u0105 ir striuk\u0117s model\u012f<\/strong>.<\/p>\n<hr data-start=\"2351\" data-end=\"2354\">\n<h2 data-start=\"2356\" data-end=\"2400\"><b>Pristatymo laikas<\/b><\/h2>\n<p data-start=\"2402\" data-end=\"2552\">&#8211; Pristatymo laikas paprastai yra 1-2 darbo dienos<br data-start=\"2478\" data-end=\"2481\">&#8211; U\u017esakymai, pateikti darbo dien\u0105 iki 17:00, bus i\u0161si\u0173sti t\u0105 pa\u010di\u0105 dien\u0105.<\/p>\n<hr data-start=\"2554\" data-end=\"2557\">\n<h2 data-start=\"2559\" data-end=\"2591\"> <strong data-start=\"2565\" data-end=\"2589\">\u017di\u016br\u0117kite parko vaizdo \u012fra\u0161\u0105 \u010dia<\/strong><\/h2>\n<p data-start=\"2592\" data-end=\"2656\">&#8222;YouTube&#8221; nuoroda: https: <a class=\"decorated-link\" href=\"https:\/\/www.youtube.com\/watch?v=D8YzXMnI7IU&amp;t=3s\" target=\"_new\" rel=\"noopener\" data-start=\"2608\" data-end=\"2656\">\/\/www.youtube.com\/watch?v=D8YzXMnI7IU&amp;t=3s<\/a><\/p>\n<hr data-start=\"2658\" data-end=\"2661\">\n<\/div>\n<\/div>\n<\/div>\n<\/div>\n<\/div>\n<\/div>\n<\/article>\n<article class=\"text-token-text-primary w-full focus:outline-none [--shadow-height:45px] has-data-writing-block:pointer-events-none has-data-writing-block:-mt-(--shadow-height) has-data-writing-block:pt-(--shadow-height) [&amp;:has([data-writing-block])&gt;*]:pointer-events-auto scroll-mt-[calc(var(--header-height)+min(200px,max(70px,20svh)))]\" dir=\"auto\" tabindex=\"-1\" data-turn-id=\"request-WEB:f8dd0c50-83ed-45d4-957e-cda1ad87a641-1\" data-testid=\"conversation-turn-4\" data-scroll-anchor=\"true\" data-turn=\"assistant\">\n<div class=\"text-base my-auto mx-auto pb-10 [--thread-content-margin:--spacing(4)] thread-sm:[--thread-content-margin:--spacing(6)] thread-lg:[--thread-content-margin:--spacing(16)] px-(--thread-content-margin)\">\n<div class=\"[--thread-content-max-width:40rem] thread-lg:[--thread-content-max-width:48rem] mx-auto max-w-(--thread-content-max-width) flex-1 group\/turn-messages focus-visible:outline-hidden relative flex w-full min-w-0 flex-col agent-turn\" tabindex=\"-1\">\n<div class=\"flex max-w-full flex-col grow\">\n<div class=\"min-h-8 text-message relative flex w-full flex-col items-end gap-2 text-start break-words whitespace-normal [.text-message+&amp;]:mt-1\" dir=\"auto\" data-message-author-role=\"assistant\" data-message-id=\"b9c194d2-9815-43e7-a755-493331e8e7f2\" data-message-model-slug=\"gpt-5-1\">\n<div class=\"flex w-full flex-col gap-1 empty:hidden first:pt-[1px]\">\n<div class=\"markdown prose dark:prose-invert w-full break-words light markdown-new-styling\">\n<h2 data-start=\"84\" data-end=\"141\"><strong data-start=\"87\" data-end=\"136\">Kod\u0117l &#8222;Janelle parka&#8221; yra geriausias pasirinkimas?<\/strong><\/h2>\n<p data-start=\"142\" data-end=\"598\" data-is-last-node=\"\" data-is-only-node=\"\">&#8222;Huppa Janelle&#8221; parka &#8211; puikus pasirinkimas moterims, kurios nori <strong data-start=\"200\" data-end=\"264\">pavasar\u012f, ruden\u012f ir \u017eiem\u0105 tinkan\u010dios striuk\u0117s<\/strong>. Ji lengva, \u0161ilta, atspari v\u0117jui, nepraleid\u017eia vandens ir kv\u0117puoja.<br data-start=\"334\" data-end=\"337\">Parka sujungia patogum\u0105, funkcionalum\u0105 ir ilgaam\u017ei\u0161kum\u0105 &#8211; <strong data-start=\"397\" data-end=\"486\" data-is-only-node=\"\">viena parka kasdieniam ne\u0161iojimui <\/strong>,   <\/p>\n<\/div>\n<\/div>\n<\/div>\n<\/div>\n<\/div>\n<\/div>\n<\/article>\n<p>&nbsp;<\/p>\n","protected":false},"excerpt":{"rendered":"<p>HUPPA Janelle moteri\u0161ka 140 g ap\u0161iltinta pereinamojo tipo striuk\u0117 Stilinga ir prakti\u0161ka &#8222;Huppa&#8221; moteri\u0161ka 140 g ap\u0161iltinta rudens-\u017eiemos striuk\u0117 tinka pavasariui, rudeniui ir \u0161iltesniam \u017eiemos orui. Tai puikus pasirinkimas tiems, kurie nenori labai storos \u017eiemin\u0117s striuk\u0117s, bet nori \u0161ilumos ir apsaugos bet kokiu oru. Ji taip pat puikiai tinka \u017eiemos \u017eygiams ir slidin\u0117jimui, nes yra [&hellip;]<\/p>\n","protected":false},"featured_media":269187,"comment_status":"open","ping_status":"closed","template":"","meta":{"_acf_changed":false},"product_brand":[],"product_cat":[270,301],"product_tag":[],"class_list":{"0":"post-269186","1":"product","2":"type-product","3":"status-publish","4":"has-post-thumbnail","6":"product_cat-pavasario-ir-rudens-striukes-bei-svarkai","7":"product_cat-zieminiai-paltukai-iki-60","8":"product_shipping_class-tarneaeg-1-4-paeva","10":"first","11":"instock","12":"sale","13":"taxable","14":"shipping-taxable","15":"purchasable","16":"product-type-variable","17":"has-default-attributes","18":"add-to-wishlist-after_add_to_cart"},"acf":[],"_links":{"self":[{"href":"https:\/\/tellimused.stiilne.ee\/lt\/wp-json\/wp\/v2\/product\/269186","targetHints":{"allow":["GET"]}}],"collection":[{"href":"https:\/\/tellimused.stiilne.ee\/lt\/wp-json\/wp\/v2\/product"}],"about":[{"href":"https:\/\/tellimused.stiilne.ee\/lt\/wp-json\/wp\/v2\/types\/product"}],"replies":[{"embeddable":true,"href":"https:\/\/tellimused.stiilne.ee\/lt\/wp-json\/wp\/v2\/comments?post=269186"}],"wp:featuredmedia":[{"embeddable":true,"href":"https:\/\/tellimused.stiilne.ee\/lt\/wp-json\/wp\/v2\/media\/269187"}],"wp:attachment":[{"href":"https:\/\/tellimused.stiilne.ee\/lt\/wp-json\/wp\/v2\/media?parent=269186"}],"wp:term":[{"taxonomy":"product_brand","embeddable":true,"href":"https:\/\/tellimused.stiilne.ee\/lt\/wp-json\/wp\/v2\/product_brand?post=269186"},{"taxonomy":"product_cat","embeddable":true,"href":"https:\/\/tellimused.stiilne.ee\/lt\/wp-json\/wp\/v2\/product_cat?post=269186"},{"taxonomy":"product_tag","embeddable":true,"href":"https:\/\/tellimused.stiilne.ee\/lt\/wp-json\/wp\/v2\/product_tag?post=269186"}],"curies":[{"name":"wp","href":"https:\/\/api.w.org\/{rel}","templated":true}]}}