{"id":269231,"date":"2026-03-12T10:07:26","date_gmt":"2026-03-12T08:07:26","guid":{"rendered":"https:\/\/tellimused.stiilne.ee\/toode\/dolce-pietro-naturaalnahast-taistallaga-naiste-poolsaapad-kontsa-korgus-6-cm-kohe-laos-viimane-paar-suurus-36-super-hind\/"},"modified":"2026-04-07T11:10:04","modified_gmt":"2026-04-07T08:10:04","slug":"dolce-pietro-moteriski-naturalios-odos-pusbaciai-su-pilnu-kulnu-moteriski-batai-su-6-cm-aukscio-kulnu-naujai-isparduodamos-paskutines-poros-36-dydzio-batai-isskirtine-kaina","status":"publish","type":"product","link":"https:\/\/tellimused.stiilne.ee\/lt\/produktas\/dolce-pietro-moteriski-naturalios-odos-pusbaciai-su-pilnu-kulnu-moteriski-batai-su-6-cm-aukscio-kulnu-naujai-isparduodamos-paskutines-poros-36-dydzio-batai-isskirtine-kaina\/","title":{"rendered":"Dolce Pietro Moteri\u0161ki nat\u016bralios odos pusba\u010diai su pilnu kulnu moteri\u0161ki batai su 6 cm auk\u0161\u010dio kulnu &#8211; NAUJAI I\u0160PARDUODAMOS paskutin\u0117s poros 36 dyd\u017eio batai &#8211; I\u0160SKIRTIN\u0116 KAINA"},"content":{"rendered":"<p>&nbsp;<\/p>\n<p>Patog\u016bs ir stilingi nat\u016bralios odos moteri\u0161ki pusba\u010diai su kulnu rudeniui, \u017eiemai ir pavasariui.<\/p>\n<p>Bat\u0173 med\u017eiaga &#8211; nat\u016brali oda.<\/p>\n<p>Bat\u0173 padai pagaminti i\u0161 neslid\u017eios med\u017eiagos, tod\u0117l jie tinkami d\u0117v\u0117ti \u017eiem\u0105.<\/p>\n<p>Vidin\u0117je bat\u0173 pus\u0117je yra patogus u\u017esegamas u\u017etrauktukas, tod\u0117l batus lengva u\u017esid\u0117ti.<\/p>\n<p><strong>Kulno auk\u0161tis &#8211; 6 cm,<\/strong> tod\u0117l p\u0117da nevargsta net ir ilgiau ne\u0161iojant.<\/p>\n<p>\u0160is modelis turi platesn\u012f aulin\u012f bat\u0105 &#8211; taip pat tinka platesnei p\u0117dai.<\/p>\n<p>&nbsp;<\/p>\n<p>Nat\u016bralios odos batai patog\u016bs p\u0117doms, geriau kv\u0117puoja ir eidami prisitaiko prie p\u0117dos formos.<\/p>\n<p>Tinkamai pri\u017ei\u016brimi nat\u016bralios odos batai tarnaus ilgus metus.<\/p>\n<p><strong>Batai yra sand\u0117lyje &#8211; pristatymo laikas &#8211; kelios dienos, jei norite, taip pat galite juos \u012fsigyti tiesiogiai i\u0161 m\u016bs\u0173 sand\u0117lio Kanarbiku tee 15\/3, J\u00e4rvek\u00fcla.<\/strong><\/p>\n<p><strong>Moteri\u0161k\u0173 nat\u016bralios odos puspad\u017ei\u0173 vidpad\u017ei\u0173 matmenys:<\/strong><\/p>\n<p>36-23 cm<\/p>\n<p>37-24 cm<\/p>\n<p>38-25 cm<\/p>\n<p>39-25,5 cm<\/p>\n<p>40-26 cm<\/p>\n<p>41-26,5 cm<\/p>\n<p>&nbsp;<\/p>\n","protected":false},"excerpt":{"rendered":"<p>&nbsp; Patog\u016bs ir stilingi nat\u016bralios odos moteri\u0161ki pusba\u010diai su kulnu rudeniui, \u017eiemai ir pavasariui. Bat\u0173 med\u017eiaga &#8211; nat\u016brali oda. Bat\u0173 padai pagaminti i\u0161 neslid\u017eios med\u017eiagos, tod\u0117l jie tinkami d\u0117v\u0117ti \u017eiem\u0105. Vidin\u0117je bat\u0173 pus\u0117je yra patogus u\u017esegamas u\u017etrauktukas, tod\u0117l batus lengva u\u017esid\u0117ti. Kulno auk\u0161tis &#8211; 6 cm, tod\u0117l p\u0117da nevargsta net ir ilgiau ne\u0161iojant. \u0160is modelis [&hellip;]<\/p>\n","protected":false},"featured_media":269232,"comment_status":"open","ping_status":"closed","template":"","meta":{"_acf_changed":false},"product_brand":[],"product_cat":[381],"product_tag":[],"class_list":{"0":"post-269231","1":"product","2":"type-product","3":"status-publish","4":"has-post-thumbnail","6":"product_cat-pusbatai","7":"product_shipping_class-tarneaeg-1-4-paeva","9":"first","10":"instock","11":"sale","12":"taxable","13":"shipping-taxable","14":"purchasable","15":"product-type-variable","16":"has-default-attributes","17":"add-to-wishlist-after_add_to_cart"},"acf":[],"_links":{"self":[{"href":"https:\/\/tellimused.stiilne.ee\/lt\/wp-json\/wp\/v2\/product\/269231","targetHints":{"allow":["GET"]}}],"collection":[{"href":"https:\/\/tellimused.stiilne.ee\/lt\/wp-json\/wp\/v2\/product"}],"about":[{"href":"https:\/\/tellimused.stiilne.ee\/lt\/wp-json\/wp\/v2\/types\/product"}],"replies":[{"embeddable":true,"href":"https:\/\/tellimused.stiilne.ee\/lt\/wp-json\/wp\/v2\/comments?post=269231"}],"wp:featuredmedia":[{"embeddable":true,"href":"https:\/\/tellimused.stiilne.ee\/lt\/wp-json\/wp\/v2\/media\/269232"}],"wp:attachment":[{"href":"https:\/\/tellimused.stiilne.ee\/lt\/wp-json\/wp\/v2\/media?parent=269231"}],"wp:term":[{"taxonomy":"product_brand","embeddable":true,"href":"https:\/\/tellimused.stiilne.ee\/lt\/wp-json\/wp\/v2\/product_brand?post=269231"},{"taxonomy":"product_cat","embeddable":true,"href":"https:\/\/tellimused.stiilne.ee\/lt\/wp-json\/wp\/v2\/product_cat?post=269231"},{"taxonomy":"product_tag","embeddable":true,"href":"https:\/\/tellimused.stiilne.ee\/lt\/wp-json\/wp\/v2\/product_tag?post=269231"}],"curies":[{"name":"wp","href":"https:\/\/api.w.org\/{rel}","templated":true}]}}