{"id":269234,"date":"2026-03-12T10:07:26","date_gmt":"2026-03-12T08:07:26","guid":{"rendered":"https:\/\/tellimused.stiilne.ee\/toode\/stiilsed-naturaalnahast-dolce-pietro-mustad-naiste-tanksaapad-kohe-laos-klientide-lemmik\/"},"modified":"2026-04-07T11:10:15","modified_gmt":"2026-04-07T08:10:15","slug":"stilingi-naturalios-odos-dolce-pietro-juodi-moteriski-batai-su-bakeliu-naudojama-klientu-sarasas","status":"publish","type":"product","link":"https:\/\/tellimused.stiilne.ee\/lt\/produktas\/stilingi-naturalios-odos-dolce-pietro-juodi-moteriski-batai-su-bakeliu-naudojama-klientu-sarasas\/","title":{"rendered":"Stilingi nat\u016bralios odos Dolce Pietro juodi moteri\u0161ki batai su bakeliu &#8211; NAUDOJAMA &#8211; KLIENT\u0172 S\u0104RA\u0160AS"},"content":{"rendered":"<h3 data-start=\"113\" data-end=\"195\"><strong data-start=\"117\" data-end=\"195\">Moteri\u0161ki nat\u016bralios odos batai su bakeliu &#8211; patog\u016bs, \u0161ilti ir patvar\u016bs  <\/strong><\/h3>\n<p data-start=\"197\" data-end=\"420\">Patog\u016bs ir stilingi <strong data-start=\"217\" data-end=\"251\">nat\u016bralios odos bateliai<\/strong> tinka <strong data-start=\"271\" data-end=\"301\">rudeniui, \u017eiemai ir pavasariui<\/strong>. \u0160ie batai &#8211; puikus pasirinkimas kasdieniam ne\u0161iojimui, jei ie\u0161kote kokyb\u0117s, patogumo ir nesenstan\u010dio madingo stiliaus. <\/p>\n<h3 data-start=\"422\" data-end=\"484\"><strong data-start=\"426\" data-end=\"484\">Auk\u0161tos kokyb\u0117s nat\u016brali oda &#8211; viduje ir i\u0161or\u0117je  <\/strong><\/h3>\n<p data-start=\"486\" data-end=\"680\">Bat\u0173 med\u017eiaga &#8211; <strong data-start=\"510\" data-end=\"534\">100 % nat\u016brali oda<\/strong>, kuri u\u017etikrina geresn\u012f pralaidum\u0105 orui, patogum\u0105 ir ilgaam\u017ei\u0161kum\u0105. Einant oda prisitaiko prie j\u016bs\u0173 p\u0117dos formos, tod\u0117l puikiai priglunda ir u\u017etikrina patogum\u0105 vis\u0105 dien\u0105. <\/p>\n<h3 data-start=\"682\" data-end=\"727\"><strong data-start=\"686\" data-end=\"727\">Neslystantis padas ir patogus u\u017eraktas \u2744\ufe0f<\/strong><\/h3>\n<p data-start=\"729\" data-end=\"938\">Batai turi <strong data-start=\"742\" data-end=\"770\">neslystant\u012f pad\u0105<\/strong>, tod\u0117l puikiai tinka \u017eiemos s\u0105lygoms.<br data-start=\"834\" data-end=\"837\">Vidin\u0117je pus\u0117je esantis <strong data-start=\"853\" data-end=\"868\">atidarymo u\u017eraktas<\/strong> leid\u017eia greitai ir lengvai apsiauti batus &#8211; nereikia kaskart ri\u0161ti rai\u0161teli\u0173.<\/p>\n<h3 data-start=\"940\" data-end=\"969\"><strong data-start=\"944\" data-end=\"969\">Matmenys ir detal\u0117s  <\/strong><\/h3>\n<ul data-start=\"971\" data-end=\"1069\">\n<li data-start=\"971\" data-end=\"1000\">\n<p data-start=\"973\" data-end=\"1000\">Konchos auk\u0161tis: <strong data-start=\"988\" data-end=\"998\">3,5 cm<\/strong><\/p>\n<\/li>\n<li data-start=\"1001\" data-end=\"1044\">\n<p data-start=\"1003\" data-end=\"1044\">Kojos auk\u0161tis (be kulno): <strong data-start=\"1033\" data-end=\"1042\">17 cm<\/strong><\/p>\n<\/li>\n<li data-start=\"1045\" data-end=\"1069\">\n<p data-start=\"1047\" data-end=\"1069\">Pagaminta Europoje  <\/p>\n<\/li>\n<\/ul>\n<h3 data-start=\"1071\" data-end=\"1121\"><strong data-start=\"1075\" data-end=\"1121\">Kod\u0117l verta rinktis nat\u016bralios odos batus?  <\/strong><\/h3>\n<p data-start=\"1123\" data-end=\"1154\">Nat\u016bralios odos batai:<\/p>\n<ul data-start=\"1155\" data-end=\"1263\">\n<li data-start=\"1155\" data-end=\"1177\">\n<p data-start=\"1157\" data-end=\"1177\">patogiau vaik\u0161\u010dioti ant koj\u0173<\/p>\n<\/li>\n<li data-start=\"1178\" data-end=\"1199\">\n<p data-start=\"1180\" data-end=\"1199\">geriau kv\u0117puoti<\/p>\n<\/li>\n<li data-start=\"1200\" data-end=\"1228\">\n<p data-start=\"1202\" data-end=\"1228\">prisitaiko prie p\u0117dos<\/p>\n<\/li>\n<li data-start=\"1229\" data-end=\"1263\">\n<p data-start=\"1231\" data-end=\"1263\">tinkamai pri\u017ei\u016brimi tarnauja daugel\u012f met\u0173<\/p>\n<\/li>\n<\/ul>\n<h3 data-start=\"1265\" data-end=\"1301\"><strong data-start=\"1269\" data-end=\"1301\">Sand\u0117lyje &#8211; greitas pristatymas  <\/strong><\/h3>\n<p data-start=\"1303\" data-end=\"1507\">Batai i\u0161 <strong data-start=\"1313\" data-end=\"1333\">karto b\u016bna sand\u0117lyje<\/strong>, o pristatymo laikas &#8211; vos <strong data-start=\"1356\" data-end=\"1370\">kelios dienos<\/strong>.<br data-start=\"1371\" data-end=\"1374\">U\u017esakymai, pateikti darbo dien\u0105 iki 17:00, bus i\u0161si\u0173sti <strong data-start=\"1427\" data-end=\"1449\">t\u0105 pa\u010di\u0105 dien\u0105<\/strong>.<br data-start=\"1450\" data-end=\"1453\">Batus taip pat galite \u012fsigyti <strong data-start=\"1487\" data-end=\"1506\">tiesiai i\u0161 m\u016bs\u0173 sand\u0117lio<\/strong>.<\/p>\n<h3 data-start=\"1509\" data-end=\"1536\"><strong data-start=\"1513\" data-end=\"1536\">Vidinio pado matmenys &#8211; modelis puikiai tinka standartiniams Europos dyd\u017eiams.<\/strong><\/h3>\n<ul data-start=\"1538\" data-end=\"1653\">\n<li data-start=\"1538\" data-end=\"1556\">\n<p data-start=\"1540\" data-end=\"1556\"><strong data-start=\"1540\" data-end=\"1554\">36 &#8211; 23 cm<\/strong><\/p>\n<\/li>\n<li data-start=\"1557\" data-end=\"1575\">\n<p data-start=\"1559\" data-end=\"1575\"><strong data-start=\"1559\" data-end=\"1573\">37 &#8211; 24 cm<\/strong><\/p>\n<\/li>\n<li data-start=\"1576\" data-end=\"1594\">\n<p data-start=\"1578\" data-end=\"1594\"><strong data-start=\"1578\" data-end=\"1592\">38 &#8211; 25 cm<\/strong><\/p>\n<\/li>\n<li data-start=\"1595\" data-end=\"1615\">\n<p data-start=\"1597\" data-end=\"1615\"><strong data-start=\"1597\" data-end=\"1613\">39 &#8211; 25,5 cm<\/strong><\/p>\n<\/li>\n<li data-start=\"1616\" data-end=\"1634\">\n<p data-start=\"1618\" data-end=\"1634\"><strong data-start=\"1618\" data-end=\"1632\">40 &#8211; 26 cm<\/strong><\/p>\n<\/li>\n<li data-start=\"1635\" data-end=\"1653\">\n<p data-start=\"1637\" data-end=\"1653\"><strong data-start=\"1637\" data-end=\"1653\">41 &#8211; 26,5 cm<\/strong><\/p>\n<\/li>\n<\/ul>\n","protected":false},"excerpt":{"rendered":"<p>Moteri\u0161ki nat\u016bralios odos batai su bakeliu &#8211; patog\u016bs, \u0161ilti ir patvar\u016bs Patog\u016bs ir stilingi nat\u016bralios odos bateliai tinka rudeniui, \u017eiemai ir pavasariui. \u0160ie batai &#8211; puikus pasirinkimas kasdieniam ne\u0161iojimui, jei ie\u0161kote kokyb\u0117s, patogumo ir nesenstan\u010dio madingo stiliaus. Auk\u0161tos kokyb\u0117s nat\u016brali oda &#8211; viduje ir i\u0161or\u0117je Bat\u0173 med\u017eiaga &#8211; 100 % nat\u016brali oda, kuri u\u017etikrina geresn\u012f [&hellip;]<\/p>\n","protected":false},"featured_media":269235,"comment_status":"open","ping_status":"closed","template":"","meta":{"_acf_changed":false},"product_brand":[],"product_cat":[381],"product_tag":[],"class_list":{"0":"post-269234","1":"product","2":"type-product","3":"status-publish","4":"has-post-thumbnail","6":"product_cat-pusbatai","7":"product_shipping_class-tarneaeg-1-4-paeva","9":"first","10":"instock","11":"sale","12":"taxable","13":"shipping-taxable","14":"purchasable","15":"product-type-variable","16":"has-default-attributes","17":"add-to-wishlist-after_add_to_cart"},"acf":[],"_links":{"self":[{"href":"https:\/\/tellimused.stiilne.ee\/lt\/wp-json\/wp\/v2\/product\/269234","targetHints":{"allow":["GET"]}}],"collection":[{"href":"https:\/\/tellimused.stiilne.ee\/lt\/wp-json\/wp\/v2\/product"}],"about":[{"href":"https:\/\/tellimused.stiilne.ee\/lt\/wp-json\/wp\/v2\/types\/product"}],"replies":[{"embeddable":true,"href":"https:\/\/tellimused.stiilne.ee\/lt\/wp-json\/wp\/v2\/comments?post=269234"}],"wp:featuredmedia":[{"embeddable":true,"href":"https:\/\/tellimused.stiilne.ee\/lt\/wp-json\/wp\/v2\/media\/269235"}],"wp:attachment":[{"href":"https:\/\/tellimused.stiilne.ee\/lt\/wp-json\/wp\/v2\/media?parent=269234"}],"wp:term":[{"taxonomy":"product_brand","embeddable":true,"href":"https:\/\/tellimused.stiilne.ee\/lt\/wp-json\/wp\/v2\/product_brand?post=269234"},{"taxonomy":"product_cat","embeddable":true,"href":"https:\/\/tellimused.stiilne.ee\/lt\/wp-json\/wp\/v2\/product_cat?post=269234"},{"taxonomy":"product_tag","embeddable":true,"href":"https:\/\/tellimused.stiilne.ee\/lt\/wp-json\/wp\/v2\/product_tag?post=269234"}],"curies":[{"name":"wp","href":"https:\/\/api.w.org\/{rel}","templated":true}]}}