{"id":269253,"date":"2026-03-12T10:05:51","date_gmt":"2026-03-12T08:05:51","guid":{"rendered":"https:\/\/tellimused.stiilne.ee\/toode\/naiste-kummikud-nordman-lillad-sooja-eemaldatava-voodriga-suurusele-36-kohe-laos-viimased\/"},"modified":"2026-04-07T11:10:05","modified_gmt":"2026-04-07T08:10:05","slug":"moteriski-guminiai-batai-nordman-violetines-spalvos-su-siltu-pamusalu-36-dydis-dabar-naudojame-seven","status":"publish","type":"product","link":"https:\/\/tellimused.stiilne.ee\/lt\/produktas\/moteriski-guminiai-batai-nordman-violetines-spalvos-su-siltu-pamusalu-36-dydis-dabar-naudojame-seven\/","title":{"rendered":"Moteri\u0161ki guminiai batai NORDMAN violetin\u0117s spalvos su \u0161iltu pamu\u0161alu, 36 dydis &#8211; DABAR NAUDOJAME SEVEN"},"content":{"rendered":"<p>Violetiniai &#8222;Nordman&#8221; moteri\u0161ki guminiai batai yra patog\u016bs ir labai lengvi.<\/p>\n<p>Jos lengvos, nes pagamintos i\u0161 &#8222;Eva&#8221; &#8211; med\u017eiagos, kuri yra 3 kartus lengvesn\u0117 u\u017e \u012fprast\u0105 gum\u0105, i\u0161 kurios jos gaminamos.<\/p>\n<p>Violetiniai moteri\u0161ki guminiai batai apsaugos jus nuo lietaus ir purvo, ta\u010diau kartu bus lengvi ir apsaugos j\u016bs\u0173 kojas nuo \u0161al\u010dio.<\/p>\n<p>Pamu\u0161alas laisvai pritvirtintas prie gumos &#8211; vasar\u0105, jei pageidaujama, j\u012f galima nuimti ir gum\u0105 d\u0117v\u0117ti be \u0161ilto vidinio pamu\u0161alo, kaip parodyta papildomose nuotraukose.<\/p>\n<p>Guminiai batai turi neslystant\u012f ra\u0161tuot\u0105 pad\u0105, tod\u0117l juos galima d\u0117v\u0117ti \u017eiem\u0105 ir jie gali atlaikyti net -15 laipsni\u0173 \u0161al\u010dio temperat\u016br\u0105.<\/p>\n<p>Jie lengvi, patog\u016bs av\u0117ti, turi neslystant\u012f pad\u0105 ir \u0161vies\u0105 atspindin\u010di\u0105 detal\u0119 ant galinio kra\u0161to &#8211; viskas, ko tikit\u0117s i\u0161 ger\u0173 \u0161varko bat\u0173.<\/p>\n<p>Ideal\u016bs moteri\u0161ki pusba\u010diai lieting\u0105 dien\u0105 mieste, \u017eygiui \u012f pelkes ar sodininkavimui kieme.<\/p>\n<p>Hummocks yra sand\u0117lyje &#8211; pristatymo laikas 1-4 dienos.<\/p>\n<p><strong>PASTABA: Jei abejojate, ar norite rinktis i\u0161 dviej\u0173 dyd\u017ei\u0173, rekomenduojame rinktis ne numer\u012f, o dyd\u012f su pamu\u0161alu &#8211; d\u0117l vidinio pamu\u0161alo batai yra daug ma\u017eesni i\u0161 vidaus. <\/strong><\/p>\n<p><strong>Moteri\u0161k\u0173 gumini\u0173 bat\u0173 su pamu\u0161alu vidpad\u017eio matmenys yra tokie:<\/strong><\/p>\n<p>36\/37- 23,5 cm<\/p>\n<p>37\/38- 24 cm<\/p>\n<p>38\/39- 24,5 cm<\/p>\n<p>39\/40- 25 cm<\/p>\n<p>40\/41- 26 cm<\/p>\n","protected":false},"excerpt":{"rendered":"<p>Violetiniai &#8222;Nordman&#8221; moteri\u0161ki guminiai batai yra patog\u016bs ir labai lengvi. Jos lengvos, nes pagamintos i\u0161 &#8222;Eva&#8221; &#8211; med\u017eiagos, kuri yra 3 kartus lengvesn\u0117 u\u017e \u012fprast\u0105 gum\u0105, i\u0161 kurios jos gaminamos. Violetiniai moteri\u0161ki guminiai batai apsaugos jus nuo lietaus ir purvo, ta\u010diau kartu bus lengvi ir apsaugos j\u016bs\u0173 kojas nuo \u0161al\u010dio. Pamu\u0161alas laisvai pritvirtintas prie gumos [&hellip;]<\/p>\n","protected":false},"featured_media":269254,"comment_status":"open","ping_status":"closed","template":"","meta":{"_acf_changed":false},"product_brand":[],"product_cat":[348],"product_tag":[],"class_list":{"0":"post-269253","1":"product","2":"type-product","3":"status-publish","4":"has-post-thumbnail","6":"product_cat-moteriskos-gumines","7":"product_shipping_class-tarneaeg-1-4-paeva","9":"first","10":"instock","11":"taxable","12":"shipping-taxable","13":"purchasable","14":"product-type-variable","15":"has-default-attributes","16":"add-to-wishlist-after_add_to_cart"},"acf":[],"_links":{"self":[{"href":"https:\/\/tellimused.stiilne.ee\/lt\/wp-json\/wp\/v2\/product\/269253","targetHints":{"allow":["GET"]}}],"collection":[{"href":"https:\/\/tellimused.stiilne.ee\/lt\/wp-json\/wp\/v2\/product"}],"about":[{"href":"https:\/\/tellimused.stiilne.ee\/lt\/wp-json\/wp\/v2\/types\/product"}],"replies":[{"embeddable":true,"href":"https:\/\/tellimused.stiilne.ee\/lt\/wp-json\/wp\/v2\/comments?post=269253"}],"wp:featuredmedia":[{"embeddable":true,"href":"https:\/\/tellimused.stiilne.ee\/lt\/wp-json\/wp\/v2\/media\/269254"}],"wp:attachment":[{"href":"https:\/\/tellimused.stiilne.ee\/lt\/wp-json\/wp\/v2\/media?parent=269253"}],"wp:term":[{"taxonomy":"product_brand","embeddable":true,"href":"https:\/\/tellimused.stiilne.ee\/lt\/wp-json\/wp\/v2\/product_brand?post=269253"},{"taxonomy":"product_cat","embeddable":true,"href":"https:\/\/tellimused.stiilne.ee\/lt\/wp-json\/wp\/v2\/product_cat?post=269253"},{"taxonomy":"product_tag","embeddable":true,"href":"https:\/\/tellimused.stiilne.ee\/lt\/wp-json\/wp\/v2\/product_tag?post=269253"}],"curies":[{"name":"wp","href":"https:\/\/api.w.org\/{rel}","templated":true}]}}