{"id":269294,"date":"2026-03-12T10:05:00","date_gmt":"2026-03-12T08:05:00","guid":{"rendered":"https:\/\/tellimused.stiilne.ee\/toode\/tudrukute-kummikud-lemigo-roosad-kohe-laos-viimased-kiire-tarne\/"},"modified":"2026-04-07T11:09:53","modified_gmt":"2026-04-07T08:09:53","slug":"mergaiciu-guminiai-batai-lemigo-rozines-spalvos-kur-yra-sandelyje-seven-kind-in-kind","status":"publish","type":"product","link":"https:\/\/tellimused.stiilne.ee\/lt\/produktas\/mergaiciu-guminiai-batai-lemigo-rozines-spalvos-kur-yra-sandelyje-seven-kind-in-kind\/","title":{"rendered":"Mergai\u010di\u0173 guminiai batai Lemigo ro\u017ein\u0117s spalvos-kur yra sand\u0117lyje SEVEN-KIND IN KIND"},"content":{"rendered":"<p>Patog\u016bs ir lengvi &#8222;Lemigo&#8221; vaiki\u0161ki batai pagaminti i\u0161 lengvos EVA med\u017eiagos ir skirti d\u0117v\u0117ti i\u0161tisus metus.<\/p>\n<p>I\u0161 &#8222;Eva&#8221; med\u017eiagos pagaminti vaiki\u0161ki batai yra labai lengvi, tod\u0117l patog\u016bs kojoms.<\/p>\n<p>Eva med\u017eiaga pasi\u017eymi puikiomis termoizoliacin\u0117mis savyb\u0117mis.Patekus \u012f \u0161alt\u0105 vanden\u012f p\u0117da i\u0161 karto neatv\u0117sta, kaip \u012fprast\u0173 PVC gumini\u0173 bat\u0173 atveju.Tod\u0117l vaiki\u0161ki Eva guminiai batai taip pat labai tinka d\u0117v\u0117ti \u017eiem\u0105.<\/p>\n<p>Gumbai gali i\u0161tverti iki -30 laipsni\u0173 \u0161alt\u012f.<\/p>\n<p>\u0160ilt\u0105 pamu\u0161al\u0105 galima nuimti ir skalbti &#8211; \u0161altu oru galite d\u0117v\u0117ti su pamu\u0161alu, o \u0161iltu oru &#8211; be pamu\u0161alo.<\/p>\n<p>Ideal\u016bs ir patog\u016bs vaiki\u0161ki batai Estijos klimatui, kurie yra lengvi kojoms ir i\u0161laiko jas sausas bei \u0161iltas net ir \u0161altu oru.<\/p>\n<p>&#8222;Lemigo&#8221; vaiki\u0161ki batai tinka pavasar\u012f, vasar\u0105, ruden\u012f ir \u017eiem\u0105.<\/p>\n<p>Vaiki\u0161ki guminiai batai yra sand\u0117lyje &#8211; pristatymo laikas 1-4 dienos &#8211; jei pageidaujate, taip pat galite \u012fsigyti vaiki\u0161kus guminius batus tiesiai i\u0161 m\u016bs\u0173 sand\u0117lio Kanarbiku tee 15\/3, J\u00e4rvek\u00fcla.<\/p>\n<p><strong>Vaiki\u0161k\u0173 gumini\u0173 vidpad\u017ei\u0173 matmenys:<\/strong><\/p>\n<p>22\/23- 14,5 cm<\/p>\n<p>24\/25- 15,5 cm<\/p>\n<p>26\/27- 16,5 cm<\/p>\n<p>28\/29- 18 cm<\/p>\n<p>30\/31- 19,5 cm<\/p>\n<p>32\/33- 21 cm<\/p>\n<p>34\/35- 22 cm<\/p>\n<p>&nbsp;<\/p>\n","protected":false},"excerpt":{"rendered":"<p>Patog\u016bs ir lengvi &#8222;Lemigo&#8221; vaiki\u0161ki batai pagaminti i\u0161 lengvos EVA med\u017eiagos ir skirti d\u0117v\u0117ti i\u0161tisus metus. I\u0161 &#8222;Eva&#8221; med\u017eiagos pagaminti vaiki\u0161ki batai yra labai lengvi, tod\u0117l patog\u016bs kojoms. Eva med\u017eiaga pasi\u017eymi puikiomis termoizoliacin\u0117mis savyb\u0117mis.Patekus \u012f \u0161alt\u0105 vanden\u012f p\u0117da i\u0161 karto neatv\u0117sta, kaip \u012fprast\u0173 PVC gumini\u0173 bat\u0173 atveju.Tod\u0117l vaiki\u0161ki Eva guminiai batai taip pat labai tinka [&hellip;]<\/p>\n","protected":false},"featured_media":269295,"comment_status":"open","ping_status":"closed","template":"","meta":{"_acf_changed":false},"product_brand":[],"product_cat":[348],"product_tag":[],"class_list":{"0":"post-269294","1":"product","2":"type-product","3":"status-publish","4":"has-post-thumbnail","6":"product_cat-moteriskos-gumines","7":"product_shipping_class-tarneaeg-1-4-paeva","9":"first","10":"instock","11":"taxable","12":"shipping-taxable","13":"purchasable","14":"product-type-variable","15":"has-default-attributes","16":"add-to-wishlist-after_add_to_cart"},"acf":[],"_links":{"self":[{"href":"https:\/\/tellimused.stiilne.ee\/lt\/wp-json\/wp\/v2\/product\/269294","targetHints":{"allow":["GET"]}}],"collection":[{"href":"https:\/\/tellimused.stiilne.ee\/lt\/wp-json\/wp\/v2\/product"}],"about":[{"href":"https:\/\/tellimused.stiilne.ee\/lt\/wp-json\/wp\/v2\/types\/product"}],"replies":[{"embeddable":true,"href":"https:\/\/tellimused.stiilne.ee\/lt\/wp-json\/wp\/v2\/comments?post=269294"}],"wp:featuredmedia":[{"embeddable":true,"href":"https:\/\/tellimused.stiilne.ee\/lt\/wp-json\/wp\/v2\/media\/269295"}],"wp:attachment":[{"href":"https:\/\/tellimused.stiilne.ee\/lt\/wp-json\/wp\/v2\/media?parent=269294"}],"wp:term":[{"taxonomy":"product_brand","embeddable":true,"href":"https:\/\/tellimused.stiilne.ee\/lt\/wp-json\/wp\/v2\/product_brand?post=269294"},{"taxonomy":"product_cat","embeddable":true,"href":"https:\/\/tellimused.stiilne.ee\/lt\/wp-json\/wp\/v2\/product_cat?post=269294"},{"taxonomy":"product_tag","embeddable":true,"href":"https:\/\/tellimused.stiilne.ee\/lt\/wp-json\/wp\/v2\/product_tag?post=269294"}],"curies":[{"name":"wp","href":"https:\/\/api.w.org\/{rel}","templated":true}]}}