{"id":269356,"date":"2026-03-12T10:04:12","date_gmt":"2026-03-12T08:04:12","guid":{"rendered":"https:\/\/tellimused.stiilne.ee\/toode\/korgema-kontsaga-hobedased-kingad-suurusele-35-kohe-laos\/"},"modified":"2026-04-07T11:09:51","modified_gmt":"2026-04-07T08:09:51","slug":"aukstakulniai-sidabriniai-batai-35-dydzio-sandelyje","status":"publish","type":"product","link":"https:\/\/tellimused.stiilne.ee\/lt\/produktas\/aukstakulniai-sidabriniai-batai-35-dydzio-sandelyje\/","title":{"rendered":"Auk\u0161takulniai sidabriniai batai 35 dyd\u017eio sand\u0117lyje"},"content":{"rendered":"<p>Med\u017eiaga dirbtin\u0117 oda<\/p>\n<p>Batai yra sand\u0117lyje &#8211; pristatymo laikas 1-4 dienos<\/p>\n<p>Jei norite, galite i\u0161bandyti batus ir \u012fsigyti juos i\u0161 m\u016bs\u0173 sand\u0117lio Veerenni 31.<\/p>\n","protected":false},"excerpt":{"rendered":"<p>Med\u017eiaga dirbtin\u0117 oda Batai yra sand\u0117lyje &#8211; pristatymo laikas 1-4 dienos Jei norite, galite i\u0161bandyti batus ir \u012fsigyti juos i\u0161 m\u016bs\u0173 sand\u0117lio Veerenni 31.<\/p>\n","protected":false},"featured_media":269357,"comment_status":"open","ping_status":"closed","template":"","meta":{"_acf_changed":false},"product_brand":[],"product_cat":[302],"product_tag":[],"class_list":{"0":"post-269356","1":"product","2":"type-product","3":"status-publish","4":"has-post-thumbnail","6":"product_cat-uncategorized","7":"product_shipping_class-tarneaeg-1-4-paeva","9":"first","10":"instock","11":"taxable","12":"shipping-taxable","13":"purchasable","14":"product-type-variable","15":"has-default-attributes","16":"add-to-wishlist-after_add_to_cart"},"acf":[],"_links":{"self":[{"href":"https:\/\/tellimused.stiilne.ee\/lt\/wp-json\/wp\/v2\/product\/269356","targetHints":{"allow":["GET"]}}],"collection":[{"href":"https:\/\/tellimused.stiilne.ee\/lt\/wp-json\/wp\/v2\/product"}],"about":[{"href":"https:\/\/tellimused.stiilne.ee\/lt\/wp-json\/wp\/v2\/types\/product"}],"replies":[{"embeddable":true,"href":"https:\/\/tellimused.stiilne.ee\/lt\/wp-json\/wp\/v2\/comments?post=269356"}],"wp:featuredmedia":[{"embeddable":true,"href":"https:\/\/tellimused.stiilne.ee\/lt\/wp-json\/wp\/v2\/media\/269357"}],"wp:attachment":[{"href":"https:\/\/tellimused.stiilne.ee\/lt\/wp-json\/wp\/v2\/media?parent=269356"}],"wp:term":[{"taxonomy":"product_brand","embeddable":true,"href":"https:\/\/tellimused.stiilne.ee\/lt\/wp-json\/wp\/v2\/product_brand?post=269356"},{"taxonomy":"product_cat","embeddable":true,"href":"https:\/\/tellimused.stiilne.ee\/lt\/wp-json\/wp\/v2\/product_cat?post=269356"},{"taxonomy":"product_tag","embeddable":true,"href":"https:\/\/tellimused.stiilne.ee\/lt\/wp-json\/wp\/v2\/product_tag?post=269356"}],"curies":[{"name":"wp","href":"https:\/\/api.w.org\/{rel}","templated":true}]}}