{"id":269369,"date":"2026-03-12T10:04:12","date_gmt":"2026-03-12T08:04:12","guid":{"rendered":"https:\/\/tellimused.stiilne.ee\/toode\/armas-lillelise-mustriga-pehme-pusa-kevad-tellimisel-klientide-lemmik\/"},"modified":"2026-03-12T10:04:12","modified_gmt":"2026-03-12T08:04:12","slug":"armas-lillelise-mustriga-pehme-pusa-kevad-tellimisel-klientide-lemmik","status":"publish","type":"product","link":"https:\/\/tellimused.stiilne.ee\/lt\/produktas\/armas-lillelise-mustriga-pehme-pusa-kevad-tellimisel-klientide-lemmik\/","title":{"rendered":"Armas lillelise mustriga pehme pusa Kevad- tellimisel-KLIENTIDE LEMMIK"},"content":{"rendered":"<p><strong>Yemi Disain pusad ja pusakleidid<\/strong> \u2013 mugavad, pehmed ja kodumaised<\/p>\n<div class=\"relative basis-auto flex-col -mb-(--composer-overlap-px) [--composer-overlap-px:28px] grow flex overflow-hidden\">\n<div class=\"relative h-full\">\n<div class=\"flex h-full flex-col overflow-y-auto [scrollbar-gutter:stable_both-edges] thread-xl:pt-(--header-height)\">\n<div class=\"flex flex-col text-sm thread-xl:pt-header-height pb-25\">\n<article class=\"text-token-text-primary w-full focus:outline-none scroll-mt-[calc(var(--header-height)+min(200px,max(70px,20svh)))]\" dir=\"auto\" tabindex=\"-1\" data-turn-id=\"ea5d345f-5bba-4ebb-ae06-1728f29cc64a\" data-testid=\"conversation-turn-2\" data-scroll-anchor=\"true\" data-turn=\"assistant\">\n<div class=\"text-base my-auto mx-auto pb-10 [--thread-content-margin:--spacing(4)] thread-sm:[--thread-content-margin:--spacing(6)] thread-lg:[--thread-content-margin:--spacing(16)] px-(--thread-content-margin)\">\n<div class=\"[--thread-content-max-width:40rem] thread-sm:[--thread-content-max-width:40rem] thread-lg:[--thread-content-max-width:48rem] mx-auto max-w-(--thread-content-max-width) flex-1 group\/turn-messages focus-visible:outline-hidden relative flex w-full min-w-0 flex-col agent-turn\" tabindex=\"-1\">\n<div class=\"flex max-w-full flex-col grow\">\n<div class=\"min-h-8 text-message relative flex w-full flex-col items-end gap-2 text-start break-words whitespace-normal [.text-message+&amp;]:mt-5\" dir=\"auto\" data-message-author-role=\"assistant\" data-message-id=\"122c2a78-8a37-4161-9832-b9b894803df7\" data-message-model-slug=\"gpt-5\">\n<div class=\"flex w-full flex-col gap-1 empty:hidden first:pt-[3px]\">\n<div class=\"markdown prose dark:prose-invert w-full break-words light markdown-new-styling\">\n<p data-start=\"206\" data-end=\"410\">Yemi Disaini pusad ja pusakleidid on loodud mugavust, ilu ja praktilisust silmas pidades. Need on valmistatud Eestis k\u00e4sit\u00f6\u00f6na ning sobivad kandmiseks igal aastaajal \u2013 nii t\u00f6\u00f6l, kodus kui ka vabal ajal.<\/p>\n<p data-start=\"412\" data-end=\"461\"><strong data-start=\"412\" data-end=\"459\">Miks valida Yemi Disain pusa v\u00f5i pusakleit?<\/strong><\/p>\n<ul data-start=\"462\" data-end=\"816\">\n<li data-start=\"462\" data-end=\"526\">\n<p data-start=\"464\" data-end=\"526\"><strong data-start=\"464\" data-end=\"488\">Mugav ja mitmek\u00fclgne<\/strong> \u2013 sobib k\u00f5igiks neljaks aastaajaks<\/p>\n<\/li>\n<li data-start=\"527\" data-end=\"646\">\n<p data-start=\"529\" data-end=\"646\"><strong data-start=\"529\" data-end=\"554\">Pehme ja nahas\u00f5bralik<\/strong> \u2013 valmistatud ainult \u00d6ko-Tex 100 sertifikaadiga puuvillastest kangastest, mis sobivad ka allergikutele<\/p>\n<\/li>\n<li data-start=\"647\" data-end=\"732\">\n<p data-start=\"649\" data-end=\"732\"><strong data-start=\"649\" data-end=\"663\">Praktiline<\/strong> \u2013 ideaalne nii igap\u00e4evaseks t\u00f6\u00f6p\u00e4evaks, kui ka vaba aja veetmiseks<\/p>\n<\/li>\n<li data-start=\"733\" data-end=\"816\">\n<p data-start=\"735\" data-end=\"816\"><strong data-start=\"735\" data-end=\"756\">Kodumaine k\u00e4sit\u00f6\u00f6<\/strong> \u2013 k\u00f5ik pusad ja kleidid on disainitud ja \u00f5mmeldud k\u00e4sit\u00f6\u00f6na Eestis<\/p>\n<\/li>\n<\/ul>\n<p data-start=\"818\" data-end=\"989\"><strong data-start=\"818\" data-end=\"831\">Materjal<\/strong><br data-start=\"831\" data-end=\"834\" \/>95% puuvill ja 5% elastaan \u2013 veniv, pehme ja vastupidav.<\/p>\n<p data-start=\"818\" data-end=\"989\">K\u00f5ik kangad on \u00d6ko-Tex 100 sertifikaadiga, mis t\u00e4hendab, et need on ohutud ka tundlikule nahale.<\/p>\n<p data-start=\"991\" data-end=\"1006\"><strong data-start=\"991\" data-end=\"1004\">Tarneaeg<\/strong><\/p>\n<ul data-start=\"1007\" data-end=\"1194\">\n<li data-start=\"1007\" data-end=\"1114\">\n<p data-start=\"1009\" data-end=\"1114\"><strong data-start=\"1009\" data-end=\"1038\">Kohe laos olevad suurused<\/strong>: 1\u20134 p\u00e4eva (t\u00f6\u00f6p\u00e4eval enne kl 17 tehtud tellimused saadame samal p\u00e4eval).<\/p>\n<\/li>\n<li data-start=\"1115\" data-end=\"1194\">\n<p data-start=\"1117\" data-end=\"1194\"><strong data-start=\"1117\" data-end=\"1140\">Tellimisel suurused<\/strong>: kuni 15 t\u00f6\u00f6p\u00e4eva (tihti j\u00f5uab pakk kohale kiiremini)<\/p>\n<\/li>\n<\/ul>\n<p data-start=\"1196\" data-end=\"1435\">Pusade l\u00f5iked on loodud ja kohandatud klientide tagasiside p\u00f5hjal, et need oleksid v\u00f5imalikult mugavad ja h\u00e4sti istuvad. Just seep\u00e4rast p\u00f6\u00f6rduvad paljud kliendid ikka ja j\u00e4lle meie juurde tagasi, et endale uue mustriga pusa tellida.<\/p>\n<p data-start=\"1437\" data-end=\"1606\"><strong data-start=\"1437\" data-end=\"1452\">Nipp kiireks p\u00e4evaks<\/strong><br data-start=\"1452\" data-end=\"1455\" \/>Vali oma lemmikmustriga pusa ja kombineeri see p\u00fckste v\u00f5i \u00fchev\u00e4rvilise seelikuga \u2013 nii saad kiiresti kokku mugava ja stiilse komplekti uueks p\u00e4evaks<\/p>\n<p data-start=\"1608\" data-end=\"1623\"><strong data-start=\"1608\" data-end=\"1621\">Lisainfo<\/strong><\/p>\n<ul data-start=\"1624\" data-end=\"1830\">\n<li data-start=\"1624\" data-end=\"1722\">\n<p data-start=\"1626\" data-end=\"1722\">Pusad vastavad tavap\u00e4rastele suurustele. Kui soovid avaramat istuvust, vali \u00fcks number suurem suurus<\/p>\n<\/li>\n<\/ul>\n<p><strong>Yemi Disain pusade m\u00f5\u00f5dutabel (cm)\u00a0<\/strong><\/p>\n<table style=\"height: 272px;\" width=\"741\">\n<thead>\n<tr>\n<th>M\u00f5\u00f5dud<\/th>\n<th>XS<\/th>\n<th>S<\/th>\n<th>M<\/th>\n<th>L<\/th>\n<th>XL<\/th>\n<th>2XL<\/th>\n<th>3XL<\/th>\n<\/tr>\n<\/thead>\n<tbody>\n<tr>\n<td><strong>Rinna\u00fcmberm\u00f5\u00f5t<\/strong><\/td>\n<td>83<\/td>\n<td>89<\/td>\n<td>95<\/td>\n<td>101<\/td>\n<td>107<\/td>\n<td>113<\/td>\n<td>119<\/td>\n<\/tr>\n<tr>\n<td><strong>Puusa\u00fcmberm\u00f5\u00f5t<\/strong><\/td>\n<td>86.6<\/td>\n<td>92.6<\/td>\n<td>98.6<\/td>\n<td>104.6<\/td>\n<td>110.6<\/td>\n<td>116.6<\/td>\n<td>122.6<\/td>\n<\/tr>\n<tr>\n<td><strong>Selja pikkus koos soonikuga<\/strong><\/td>\n<td>61.2<\/td>\n<td>62.7<\/td>\n<td>64.2<\/td>\n<td>65.7<\/td>\n<td>67.2<\/td>\n<td>68.7<\/td>\n<td>70.2<\/td>\n<\/tr>\n<tr>\n<td><strong>Varruka laius \u00f5lavarrel<\/strong><\/td>\n<td>34.0<\/td>\n<td>35.7<\/td>\n<td>37.4<\/td>\n<td>39.1<\/td>\n<td>40.8<\/td>\n<td>42.5<\/td>\n<td>44.2<\/td>\n<\/tr>\n<tr>\n<td><strong>Varruka pikkus mansetiga<\/strong><\/td>\n<td>58.9<\/td>\n<td>60.4<\/td>\n<td>61.9<\/td>\n<td>63.4<\/td>\n<td>64.9<\/td>\n<td>65.9<\/td>\n<td>66.9<\/td>\n<\/tr>\n<\/tbody>\n<\/table>\n<p data-start=\"1725\" data-end=\"1830\">\ud83c\udf81 Eesti k\u00e4sit\u00f6\u00f6 pusa on samuti suurep\u00e4rane kingitus nii endale kui ka l\u00e4hedastele \u2013 s\u00f5brale, emale, \u00f5ele v\u00f5i t\u00fctrele<\/p>\n<p data-start=\"1933\" data-end=\"2023\">\ud83d\udc49 Eelista kodumaist ja telli endale Yemi Disain pusa \u2013 mugav, stiilne ja loodud kestma<\/p>\n<hr data-start=\"2025\" data-end=\"2028\" \/>\n<\/div>\n<\/div>\n<\/div>\n<\/div>\n<div class=\"flex min-h-[46px] justify-start\"><\/div>\n<\/div>\n<\/div>\n<\/article>\n<\/div>\n<\/div>\n<\/div>\n<\/div>\n<p>&nbsp;<\/p>\n<p>&nbsp;<\/p>\n","protected":false},"excerpt":{"rendered":"<p>Yemi Disain pusad ja pusakleidid \u2013 mugavad, pehmed ja kodumaised Yemi Disaini pusad ja pusakleidid on loodud mugavust, ilu ja praktilisust silmas pidades. Need on valmistatud Eestis k\u00e4sit\u00f6\u00f6na ning sobivad kandmiseks igal aastaajal \u2013 nii t\u00f6\u00f6l, kodus kui ka vabal ajal. Miks valida Yemi Disain pusa v\u00f5i pusakleit? Mugav ja mitmek\u00fclgne \u2013 sobib k\u00f5igiks neljaks [&hellip;]<\/p>\n","protected":false},"featured_media":269370,"comment_status":"open","ping_status":"closed","template":"","meta":{"_acf_changed":false},"product_brand":[],"product_cat":[278],"product_tag":[],"class_list":{"0":"post-269369","1":"product","2":"type-product","3":"status-publish","4":"has-post-thumbnail","6":"product_cat-yemi-disain-ranku-darbo-megztiniai","7":"product_shipping_class-tarneaeg-1-4-paeva","9":"first","10":"instock","11":"sale","12":"taxable","13":"shipping-taxable","14":"purchasable","15":"product-type-variable","16":"has-default-attributes","17":"add-to-wishlist-after_add_to_cart"},"acf":[],"_links":{"self":[{"href":"https:\/\/tellimused.stiilne.ee\/lt\/wp-json\/wp\/v2\/product\/269369","targetHints":{"allow":["GET"]}}],"collection":[{"href":"https:\/\/tellimused.stiilne.ee\/lt\/wp-json\/wp\/v2\/product"}],"about":[{"href":"https:\/\/tellimused.stiilne.ee\/lt\/wp-json\/wp\/v2\/types\/product"}],"replies":[{"embeddable":true,"href":"https:\/\/tellimused.stiilne.ee\/lt\/wp-json\/wp\/v2\/comments?post=269369"}],"wp:featuredmedia":[{"embeddable":true,"href":"https:\/\/tellimused.stiilne.ee\/lt\/wp-json\/wp\/v2\/media\/269370"}],"wp:attachment":[{"href":"https:\/\/tellimused.stiilne.ee\/lt\/wp-json\/wp\/v2\/media?parent=269369"}],"wp:term":[{"taxonomy":"product_brand","embeddable":true,"href":"https:\/\/tellimused.stiilne.ee\/lt\/wp-json\/wp\/v2\/product_brand?post=269369"},{"taxonomy":"product_cat","embeddable":true,"href":"https:\/\/tellimused.stiilne.ee\/lt\/wp-json\/wp\/v2\/product_cat?post=269369"},{"taxonomy":"product_tag","embeddable":true,"href":"https:\/\/tellimused.stiilne.ee\/lt\/wp-json\/wp\/v2\/product_tag?post=269369"}],"curies":[{"name":"wp","href":"https:\/\/api.w.org\/{rel}","templated":true}]}}