{"id":269388,"date":"2026-03-12T10:04:12","date_gmt":"2026-03-12T08:04:12","guid":{"rendered":"https:\/\/tellimused.stiilne.ee\/toode\/efektse-mustriga-sinine-taskutega-kleit-glam-kohe-laos-viimane-suurus-m38-40-klientide-lemmik\/"},"modified":"2026-04-07T11:09:52","modified_gmt":"2026-04-07T08:09:52","slug":"melyna-suknele-su-kisenemis-ir-puosniu-rastu-glam-beveik-sandelyje-paskutinis-dydis-m38-40-kliento-mada","status":"publish","type":"product","link":"https:\/\/tellimused.stiilne.ee\/lt\/produktas\/melyna-suknele-su-kisenemis-ir-puosniu-rastu-glam-beveik-sandelyje-paskutinis-dydis-m38-40-kliento-mada\/","title":{"rendered":"M\u0117lyna suknel\u0117 su ki\u0161en\u0117mis ir puo\u0161niu ra\u0161tu Glam &#8211; beveik sand\u0117lyje paskutinis dydis M(38-40)- KLIENTO MADA"},"content":{"rendered":"<p>&nbsp;<\/p>\n<p>Puiki suknel\u0117 \u0161iek tiek v\u0117juotam ir v\u0117sesniam vasaros orui Estijoje &#8211; d\u0117v\u0117kite j\u0105 laisvalaikiu, darbe, eidamos \u012f kavin\u0119 su draug\u0117mis ar tiesiog m\u0117gaudamosi vasaros oru.Suknel\u0117 pasi\u016bta i\u0161 storesnio medvilninio audinio &#8211; tinka v\u0117sesniam vasaros orui iki 20 laipsni\u0173 &#8211; \u0161iltesniu oru gali b\u016bti kar\u0161ta.<\/p>\n<p>&nbsp;<\/p>\n<p>\u0160i fig\u016br\u0105 primenanti suknel\u0117 su mink\u0161tomis ki\u0161en\u0117mis sukurta ir pagaminta Estijoje.<\/p>\n<p>Suknel\u0117 pasi\u016bta i\u0161 95 % medviln\u0117s ir 5 % elastano &#8211; mink\u0161ta ir jauki prie odos.<\/p>\n<p>Suknel\u0117 gaminama pagal u\u017esakym\u0105 ir \u0161iuo metu jos laukiama iki 15 dien\u0173 &#8211; paprastai grei\u010diau.<\/p>\n<p>&nbsp;<\/p>\n<p><strong>Skirting\u0173 dyd\u017ei\u0173 XS, S, M, L, XL, XXL eil\u0117s tvarka<\/strong><\/p>\n<p>Kr\u016btin\u0117s apimtis 88, 92, 96, 100, 106, 112 cm<\/p>\n<p>Suknel\u0117s ilgis nuo peties &#8211; 93, 94, 96, 97, 99, 101 cm.<\/p>\n<p>NB!Suknel\u0117s audinys yra tampri med\u017eiaga &#8211; suknel\u0117 \u0161iek tiek i\u0161sitempia u\u017esid\u0117jus ant nugaros, prireikus ji taip pat \u0161iek tiek padid\u0117s.<\/p>\n<p>Nuotraukoje pavaizduotas 158 cm \u016bgio modelis &#8211; daugumai moter\u0173 suknel\u0117 yra iki keli\u0173.<\/p>\n","protected":false},"excerpt":{"rendered":"<p>&nbsp; Puiki suknel\u0117 \u0161iek tiek v\u0117juotam ir v\u0117sesniam vasaros orui Estijoje &#8211; d\u0117v\u0117kite j\u0105 laisvalaikiu, darbe, eidamos \u012f kavin\u0119 su draug\u0117mis ar tiesiog m\u0117gaudamosi vasaros oru.Suknel\u0117 pasi\u016bta i\u0161 storesnio medvilninio audinio &#8211; tinka v\u0117sesniam vasaros orui iki 20 laipsni\u0173 &#8211; \u0161iltesniu oru gali b\u016bti kar\u0161ta. &nbsp; \u0160i fig\u016br\u0105 primenanti suknel\u0117 su mink\u0161tomis ki\u0161en\u0117mis sukurta ir [&hellip;]<\/p>\n","protected":false},"featured_media":269389,"comment_status":"open","ping_status":"closed","template":"","meta":{"_acf_changed":false},"product_brand":[],"product_cat":[278],"product_tag":[],"class_list":{"0":"post-269388","1":"product","2":"type-product","3":"status-publish","4":"has-post-thumbnail","6":"product_cat-yemi-disain-ranku-darbo-megztiniai","7":"product_shipping_class-tarneaeg-1-4-paeva","9":"first","10":"instock","11":"taxable","12":"shipping-taxable","13":"product-type-variable","14":"has-default-attributes","15":"add-to-wishlist-after_add_to_cart"},"acf":[],"_links":{"self":[{"href":"https:\/\/tellimused.stiilne.ee\/lt\/wp-json\/wp\/v2\/product\/269388","targetHints":{"allow":["GET"]}}],"collection":[{"href":"https:\/\/tellimused.stiilne.ee\/lt\/wp-json\/wp\/v2\/product"}],"about":[{"href":"https:\/\/tellimused.stiilne.ee\/lt\/wp-json\/wp\/v2\/types\/product"}],"replies":[{"embeddable":true,"href":"https:\/\/tellimused.stiilne.ee\/lt\/wp-json\/wp\/v2\/comments?post=269388"}],"wp:featuredmedia":[{"embeddable":true,"href":"https:\/\/tellimused.stiilne.ee\/lt\/wp-json\/wp\/v2\/media\/269389"}],"wp:attachment":[{"href":"https:\/\/tellimused.stiilne.ee\/lt\/wp-json\/wp\/v2\/media?parent=269388"}],"wp:term":[{"taxonomy":"product_brand","embeddable":true,"href":"https:\/\/tellimused.stiilne.ee\/lt\/wp-json\/wp\/v2\/product_brand?post=269388"},{"taxonomy":"product_cat","embeddable":true,"href":"https:\/\/tellimused.stiilne.ee\/lt\/wp-json\/wp\/v2\/product_cat?post=269388"},{"taxonomy":"product_tag","embeddable":true,"href":"https:\/\/tellimused.stiilne.ee\/lt\/wp-json\/wp\/v2\/product_tag?post=269388"}],"curies":[{"name":"wp","href":"https:\/\/api.w.org\/{rel}","templated":true}]}}