{"id":269416,"date":"2026-03-12T10:04:11","date_gmt":"2026-03-12T08:04:11","guid":{"rendered":"https:\/\/tellimused.stiilne.ee\/toode\/stiilne-ja-soe-pikkade-varrukatega-mugav-taskuteta-pusakleit-glam-kohe-laos-hea-hind\/"},"modified":"2026-04-07T11:09:49","modified_gmt":"2026-04-07T08:09:49","slug":"stilinga-ir-silta-patogi-palaidines-suknele-ilgomis-rankovemis-be-kiseniu-glam-dabar-naudojama-didele-kaina","status":"publish","type":"product","link":"https:\/\/tellimused.stiilne.ee\/lt\/produktas\/stilinga-ir-silta-patogi-palaidines-suknele-ilgomis-rankovemis-be-kiseniu-glam-dabar-naudojama-didele-kaina\/","title":{"rendered":"Stilinga ir \u0161ilta patogi palaidin\u0117s suknel\u0117 ilgomis rankov\u0117mis be ki\u0161eni\u0173 Glam &#8211; DABAR NAUDOJAMA &#8211; DIDEL\u0116 KAINA"},"content":{"rendered":"<p>Miela suknel\u0117 ilgomis rankov\u0117mis Glam sukurta ir pagaminta Estijoje i\u0161 mink\u0161tos ir kokybi\u0161kos med\u017eiagos.<\/p>\n<p>Puiki suknel\u0117 Estijos klimatui, nes j\u0105 galima d\u0117v\u0117ti visais keturiais met\u0173 laikais, taip pat patogi ir \u0161ilta suknel\u0117, kuri\u0105 galima d\u0117v\u0117ti namuose.<\/p>\n<p>Suknel\u0117 pasi\u016bta i\u0161 95 % medviln\u0117s ir 5 % elastano &#8211; tai \u0161iek tiek elastinga suknel\u0117s med\u017eiaga.<\/p>\n<p>Suknel\u0117s audinys turi &#8222;Oeko-Tex 100&#8221; sertifikat\u0105 &#8211; &#8222;Oeko-Tex 100&#8221; standartas rei\u0161kia, kad visi tekstil\u0117s gaminiai yra saug\u016bs \u017emogaus sveikatai ir juose n\u0117ra pavojing\u0173 chemini\u0173 med\u017eiag\u0173, be to, gaminiai tinka jautri\u0105 od\u0105 turintiems \u017emon\u0117ms.<\/p>\n<p>Visos &#8222;Yemi Design&#8221; suknel\u0117s gaminamos Estijoje ir yra 100 % rank\u0173 darbo.<\/p>\n<p>Kadangi suknel\u0117 pagaminta i\u0161 tamprios med\u017eiagos, prireikus kr\u016btin\u0117 taip pat i\u0161sitampys.<\/p>\n<p>Dyd\u017eiai puikiai atitinka standartinius europieti\u0161kus XS-34 ir S-36 dyd\u017eius.<\/p>\n<p>SUKNEL\u0116 YRA SAND\u0116LYJE DABAR &#8211; PRISTATYSIME PER KELIAS DIENAS<\/p>\n<p>&nbsp;<\/p>\n","protected":false},"excerpt":{"rendered":"<p>Miela suknel\u0117 ilgomis rankov\u0117mis Glam sukurta ir pagaminta Estijoje i\u0161 mink\u0161tos ir kokybi\u0161kos med\u017eiagos. Puiki suknel\u0117 Estijos klimatui, nes j\u0105 galima d\u0117v\u0117ti visais keturiais met\u0173 laikais, taip pat patogi ir \u0161ilta suknel\u0117, kuri\u0105 galima d\u0117v\u0117ti namuose. Suknel\u0117 pasi\u016bta i\u0161 95 % medviln\u0117s ir 5 % elastano &#8211; tai \u0161iek tiek elastinga suknel\u0117s med\u017eiaga. Suknel\u0117s audinys [&hellip;]<\/p>\n","protected":false},"featured_media":269417,"comment_status":"open","ping_status":"closed","template":"","meta":{"_acf_changed":false},"product_brand":[],"product_cat":[299],"product_tag":[],"class_list":{"0":"post-269416","1":"product","2":"type-product","3":"status-publish","4":"has-post-thumbnail","6":"product_cat-yemi-disain-sukneles","7":"product_shipping_class-tarneaeg-1-4-paeva","9":"first","10":"instock","11":"sale","12":"taxable","13":"shipping-taxable","14":"purchasable","15":"product-type-variable","16":"has-default-attributes","17":"add-to-wishlist-after_add_to_cart"},"acf":[],"_links":{"self":[{"href":"https:\/\/tellimused.stiilne.ee\/lt\/wp-json\/wp\/v2\/product\/269416","targetHints":{"allow":["GET"]}}],"collection":[{"href":"https:\/\/tellimused.stiilne.ee\/lt\/wp-json\/wp\/v2\/product"}],"about":[{"href":"https:\/\/tellimused.stiilne.ee\/lt\/wp-json\/wp\/v2\/types\/product"}],"replies":[{"embeddable":true,"href":"https:\/\/tellimused.stiilne.ee\/lt\/wp-json\/wp\/v2\/comments?post=269416"}],"wp:featuredmedia":[{"embeddable":true,"href":"https:\/\/tellimused.stiilne.ee\/lt\/wp-json\/wp\/v2\/media\/269417"}],"wp:attachment":[{"href":"https:\/\/tellimused.stiilne.ee\/lt\/wp-json\/wp\/v2\/media?parent=269416"}],"wp:term":[{"taxonomy":"product_brand","embeddable":true,"href":"https:\/\/tellimused.stiilne.ee\/lt\/wp-json\/wp\/v2\/product_brand?post=269416"},{"taxonomy":"product_cat","embeddable":true,"href":"https:\/\/tellimused.stiilne.ee\/lt\/wp-json\/wp\/v2\/product_cat?post=269416"},{"taxonomy":"product_tag","embeddable":true,"href":"https:\/\/tellimused.stiilne.ee\/lt\/wp-json\/wp\/v2\/product_tag?post=269416"}],"curies":[{"name":"wp","href":"https:\/\/api.w.org\/{rel}","templated":true}]}}