{"id":269439,"date":"2026-03-12T10:03:48","date_gmt":"2026-03-12T08:03:48","guid":{"rendered":"https:\/\/tellimused.stiilne.ee\/toode\/naiste-beezid-stepsid-kohe-laos\/"},"modified":"2026-04-07T11:09:48","modified_gmt":"2026-04-07T08:09:48","slug":"moteru-beezid-stepsid-wohe-laos","status":"publish","type":"product","link":"https:\/\/tellimused.stiilne.ee\/lt\/produktas\/moteru-beezid-stepsid-wohe-laos\/","title":{"rendered":"Moter\u0173 beezid stepsid-WOHE LAOS"},"content":{"rendered":"<p>Auk\u0161tos kokyb\u0117s est\u0173 prek\u0117s \u017eenklo &#8222;steps&#8221; kojin\u0117s 1 pora<\/p>\n<p>Gra\u017eios &#8222;steps&#8221; kojin\u0117s, kurias gera ir patogu m\u016bv\u0117ti su balerinomis, bateliais ar teniso bateliais<\/p>\n<p>Med\u017eiaga 95 % medviln\u0117, 5 % elastanas<\/p>\n<p>&#8222;Steps beezid&#8221; kojin\u0117s yra sand\u0117lyje &#8211; pristatymo laikas &#8211; kelios darbo dienos.<\/p>\n<h5><\/h5>\n<h5><\/h5>\n","protected":false},"excerpt":{"rendered":"<p>Auk\u0161tos kokyb\u0117s est\u0173 prek\u0117s \u017eenklo &#8222;steps&#8221; kojin\u0117s 1 pora Gra\u017eios &#8222;steps&#8221; kojin\u0117s, kurias gera ir patogu m\u016bv\u0117ti su balerinomis, bateliais ar teniso bateliais Med\u017eiaga 95 % medviln\u0117, 5 % elastanas &#8222;Steps beezid&#8221; kojin\u0117s yra sand\u0117lyje &#8211; pristatymo laikas &#8211; kelios darbo dienos.<\/p>\n","protected":false},"featured_media":269440,"comment_status":"open","ping_status":"closed","template":"","meta":{"_acf_changed":false},"product_brand":[],"product_cat":[367],"product_tag":[],"class_list":{"0":"post-269439","1":"product","2":"type-product","3":"status-publish","4":"has-post-thumbnail","6":"product_cat-kojines-kojines","7":"product_shipping_class-tarneaeg-1-4-paeva","9":"first","10":"instock","11":"taxable","12":"shipping-taxable","13":"purchasable","14":"product-type-variable","15":"has-default-attributes","16":"add-to-wishlist-after_add_to_cart"},"acf":[],"_links":{"self":[{"href":"https:\/\/tellimused.stiilne.ee\/lt\/wp-json\/wp\/v2\/product\/269439","targetHints":{"allow":["GET"]}}],"collection":[{"href":"https:\/\/tellimused.stiilne.ee\/lt\/wp-json\/wp\/v2\/product"}],"about":[{"href":"https:\/\/tellimused.stiilne.ee\/lt\/wp-json\/wp\/v2\/types\/product"}],"replies":[{"embeddable":true,"href":"https:\/\/tellimused.stiilne.ee\/lt\/wp-json\/wp\/v2\/comments?post=269439"}],"wp:featuredmedia":[{"embeddable":true,"href":"https:\/\/tellimused.stiilne.ee\/lt\/wp-json\/wp\/v2\/media\/269440"}],"wp:attachment":[{"href":"https:\/\/tellimused.stiilne.ee\/lt\/wp-json\/wp\/v2\/media?parent=269439"}],"wp:term":[{"taxonomy":"product_brand","embeddable":true,"href":"https:\/\/tellimused.stiilne.ee\/lt\/wp-json\/wp\/v2\/product_brand?post=269439"},{"taxonomy":"product_cat","embeddable":true,"href":"https:\/\/tellimused.stiilne.ee\/lt\/wp-json\/wp\/v2\/product_cat?post=269439"},{"taxonomy":"product_tag","embeddable":true,"href":"https:\/\/tellimused.stiilne.ee\/lt\/wp-json\/wp\/v2\/product_tag?post=269439"}],"curies":[{"name":"wp","href":"https:\/\/api.w.org\/{rel}","templated":true}]}}