{"id":269445,"date":"2026-03-12T10:03:48","date_gmt":"2026-03-12T08:03:48","guid":{"rendered":"https:\/\/tellimused.stiilne.ee\/toode\/naiste-pistilised-mustad-stepsid-kohe-laos\/"},"modified":"2026-04-07T11:09:49","modified_gmt":"2026-04-07T08:09:49","slug":"moteriski-juodi-bateliai-su-smailiu-kulnu-dabar-naujai","status":"publish","type":"product","link":"https:\/\/tellimused.stiilne.ee\/lt\/produktas\/moteriski-juodi-bateliai-su-smailiu-kulnu-dabar-naujai\/","title":{"rendered":"Moteri\u0161ki juodi bateliai su smailiu kulnu &#8211; DABAR NAUJAI"},"content":{"rendered":"<p>&nbsp;<\/p>\n<p>Auk\u0161tos kokyb\u0117s n\u0117riniuotos Estijos prek\u0117s \u017eenklo moteri\u0161kos kojin\u0117s &#8211; idealiai tinka d\u0117v\u0117ti vasar\u0105 prie balerin\u0173 ir \u017eem\u0173 bateli\u0173<\/p>\n<p>Med\u017eiaga 12% elastanas, 88% poliamidas ir nailonas<\/p>\n<p>Pristatymo laikas 1-4 dienos, \u0161iuo metu yra sand\u0117lyje.<\/p>\n<h5><\/h5>\n","protected":false},"excerpt":{"rendered":"<p>&nbsp; Auk\u0161tos kokyb\u0117s n\u0117riniuotos Estijos prek\u0117s \u017eenklo moteri\u0161kos kojin\u0117s &#8211; idealiai tinka d\u0117v\u0117ti vasar\u0105 prie balerin\u0173 ir \u017eem\u0173 bateli\u0173 Med\u017eiaga 12% elastanas, 88% poliamidas ir nailonas Pristatymo laikas 1-4 dienos, \u0161iuo metu yra sand\u0117lyje.<\/p>\n","protected":false},"featured_media":269446,"comment_status":"open","ping_status":"closed","template":"","meta":{"_acf_changed":false},"product_brand":[],"product_cat":[367],"product_tag":[],"class_list":{"0":"post-269445","1":"product","2":"type-product","3":"status-publish","4":"has-post-thumbnail","6":"product_cat-kojines-kojines","7":"product_shipping_class-tarneaeg-1-4-paeva","9":"first","10":"instock","11":"taxable","12":"shipping-taxable","13":"purchasable","14":"product-type-variable","15":"has-default-attributes","16":"add-to-wishlist-after_add_to_cart"},"acf":[],"_links":{"self":[{"href":"https:\/\/tellimused.stiilne.ee\/lt\/wp-json\/wp\/v2\/product\/269445","targetHints":{"allow":["GET"]}}],"collection":[{"href":"https:\/\/tellimused.stiilne.ee\/lt\/wp-json\/wp\/v2\/product"}],"about":[{"href":"https:\/\/tellimused.stiilne.ee\/lt\/wp-json\/wp\/v2\/types\/product"}],"replies":[{"embeddable":true,"href":"https:\/\/tellimused.stiilne.ee\/lt\/wp-json\/wp\/v2\/comments?post=269445"}],"wp:featuredmedia":[{"embeddable":true,"href":"https:\/\/tellimused.stiilne.ee\/lt\/wp-json\/wp\/v2\/media\/269446"}],"wp:attachment":[{"href":"https:\/\/tellimused.stiilne.ee\/lt\/wp-json\/wp\/v2\/media?parent=269445"}],"wp:term":[{"taxonomy":"product_brand","embeddable":true,"href":"https:\/\/tellimused.stiilne.ee\/lt\/wp-json\/wp\/v2\/product_brand?post=269445"},{"taxonomy":"product_cat","embeddable":true,"href":"https:\/\/tellimused.stiilne.ee\/lt\/wp-json\/wp\/v2\/product_cat?post=269445"},{"taxonomy":"product_tag","embeddable":true,"href":"https:\/\/tellimused.stiilne.ee\/lt\/wp-json\/wp\/v2\/product_tag?post=269445"}],"curies":[{"name":"wp","href":"https:\/\/api.w.org\/{rel}","templated":true}]}}