{"id":269459,"date":"2026-03-12T10:03:48","date_gmt":"2026-03-12T08:03:48","guid":{"rendered":"https:\/\/tellimused.stiilne.ee\/toode\/armsad-lillelise-mustriga-aluspuksid-kohe-laos-kiire-tarne\/"},"modified":"2026-04-07T11:09:48","modified_gmt":"2026-04-07T08:09:48","slug":"mielos-geliu-rastuotos-kelnaites-skaidyti-ok-ok-cia","status":"publish","type":"product","link":"https:\/\/tellimused.stiilne.ee\/lt\/produktas\/mielos-geliu-rastuotos-kelnaites-skaidyti-ok-ok-cia\/","title":{"rendered":"Mielos g\u0117li\u0173 ra\u0161tuotos kelnait\u0117s &#8211; SKAIDYTI-OK-OK \u010cIA"},"content":{"rendered":"<p>Auk\u0161tos kokyb\u0117s Estijos prek\u0117s \u017eenklo apatin\u0117s kelnait\u0117s su gra\u017eiu g\u0117li\u0173 ra\u0161tu ir n\u0117rini\u0173 kra\u0161tais, pagamintos i\u0161 elastingos mink\u0161tos med\u017eiagos.<\/p>\n<p>Gera kokyb\u0117, gaminio spalvos i\u0161lieka net po daugkartinio skalbimo.<\/p>\n","protected":false},"excerpt":{"rendered":"<p>Auk\u0161tos kokyb\u0117s Estijos prek\u0117s \u017eenklo apatin\u0117s kelnait\u0117s su gra\u017eiu g\u0117li\u0173 ra\u0161tu ir n\u0117rini\u0173 kra\u0161tais, pagamintos i\u0161 elastingos mink\u0161tos med\u017eiagos. Gera kokyb\u0117, gaminio spalvos i\u0161lieka net po daugkartinio skalbimo.<\/p>\n","protected":false},"featured_media":269460,"comment_status":"open","ping_status":"closed","template":"","meta":{"_acf_changed":false},"product_brand":[],"product_cat":[347],"product_tag":[],"class_list":{"0":"post-269459","1":"product","2":"type-product","3":"status-publish","4":"has-post-thumbnail","6":"product_cat-moteriski-apatiniai","7":"product_shipping_class-tarneaeg-1-4-paeva","9":"first","10":"instock","11":"taxable","12":"shipping-taxable","13":"purchasable","14":"product-type-variable","15":"has-default-attributes","16":"add-to-wishlist-after_add_to_cart"},"acf":[],"_links":{"self":[{"href":"https:\/\/tellimused.stiilne.ee\/lt\/wp-json\/wp\/v2\/product\/269459","targetHints":{"allow":["GET"]}}],"collection":[{"href":"https:\/\/tellimused.stiilne.ee\/lt\/wp-json\/wp\/v2\/product"}],"about":[{"href":"https:\/\/tellimused.stiilne.ee\/lt\/wp-json\/wp\/v2\/types\/product"}],"replies":[{"embeddable":true,"href":"https:\/\/tellimused.stiilne.ee\/lt\/wp-json\/wp\/v2\/comments?post=269459"}],"wp:featuredmedia":[{"embeddable":true,"href":"https:\/\/tellimused.stiilne.ee\/lt\/wp-json\/wp\/v2\/media\/269460"}],"wp:attachment":[{"href":"https:\/\/tellimused.stiilne.ee\/lt\/wp-json\/wp\/v2\/media?parent=269459"}],"wp:term":[{"taxonomy":"product_brand","embeddable":true,"href":"https:\/\/tellimused.stiilne.ee\/lt\/wp-json\/wp\/v2\/product_brand?post=269459"},{"taxonomy":"product_cat","embeddable":true,"href":"https:\/\/tellimused.stiilne.ee\/lt\/wp-json\/wp\/v2\/product_cat?post=269459"},{"taxonomy":"product_tag","embeddable":true,"href":"https:\/\/tellimused.stiilne.ee\/lt\/wp-json\/wp\/v2\/product_tag?post=269459"}],"curies":[{"name":"wp","href":"https:\/\/api.w.org\/{rel}","templated":true}]}}