{"id":269479,"date":"2026-03-12T10:03:47","date_gmt":"2026-03-12T08:03:47","guid":{"rendered":"https:\/\/tellimused.stiilne.ee\/toode\/naiste-sokid-3-paari-kohe-laos-kiire-tarne-hea-hind\/"},"modified":"2026-04-07T11:09:48","modified_gmt":"2026-04-07T08:09:48","slug":"moteriskos-kojines-3-poros-naujos-sandelyje-kur-jums-reikia-labiausia-kaina","status":"publish","type":"product","link":"https:\/\/tellimused.stiilne.ee\/lt\/produktas\/moteriskos-kojines-3-poros-naujos-sandelyje-kur-jums-reikia-labiausia-kaina\/","title":{"rendered":"Moteri\u0161kos kojin\u0117s 3 poros &#8211; NAUJOS sand\u0117lyje &#8211; KUR JUMS REIKIA &#8211; LABIAUSIA KAINA"},"content":{"rendered":"<p>Kokybi\u0161kos esti\u0161ko prek\u0117s \u017eenklo kojin\u0117s 3 poros pakuot\u0117je &#8211; 1 pora baltos, 1 pora juodos ir 1 pora fuksij\u0173 spalvos<\/p>\n<p>Med\u017eiaga 70 % medviln\u0117, 2 % elastanas, 2 % nailonas<\/p>\n<p>Kojin\u0117s jau sand\u0117lyje &#8211; per kelias dienas.<\/p>\n","protected":false},"excerpt":{"rendered":"<p>Kokybi\u0161kos esti\u0161ko prek\u0117s \u017eenklo kojin\u0117s 3 poros pakuot\u0117je &#8211; 1 pora baltos, 1 pora juodos ir 1 pora fuksij\u0173 spalvos Med\u017eiaga 70 % medviln\u0117, 2 % elastanas, 2 % nailonas Kojin\u0117s jau sand\u0117lyje &#8211; per kelias dienas.<\/p>\n","protected":false},"featured_media":269480,"comment_status":"open","ping_status":"closed","template":"","meta":{"_acf_changed":false},"product_brand":[],"product_cat":[367],"product_tag":[],"class_list":{"0":"post-269479","1":"product","2":"type-product","3":"status-publish","4":"has-post-thumbnail","6":"product_cat-kojines-kojines","7":"product_shipping_class-tarneaeg-1-4-paeva","9":"first","10":"instock","11":"taxable","12":"shipping-taxable","13":"purchasable","14":"product-type-variable","15":"has-default-attributes","16":"add-to-wishlist-after_add_to_cart"},"acf":[],"_links":{"self":[{"href":"https:\/\/tellimused.stiilne.ee\/lt\/wp-json\/wp\/v2\/product\/269479","targetHints":{"allow":["GET"]}}],"collection":[{"href":"https:\/\/tellimused.stiilne.ee\/lt\/wp-json\/wp\/v2\/product"}],"about":[{"href":"https:\/\/tellimused.stiilne.ee\/lt\/wp-json\/wp\/v2\/types\/product"}],"replies":[{"embeddable":true,"href":"https:\/\/tellimused.stiilne.ee\/lt\/wp-json\/wp\/v2\/comments?post=269479"}],"wp:featuredmedia":[{"embeddable":true,"href":"https:\/\/tellimused.stiilne.ee\/lt\/wp-json\/wp\/v2\/media\/269480"}],"wp:attachment":[{"href":"https:\/\/tellimused.stiilne.ee\/lt\/wp-json\/wp\/v2\/media?parent=269479"}],"wp:term":[{"taxonomy":"product_brand","embeddable":true,"href":"https:\/\/tellimused.stiilne.ee\/lt\/wp-json\/wp\/v2\/product_brand?post=269479"},{"taxonomy":"product_cat","embeddable":true,"href":"https:\/\/tellimused.stiilne.ee\/lt\/wp-json\/wp\/v2\/product_cat?post=269479"},{"taxonomy":"product_tag","embeddable":true,"href":"https:\/\/tellimused.stiilne.ee\/lt\/wp-json\/wp\/v2\/product_tag?post=269479"}],"curies":[{"name":"wp","href":"https:\/\/api.w.org\/{rel}","templated":true}]}}