{"id":269485,"date":"2026-03-12T10:03:47","date_gmt":"2026-03-12T08:03:47","guid":{"rendered":"https:\/\/tellimused.stiilne.ee\/toode\/naiste-mustad-sokid-3-paari-kohe-laos-kiire-tarne\/"},"modified":"2026-04-07T11:09:47","modified_gmt":"2026-04-07T08:09:47","slug":"moteriskos-juodos-kojines-3-poros-naujai-is-parduotuves-taip-pat-skaitykite-cia","status":"publish","type":"product","link":"https:\/\/tellimused.stiilne.ee\/lt\/produktas\/moteriskos-juodos-kojines-3-poros-naujai-is-parduotuves-taip-pat-skaitykite-cia\/","title":{"rendered":"Moteri\u0161kos juodos kojin\u0117s 3 poros &#8211; NAUJAI I\u0160 PARDUOTUV\u0116S &#8211; TAIP PAT SKAITYKITE \u010cIA"},"content":{"rendered":"<p>Auk\u0161tos kokyb\u0117s Estijos prek\u0117s \u017eenklo juodos kojin\u0117s su \u017eema kle\u0161nele, 3 poros rinkinyje<\/p>\n<p>Med\u017eiaga 70% elastanas, 2% poliamidas, 28% nailonas<\/p>\n<p>Kojin\u0117s yra sand\u0117lyje &#8211; pristatymo laikas 1-4 dienos.<\/p>\n","protected":false},"excerpt":{"rendered":"<p>Auk\u0161tos kokyb\u0117s Estijos prek\u0117s \u017eenklo juodos kojin\u0117s su \u017eema kle\u0161nele, 3 poros rinkinyje Med\u017eiaga 70% elastanas, 2% poliamidas, 28% nailonas Kojin\u0117s yra sand\u0117lyje &#8211; pristatymo laikas 1-4 dienos.<\/p>\n","protected":false},"featured_media":269486,"comment_status":"open","ping_status":"closed","template":"","meta":{"_acf_changed":false},"product_brand":[],"product_cat":[367],"product_tag":[],"class_list":{"0":"post-269485","1":"product","2":"type-product","3":"status-publish","4":"has-post-thumbnail","6":"product_cat-kojines-kojines","7":"product_shipping_class-tarneaeg-1-4-paeva","9":"first","10":"instock","11":"taxable","12":"shipping-taxable","13":"purchasable","14":"product-type-variable","15":"has-default-attributes","16":"add-to-wishlist-after_add_to_cart"},"acf":[],"_links":{"self":[{"href":"https:\/\/tellimused.stiilne.ee\/lt\/wp-json\/wp\/v2\/product\/269485","targetHints":{"allow":["GET"]}}],"collection":[{"href":"https:\/\/tellimused.stiilne.ee\/lt\/wp-json\/wp\/v2\/product"}],"about":[{"href":"https:\/\/tellimused.stiilne.ee\/lt\/wp-json\/wp\/v2\/types\/product"}],"replies":[{"embeddable":true,"href":"https:\/\/tellimused.stiilne.ee\/lt\/wp-json\/wp\/v2\/comments?post=269485"}],"wp:featuredmedia":[{"embeddable":true,"href":"https:\/\/tellimused.stiilne.ee\/lt\/wp-json\/wp\/v2\/media\/269486"}],"wp:attachment":[{"href":"https:\/\/tellimused.stiilne.ee\/lt\/wp-json\/wp\/v2\/media?parent=269485"}],"wp:term":[{"taxonomy":"product_brand","embeddable":true,"href":"https:\/\/tellimused.stiilne.ee\/lt\/wp-json\/wp\/v2\/product_brand?post=269485"},{"taxonomy":"product_cat","embeddable":true,"href":"https:\/\/tellimused.stiilne.ee\/lt\/wp-json\/wp\/v2\/product_cat?post=269485"},{"taxonomy":"product_tag","embeddable":true,"href":"https:\/\/tellimused.stiilne.ee\/lt\/wp-json\/wp\/v2\/product_tag?post=269485"}],"curies":[{"name":"wp","href":"https:\/\/api.w.org\/{rel}","templated":true}]}}