{"id":269489,"date":"2026-03-12T10:03:47","date_gmt":"2026-03-12T08:03:47","guid":{"rendered":"https:\/\/tellimused.stiilne.ee\/toode\/naiste-pitsilise-mustriga-beezid-stepsid-kohe-laos-kiire-tarne\/"},"modified":"2026-04-07T11:09:48","modified_gmt":"2026-04-07T08:09:48","slug":"moteriski-neriniuoti-rastuoti-beez-stiliaus-bateliai-womens-in-store-back-to-order","status":"publish","type":"product","link":"https:\/\/tellimused.stiilne.ee\/lt\/produktas\/moteriski-neriniuoti-rastuoti-beez-stiliaus-bateliai-womens-in-store-back-to-order\/","title":{"rendered":"Moteri\u0161ki n\u0117riniuoti ra\u0161tuoti beez stiliaus bateliai-WOMEN&#8217;S IN STORE-BACK TO ORDER"},"content":{"rendered":"<p>Auk\u0161tos kokyb\u0117s est\u0173 prek\u0117s \u017eenklo kojin\u0117s steps 1 pora<\/p>\n<p>Gra\u017eios kojin\u0117s steps, kurias patogu m\u016bv\u0117ti su balerinomis, bateliais ar teniso bateliais<\/p>\n<p>Med\u017eiaga 34 % medviln\u0117 (apatin\u0117 kojini\u0173 dalis), 7 % elastanas, 59 % nailonas.<\/p>\n<h5><\/h5>\n","protected":false},"excerpt":{"rendered":"<p>Auk\u0161tos kokyb\u0117s est\u0173 prek\u0117s \u017eenklo kojin\u0117s steps 1 pora Gra\u017eios kojin\u0117s steps, kurias patogu m\u016bv\u0117ti su balerinomis, bateliais ar teniso bateliais Med\u017eiaga 34 % medviln\u0117 (apatin\u0117 kojini\u0173 dalis), 7 % elastanas, 59 % nailonas.<\/p>\n","protected":false},"featured_media":269490,"comment_status":"open","ping_status":"closed","template":"","meta":{"_acf_changed":false},"product_brand":[],"product_cat":[367],"product_tag":[],"class_list":{"0":"post-269489","1":"product","2":"type-product","3":"status-publish","4":"has-post-thumbnail","6":"product_cat-kojines-kojines","7":"product_shipping_class-tarneaeg-1-4-paeva","9":"first","10":"instock","11":"taxable","12":"shipping-taxable","13":"purchasable","14":"product-type-variable","15":"has-default-attributes","16":"add-to-wishlist-after_add_to_cart"},"acf":[],"_links":{"self":[{"href":"https:\/\/tellimused.stiilne.ee\/lt\/wp-json\/wp\/v2\/product\/269489","targetHints":{"allow":["GET"]}}],"collection":[{"href":"https:\/\/tellimused.stiilne.ee\/lt\/wp-json\/wp\/v2\/product"}],"about":[{"href":"https:\/\/tellimused.stiilne.ee\/lt\/wp-json\/wp\/v2\/types\/product"}],"replies":[{"embeddable":true,"href":"https:\/\/tellimused.stiilne.ee\/lt\/wp-json\/wp\/v2\/comments?post=269489"}],"wp:featuredmedia":[{"embeddable":true,"href":"https:\/\/tellimused.stiilne.ee\/lt\/wp-json\/wp\/v2\/media\/269490"}],"wp:attachment":[{"href":"https:\/\/tellimused.stiilne.ee\/lt\/wp-json\/wp\/v2\/media?parent=269489"}],"wp:term":[{"taxonomy":"product_brand","embeddable":true,"href":"https:\/\/tellimused.stiilne.ee\/lt\/wp-json\/wp\/v2\/product_brand?post=269489"},{"taxonomy":"product_cat","embeddable":true,"href":"https:\/\/tellimused.stiilne.ee\/lt\/wp-json\/wp\/v2\/product_cat?post=269489"},{"taxonomy":"product_tag","embeddable":true,"href":"https:\/\/tellimused.stiilne.ee\/lt\/wp-json\/wp\/v2\/product_tag?post=269489"}],"curies":[{"name":"wp","href":"https:\/\/api.w.org\/{rel}","templated":true}]}}