{"id":275132,"date":"2026-04-14T16:30:28","date_gmt":"2026-04-14T13:30:28","guid":{"rendered":"https:\/\/tellimused.stiilne.ee\/toode\/tiina-mutsid-moteriska-ranku-darbo-skrybele-is-medvilniniu-siulu-melyna-knyga-yra-sandelyje\/"},"modified":"2026-04-14T16:30:28","modified_gmt":"2026-04-14T13:30:28","slug":"tiina-mutsid-moteriska-ranku-darbo-skrybele-is-medvilniniu-siulu-melyna-knyga-yra-sandelyje","status":"publish","type":"product","link":"https:\/\/tellimused.stiilne.ee\/lt\/produktas\/tiina-mutsid-moteriska-ranku-darbo-skrybele-is-medvilniniu-siulu-melyna-knyga-yra-sandelyje\/","title":{"rendered":"TIINA M\u00dcTSID moteri\u0161ka rank\u0173 darbo skryb\u0117l\u0117 i\u0161 medvilnini\u0173 si\u016bl\u0173, m\u0117lyna &#8211; Knyga yra sand\u0117lyje"},"content":{"rendered":"<h2 data-section-id=\"6uht2f\" data-start=\"69\" data-end=\"152\"><span role=\"text\"><strong data-start=\"72\" data-end=\"152\">Est\u0173 rank\u0173 darbo medvilnin\u0117 moteri\u0161ka kepur\u0117 &#8211; patogi ir stilinga kepur\u0117, kuri\u0105 galima d\u0117v\u0117ti visus metus.<\/strong><\/span><\/h2>\n<h2 data-section-id=\"63f0pc\" data-start=\"159\" data-end=\"226\"><span role=\"text\"><strong data-start=\"162\" data-end=\"226\">Mink\u0161ta medvilnin\u0117 kepurait\u0117, kuri nie\u017eti ir neprakaituoja<\/strong><\/span><\/h2>\n<p data-start=\"228\" data-end=\"439\">\u0160i Estijoje rank\u0173 darbo moteri\u0161ka kepur\u0117 skirta kasdieniam patogiam d\u0117v\u0117jimui. Kepur\u0117 pagaminta i\u0161 auk\u0161tos kokyb\u0117s mink\u0161t\u0173 medvilnini\u0173 si\u016bl\u0173, kurie nesukelia galvos nie\u017eulio ir prakaito, bet leid\u017eia odai kv\u0117puoti. <\/p>\n<p data-start=\"441\" data-end=\"573\">\u0160i\u0105 medvilnin\u0119 kepur\u0119 d\u0117l jos med\u017eiagos galima d\u0117v\u0117ti visus metus &#8211; pavasar\u012f, ruden\u012f, \u017eiem\u0105 ir net v\u0117sesn\u0117mis vasaros dienomis.<\/p>\n<h2 data-section-id=\"1rhavos\" data-start=\"580\" data-end=\"634\"><span role=\"text\"><strong data-start=\"583\" data-end=\"634\">Vienas dydis tinka visiems &#8211; sukurta Estijos moterims<\/strong><\/span><\/h2>\n<p data-start=\"636\" data-end=\"745\">Skryb\u0117l\u0117s dydis atitinka populiariausi\u0105 Estijos moter\u0173 galvos dyd\u012f, tod\u0117l ji gerai priglunda ir yra patogi.<\/p>\n<p data-start=\"747\" data-end=\"858\">Tai taip pat puikus pasirinkimas tiems, kurie anks\u010diau galvojo<br data-start=\"800\" data-end=\"803\"><em data-start=\"803\" data-end=\"831\">&#8222;Man netinka jokia skryb\u0117l\u0117&#8221;<\/em> arba <em data-start=\"836\" data-end=\"857\">&#8222;A\u0161 nene\u0161ioju skryb\u0117li\u0173&#8221;<\/em>.<\/p>\n<h2 data-section-id=\"f8p26y\" data-start=\"865\" data-end=\"913\"><span role=\"text\"><strong data-start=\"868\" data-end=\"913\">Suteikite savo aprangai spalv\u0173 ir asmeni\u0161kumo<\/strong><\/span><\/h2>\n<p data-start=\"915\" data-end=\"1099\">Stilinga rank\u0173 darbo skryb\u0117l\u0117 &#8211; paprastas b\u016bdas kasdienei aprangai suteikti spalv\u0173 ir asmeni\u0161kumo. J\u0105 derinkite prie d\u017eins\u0173, palto ar suknel\u0117s &#8211; viena skryb\u0117l\u0117, daugyb\u0117 skirting\u0173 jos d\u0117v\u0117jimo b\u016bd\u0173. <\/p>\n<h2 data-section-id=\"11v0wa1\" data-start=\"1106\" data-end=\"1159\"><span role=\"text\"><strong data-start=\"1109\" data-end=\"1159\">Pagaminta rankomis &#8211; kiekviena skryb\u0117l\u0117 turi savo istorij\u0105<\/strong><\/span><\/h2>\n<p data-start=\"1161\" data-end=\"1271\">Visas kepures rankomis gamina Saku gyvenanti teta Tiina, kuri kiekvien\u0105 kepur\u0119 aud\u017eia su meile ir r\u016bpes\u010diu.<\/p>\n<p data-start=\"1273\" data-end=\"1424\">Jei atsitikt\u0173 taip, kad j\u016bs\u0173 pasirinktos spalvos kepur\u0117 baigt\u0173si, nesijaudinkite &#8211; teta Tiina greitai numegs jums nauj\u0105 kepur\u0119, kurios laukti reik\u0117s ma\u017edaug 1 savait\u0119.<\/p>\n<h2 data-section-id=\"1iju7gb\" data-start=\"1431\" data-end=\"1478\"><span role=\"text\"><strong data-start=\"1434\" data-end=\"1478\">Greitas pristatymas  <\/strong><\/span><\/h2>\n<p data-start=\"1480\" data-end=\"1641\">\u2714 Kepur\u0117 paprastai i\u0161 karto b\u016bna sand\u0117lyje<br data-start=\"1515\" data-end=\"1518\">\u2714 Pristatymo laikas 1-4 darbo dienos<br data-start=\"1541\" data-end=\"1544\">\u2714 Pasibaigus spalvai, nauja rank\u0173 darbo kepur\u0117 bus paruo\u0161ta ma\u017edaug per savait\u0119<br data-start=\"1603\" data-end=\"1606\">\u2714 Puikiai tinka ir kaip dovana.<\/p>\n<p data-start=\"1480\" data-end=\"1641\">Jei ie\u0161kote asmenin\u0117s, odai draugi\u0161kos kepur\u0117s su ypatinga istorija, kurios nerasite \u012fprastoje parduotuv\u0117je, tai kepur\u0117, su kuria jausit\u0117s gerai ir kuri\u0105 mielai d\u0117v\u0117site kiekvien\u0105 dien\u0105.<\/p>\n","protected":false},"excerpt":{"rendered":"<p>Est\u0173 rank\u0173 darbo medvilnin\u0117 moteri\u0161ka kepur\u0117 &#8211; patogi ir stilinga kepur\u0117, kuri\u0105 galima d\u0117v\u0117ti visus metus. Mink\u0161ta medvilnin\u0117 kepurait\u0117, kuri nie\u017eti ir neprakaituoja \u0160i Estijoje rank\u0173 darbo moteri\u0161ka kepur\u0117 skirta kasdieniam patogiam d\u0117v\u0117jimui. Kepur\u0117 pagaminta i\u0161 auk\u0161tos kokyb\u0117s mink\u0161t\u0173 medvilnini\u0173 si\u016bl\u0173, kurie nesukelia galvos nie\u017eulio ir prakaito, bet leid\u017eia odai kv\u0117puoti. \u0160i\u0105 medvilnin\u0119 kepur\u0119 d\u0117l [&hellip;]<\/p>\n","protected":false},"featured_media":275136,"comment_status":"open","ping_status":"closed","template":"","meta":{"_acf_changed":false},"product_brand":[],"product_cat":[264],"product_tag":[],"class_list":{"0":"post-275132","1":"product","2":"type-product","3":"status-publish","4":"has-post-thumbnail","6":"product_cat-kepures-pirstines-salikai","7":"product_shipping_class-tarneaeg-1-4-paeva","9":"first","10":"instock","11":"taxable","12":"shipping-taxable","13":"purchasable","14":"product-type-variable","15":"has-default-attributes","16":"add-to-wishlist-after_add_to_cart"},"acf":[],"_links":{"self":[{"href":"https:\/\/tellimused.stiilne.ee\/lt\/wp-json\/wp\/v2\/product\/275132","targetHints":{"allow":["GET"]}}],"collection":[{"href":"https:\/\/tellimused.stiilne.ee\/lt\/wp-json\/wp\/v2\/product"}],"about":[{"href":"https:\/\/tellimused.stiilne.ee\/lt\/wp-json\/wp\/v2\/types\/product"}],"replies":[{"embeddable":true,"href":"https:\/\/tellimused.stiilne.ee\/lt\/wp-json\/wp\/v2\/comments?post=275132"}],"wp:featuredmedia":[{"embeddable":true,"href":"https:\/\/tellimused.stiilne.ee\/lt\/wp-json\/wp\/v2\/media\/275136"}],"wp:attachment":[{"href":"https:\/\/tellimused.stiilne.ee\/lt\/wp-json\/wp\/v2\/media?parent=275132"}],"wp:term":[{"taxonomy":"product_brand","embeddable":true,"href":"https:\/\/tellimused.stiilne.ee\/lt\/wp-json\/wp\/v2\/product_brand?post=275132"},{"taxonomy":"product_cat","embeddable":true,"href":"https:\/\/tellimused.stiilne.ee\/lt\/wp-json\/wp\/v2\/product_cat?post=275132"},{"taxonomy":"product_tag","embeddable":true,"href":"https:\/\/tellimused.stiilne.ee\/lt\/wp-json\/wp\/v2\/product_tag?post=275132"}],"curies":[{"name":"wp","href":"https:\/\/api.w.org\/{rel}","templated":true}]}}