{"id":275145,"date":"2026-04-14T16:30:49","date_gmt":"2026-04-14T13:30:49","guid":{"rendered":"https:\/\/tellimused.stiilne.ee\/toode\/vero-moda-juodos-platejancios-kelnes-moterims-166-174-cml32-naujai-ispardavimas\/"},"modified":"2026-04-14T16:43:27","modified_gmt":"2026-04-14T13:43:27","slug":"vero-moda-juodos-platejancios-kelnes-moterims-166-174-cml32-naujai-ispardavimas","status":"publish","type":"product","link":"https:\/\/tellimused.stiilne.ee\/lt\/produktas\/vero-moda-juodos-platejancios-kelnes-moterims-166-174-cml32-naujai-ispardavimas\/","title":{"rendered":"&#8222;Vero Moda&#8221; juodos plat\u0117jan\u010dios keln\u0117s moterims 166-174 cm(L32) &#8211; NAUJAI I\u0160PARDAVIMAS"},"content":{"rendered":"<div class=\"relative basis-auto flex-col -mb-(--composer-overlap-px) pb-(--composer-overlap-px) [--composer-overlap-px:28px] grow flex\">\n<div class=\"flex flex-col text-sm pb-25\">\n<section class=\"text-token-text-primary w-full focus:outline-none [--shadow-height:45px] has-data-writing-block:pointer-events-none has-data-writing-block:-mt-(--shadow-height) has-data-writing-block:pt-(--shadow-height) [&amp;:has([data-writing-block])&gt;*]:pointer-events-auto scroll-mt-[calc(var(--header-height)+min(200px,max(70px,20svh)))]\" dir=\"auto\" data-turn-id=\"request-WEB:b4528ed4-e756-4802-ad06-b51406a12c3e-0\" data-testid=\"conversation-turn-2\" data-scroll-anchor=\"true\" data-turn=\"assistant\">\n<div class=\"text-base my-auto mx-auto pb-10 [--thread-content-margin:var(--thread-content-margin-xs,calc(var(--spacing)*4))] @w-sm\/main:[--thread-content-margin:var(--thread-content-margin-sm,calc(var(--spacing)*6))] @w-lg\/main:[--thread-content-margin:var(--thread-content-margin-lg,calc(var(--spacing)*16))] px-(--thread-content-margin)\">\n<div class=\"[--thread-content-max-width:40rem] @w-lg\/main:[--thread-content-max-width:48rem] mx-auto max-w-(--thread-content-max-width) flex-1 group\/turn-messages focus-visible:outline-hidden relative flex w-full min-w-0 flex-col agent-turn\">\n<div class=\"flex max-w-full flex-col gap-4 grow\">\n<div class=\"min-h-8 text-message relative flex w-full flex-col items-end gap-2 text-start break-words whitespace-normal outline-none keyboard-focused:focus-ring [.text-message+&amp;]:mt-1\" dir=\"auto\" tabindex=\"0\" data-message-author-role=\"assistant\" data-message-id=\"477bd616-aad9-47b2-9263-6eb089256f57\" data-turn-start-message=\"true\" data-message-model-slug=\"gpt-5-3\">\n<div class=\"flex w-full flex-col gap-1 empty:hidden\">\n<div class=\"markdown prose dark:prose-invert w-full wrap-break-word light markdown-new-styling\">\n<h2 data-section-id=\"ng1xhf\" data-start=\"0\" data-end=\"84\"><span role=\"text\"><strong data-start=\"3\" data-end=\"84\">&#8222;Vero Moda&#8221; juodos moteri\u0161kos pla\u010dios keln\u0117s &#8211; patogios, tamprios ir palankios formoms<\/strong><\/span><\/h2>\n<p data-start=\"86\" data-end=\"294\">Ie\u0161kote <strong data-start=\"92\" data-end=\"123\">patogi\u0173 juod\u0173 moteri\u0161k\u0173 kelni\u0173<\/strong> darbui ar pramogoms? \u0160ios <strong data-start=\"170\" data-end=\"214\">&#8222;Vero Moda&#8221; plat\u0117jan\u010dios elastin\u0117s keln\u0117s<\/strong> yra puikus pasirinkimas &#8211; stilingos, prakti\u0161kos ir puikiai tinka d\u0117v\u0117ti tiek darbe, tiek pramogaujant. <\/p>\n<h2 data-section-id=\"1m8etqv\" data-start=\"301\" data-end=\"351\"><span role=\"text\"><strong data-start=\"304\" data-end=\"351\">Kod\u0117l \u0161ios keln\u0117s yra geras pasirinkimas?<\/strong><\/span><\/h2>\n<p data-start=\"353\" data-end=\"648\">\u2714\ufe0f <strong data-start=\"356\" data-end=\"380\">Patogus tamprus audinys<\/strong> &#8211; nespaud\u017eia ir nei\u0161pu\u010dia<br data-start=\"403\" data-end=\"406\">\u2714\ufe0f <strong data-start=\"409\" data-end=\"421\">Pla\u010dios kojos<\/strong> &#8211; sukuria gra\u017e\u0173 siluet\u0105, net jei neturite modelio fig\u016bros<br data-start=\"453\" data-end=\"456\">\u2714\ufe0f <strong data-start=\"459\" data-end=\"484\">Fig\u016br\u0105 modeliuojantis kirpimas<\/strong> &#8211; puikiai tinka apk\u016bnesn\u0117ms fig\u016broms<br data-start=\"520\" data-end=\"523\">\u2714\ufe0f <strong data-start=\"526\" data-end=\"551\">Tamprus elastingas juosmuo<\/strong> &#8211; maksimalus d\u0117v\u0117jimo komfortas<br data-start=\"580\" data-end=\"583\">\u2714\ufe0f <strong data-start=\"586\" data-end=\"605\">Am\u017eina juoda spalva<\/strong> &#8211; lengva derinti prie \u012fvairi\u0173 drabu\u017ei\u0173.<\/p>\n<h2 data-section-id=\"wp4nqt\" data-start=\"800\" data-end=\"857\"><span role=\"text\"><strong data-start=\"803\" data-end=\"857\">Stilius ir naudojimas &#8211; viena kelni\u0173 pora, daugyb\u0117 variant\u0173<\/strong><\/span><\/h2>\n<p data-start=\"859\" data-end=\"918\">\u0160ios <strong data-start=\"864\" data-end=\"894\">juodos moteri\u0161kos pla\u010dios keln\u0117s<\/strong> puikiai tinka tiek&#8230;<\/p>\n<p data-start=\"920\" data-end=\"1013\">\ud83d\udc5f s <strong data-start=\"923\" data-end=\"936\">u sportba\u010diais<\/strong> &#8211; sportinis ir patogus \u012fvaizdis<br data-start=\"961\" data-end=\"964\">\ud83d\udc60 <strong data-start=\"967\" data-end=\"980\">su bateliais<\/strong> &#8211; mandagesnis ir eleganti\u0161kesnis stilius, pavyzd\u017eiui, \u012f darb\u0105, mokykl\u0105 ar teatr\u0105.<\/p>\n<p data-start=\"1015\" data-end=\"1091\">Vienu gaminiu galite patenkinti ir <strong data-start=\"1042\" data-end=\"1090\">kasdien\u0117s, ir oficialios aprangos poreikius<\/strong>.<\/p>\n<h2 data-section-id=\"o0m8q9\" data-start=\"1835\" data-end=\"1858\"><span role=\"text\"><strong data-start=\"1838\" data-end=\"1858\">Informacija apie ilg\u012f<\/strong><\/span><\/h2>\n<p data-start=\"1860\" data-end=\"1982\"><strong data-start=\"1863\" data-end=\"1881\">Kelni\u0173 ilgis<\/strong> L32<br data-start=\"1885\" data-end=\"1888\"> Vidinis rankov\u0117s<strong data-start=\"1891\" data-end=\"1912\">ilgis<\/strong> 77 cm<br data-start=\"1918\" data-end=\"1921\"><strong data-start=\"1924\" data-end=\"1943\">Tinka<\/strong> ma\u017edaug <strong data-start=\"1950\" data-end=\"1982\">166-174 cm \u016bgio moterims.<\/strong><\/p>\n<h2 data-section-id=\"yrclwg\" data-start=\"1098\" data-end=\"1123\"><span role=\"text\"><strong data-start=\"1101\" data-end=\"1123\">Kelni\u0173 ypatyb\u0117s<\/strong><\/span><\/h2>\n<p data-start=\"1125\" data-end=\"1143\">\u2714\ufe0f <strong data-start=\"1128\" data-end=\"1141\">Med\u017eiaga<\/strong><\/p>\n<ul data-start=\"1144\" data-end=\"1218\">\n<li data-section-id=\"gq677d\" data-start=\"1144\" data-end=\"1184\">53 % perdirbto poliesterio (PES \u267b\ufe0f)<\/li>\n<li data-section-id=\"1t4bf01\" data-start=\"1185\" data-end=\"1202\">42 % poliesteris<\/li>\n<li data-section-id=\"ifyqs9\" data-start=\"1203\" data-end=\"1218\">5 % elastano<\/li>\n<\/ul>\n<p data-start=\"1389\" data-end=\"1406\">\u2714\ufe0f <strong data-start=\"1392\" data-end=\"1404\">S\u0117dimas darbas<\/strong><\/p>\n<ul data-start=\"1407\" data-end=\"1475\">\n<li data-section-id=\"7t5tal\" data-start=\"1407\" data-end=\"1419\">Pla\u010dios kojos<\/li>\n<li data-section-id=\"18hgr6j\" data-start=\"1420\" data-end=\"1436\">I\u0161tempiamasis audinys<\/li>\n<li data-section-id=\"l4h326\" data-start=\"1437\" data-end=\"1475\">Tinka ir apk\u016bnesnei fig\u016brai<\/li>\n<\/ul>\n<h2 data-section-id=\"eew3fy\" data-start=\"1482\" data-end=\"1531\"><span role=\"text\"><strong data-start=\"1485\" data-end=\"1531\">Pasirinkti dyd\u012f &#8211; paprasta ir nerizikinga<\/strong><\/span><\/h2>\n<p data-start=\"1533\" data-end=\"1621\"><strong data-start=\"1535\" data-end=\"1566\">Dydis netinkamas? Joki\u0173 problem\u0173 \ud83d\udce6 Keitimas visada NEMOKAMAS su DPD gr\u0105\u017einimo kodu. <\/strong><\/p>\n<h2 data-section-id=\"w9z72o\" data-start=\"1670\" data-end=\"1703\"><span role=\"text\"><strong data-start=\"1673\" data-end=\"1703\">Greitas pristatymas<\/strong><\/span><\/h2>\n<p data-start=\"1705\" data-end=\"1769\"><strong data-start=\"1708\" data-end=\"1737\">Produktas jau yra sand\u0117lyje<\/strong><br data-start=\"1737\" data-end=\"1740\"><strong data-start=\"1743\" data-end=\"1769\">Pristatymo laikas: 1-3 darbo dienos<\/strong><\/p>\n<h2 data-section-id=\"10glw6m\" data-start=\"1835\" data-end=\"1874\"><span role=\"text\"><strong data-start=\"1838\" data-end=\"1874\">Kam skirtos \u0161ios keln\u0117s?<\/strong><\/span><\/h2>\n<p data-start=\"1876\" data-end=\"2098\">\u2714\ufe0f Moterims, kurios vertina <strong data-start=\"1899\" data-end=\"1929\">patogum\u0105 ir stili\u0173 vienu metu<\/strong><br data-start=\"1929\" data-end=\"1932\">\u2714\ufe0f Jei ie\u0161kote <strong data-start=\"1945\" data-end=\"1994\">elasting\u0173 moteri\u0161k\u0173 kelni\u0173 kasdieniam d\u0117v\u0117jimui<\/strong><br data-start=\"1994\" data-end=\"1997\">\u2714\ufe0f Jei norite <strong data-start=\"2011\" data-end=\"2043\">fig\u016br\u0105 i\u0161ry\u0161kinan\u010di\u0173 pla\u010di\u0173 kelni\u0173<\/strong>.<\/p>\n<p data-start=\"1876\" data-end=\"2098\">\u2714\ufe0f Jei norite <strong data-start=\"2069\" data-end=\"2098\">moteri\u0161kesn\u0117s<\/strong> d\u017eins\u0173 <strong data-start=\"2069\" data-end=\"2098\">alternatyvos<\/strong><\/p>\n<p data-start=\"2105\" data-end=\"2282\" data-is-last-node=\"\" data-is-only-node=\"\">Jei ie\u0161kote <strong data-start=\"2135\" data-end=\"2172\">patogi\u0173 juod\u0173 pla\u010di\u0173 kelni\u0173<\/strong> darbui ar pramogoms, \u0161ios keln\u0117s yra geras pasirinkimas &#8211; stilingos, patogios ir prakti\u0161kos bet kokiam garderobui.<\/p>\n<p data-start=\"2105\" data-end=\"2282\" data-is-last-node=\"\" data-is-only-node=\"\">I\u0161sirinkite gra\u017ei\u0105 medvilnin\u0119 palaidin\u0119 prie kelni\u0173 \u010dia <a href=\"https:\/\/www.stiilne.ee\/tootekategooria\/naistele\/naiste-riided\/yemi-disain-kasitoo-pusad\/\">https:\/\/www.stiilne.ee\/tootekategooria\/naistele\/naiste-riided\/yemi-disain-kasitoo-pusad\/<\/a>.<\/p>\n<\/div>\n<\/div>\n<\/div>\n<\/div>\n<div class=\"mt-3 w-full empty:hidden\">\n<div class=\"text-center\"><\/div>\n<\/div>\n<\/div>\n<\/div>\n<\/section>\n<\/div>\n<\/div>\n<div id=\"thread-bottom-container\" class=\"sticky bottom-0 z-10 group\/thread-bottom-container relative isolate w-full basis-auto has-data-has-thread-error:pt-2 has-data-has-thread-error:[box-shadow:var(--sharp-edge-bottom-shadow)] md:border-transparent md:pt-0 dark:border-white\/20 md:dark:border-transparent print:hidden content-fade single-line flex flex-col\">\n<div id=\"thread-bottom\">\n<div class=\"text-base mx-auto [--thread-content-margin:var(--thread-content-margin-xs,calc(var(--spacing)*4))] @w-sm\/main:[--thread-content-margin:var(--thread-content-margin-sm,calc(var(--spacing)*6))] @w-lg\/main:[--thread-content-margin:var(--thread-content-margin-lg,calc(var(--spacing)*16))] px-(--thread-content-margin)\">\n<div class=\"[--thread-content-max-width:40rem] @w-lg\/main:[--thread-content-max-width:48rem] mx-auto max-w-(--thread-content-max-width) flex-1 mb-[var(--thread-component-gap,1rem)]\">\n<div class=\"pointer-events-auto relative z-1 flex h-(--composer-container-height,100%) max-w-full flex-(--composer-container-flex,1) flex-col\">\n<form class=\"group\/composer w-full\" data-type=\"unified-composer\" aria-label=\"Chat with ChatGPT\">\n<div class=\"\">\n<div class=\"bg-token-bg-primary corner-superellipse\/1.1 cursor-text overflow-clip bg-clip-padding p-2.5 contain-inline-size motion-safe:transition-colors motion-safe:duration-200 motion-safe:ease-in-out dark:bg-[#303030] grid grid-cols-[auto_1fr_auto] [grid-template-areas:'header_header_header'_'leading_primary_trailing'_'._footer_.'] group-data-expanded\/composer:[grid-template-areas:'header_header_header'_'primary_primary_primary'_'leading_footer_trailing'] shadow-short-composer\" data-composer-surface=\"true\">\n<div class=\"-my-2.5 flex min-h-14 items-center overflow-x-hidden px-1.5 [grid-area:primary] group-data-expanded\/composer:mb-0 group-data-expanded\/composer:px-2.5\">\n<div class=\"wcDTda_prosemirror-parent text-token-text-primary max-h-[max(30svh,5rem)] max-h-52 min-h-[var(--deep-research-composer-extra-height,unset)] flex-1 overflow-auto [scrollbar-width:thin] default-browser vertical-scroll-fade-mask\">\n<div id=\"prompt-textarea\" class=\"ProseMirror\" role=\"textbox\" contenteditable=\"true\" translate=\"no\" data-virtualkeyboard=\"true\" aria-multiline=\"true\" aria-label=\"Chat with ChatGPT\"><\/div>\n<\/div>\n<\/div>\n<\/div>\n<\/div>\n<\/form>\n<\/div>\n<\/div>\n<\/div>\n<\/div>\n<\/div>\n","protected":false},"excerpt":{"rendered":"<p>&#8222;Vero Moda&#8221; juodos moteri\u0161kos pla\u010dios keln\u0117s &#8211; patogios, tamprios ir palankios formoms Ie\u0161kote patogi\u0173 juod\u0173 moteri\u0161k\u0173 kelni\u0173 darbui ar pramogoms? \u0160ios &#8222;Vero Moda&#8221; plat\u0117jan\u010dios elastin\u0117s keln\u0117s yra puikus pasirinkimas &#8211; stilingos, prakti\u0161kos ir puikiai tinka d\u0117v\u0117ti tiek darbe, tiek pramogaujant. Kod\u0117l \u0161ios keln\u0117s yra geras pasirinkimas? \u2714\ufe0f Patogus tamprus audinys &#8211; nespaud\u017eia ir nei\u0161pu\u010dia\u2714\ufe0f Pla\u010dios [&hellip;]<\/p>\n","protected":false},"featured_media":274963,"comment_status":"closed","ping_status":"closed","template":"","meta":{"_acf_changed":false},"product_brand":[],"product_cat":[499],"product_tag":[],"class_list":{"0":"post-275145","1":"product","2":"type-product","3":"status-publish","4":"has-post-thumbnail","6":"product_cat-vero-moda-kelnes-2","7":"product_shipping_class-tarneaeg-1-4-paeva","9":"first","10":"instock","11":"sale","12":"taxable","13":"shipping-taxable","14":"purchasable","15":"product-type-variable","16":"has-default-attributes","17":"add-to-wishlist-after_add_to_cart"},"acf":[],"_links":{"self":[{"href":"https:\/\/tellimused.stiilne.ee\/lt\/wp-json\/wp\/v2\/product\/275145","targetHints":{"allow":["GET"]}}],"collection":[{"href":"https:\/\/tellimused.stiilne.ee\/lt\/wp-json\/wp\/v2\/product"}],"about":[{"href":"https:\/\/tellimused.stiilne.ee\/lt\/wp-json\/wp\/v2\/types\/product"}],"replies":[{"embeddable":true,"href":"https:\/\/tellimused.stiilne.ee\/lt\/wp-json\/wp\/v2\/comments?post=275145"}],"wp:featuredmedia":[{"embeddable":true,"href":"https:\/\/tellimused.stiilne.ee\/lt\/wp-json\/wp\/v2\/media\/274963"}],"wp:attachment":[{"href":"https:\/\/tellimused.stiilne.ee\/lt\/wp-json\/wp\/v2\/media?parent=275145"}],"wp:term":[{"taxonomy":"product_brand","embeddable":true,"href":"https:\/\/tellimused.stiilne.ee\/lt\/wp-json\/wp\/v2\/product_brand?post=275145"},{"taxonomy":"product_cat","embeddable":true,"href":"https:\/\/tellimused.stiilne.ee\/lt\/wp-json\/wp\/v2\/product_cat?post=275145"},{"taxonomy":"product_tag","embeddable":true,"href":"https:\/\/tellimused.stiilne.ee\/lt\/wp-json\/wp\/v2\/product_tag?post=275145"}],"curies":[{"name":"wp","href":"https:\/\/api.w.org\/{rel}","templated":true}]}}