{"id":275162,"date":"2026-04-14T16:27:40","date_gmt":"2026-04-14T13:27:40","guid":{"rendered":"https:\/\/tellimused.stiilne.ee\/toode\/new-balance-ryskiai-melynos-spalvos-moteriski-teniso-bateliai-isparduoti-didele-kaina\/"},"modified":"2026-04-14T16:43:34","modified_gmt":"2026-04-14T13:43:34","slug":"new-balance-ryskiai-melynos-spalvos-moteriski-teniso-bateliai-isparduoti-didele-kaina","status":"publish","type":"product","link":"https:\/\/tellimused.stiilne.ee\/lt\/produktas\/new-balance-ryskiai-melynos-spalvos-moteriski-teniso-bateliai-isparduoti-didele-kaina\/","title":{"rendered":"NEW BALANCE ry\u0161kiai m\u0117lynos spalvos moteri\u0161ki teniso bateliai &#8211; I\u0160PARDUOTI &#8211; DIDEL\u0116 KAINA"},"content":{"rendered":"","protected":false},"excerpt":{"rendered":"","protected":false},"featured_media":275177,"comment_status":"closed","ping_status":"closed","template":"","meta":{"_acf_changed":false},"product_brand":[],"product_cat":[357],"product_tag":[],"class_list":{"0":"post-275162","1":"product","2":"type-product","3":"status-publish","4":"has-post-thumbnail","6":"product_cat-laisvalaikio-avalyne","8":"first","9":"instock","10":"sale","11":"taxable","12":"shipping-taxable","13":"purchasable","14":"product-type-variable","15":"has-default-attributes","16":"add-to-wishlist-after_add_to_cart"},"acf":[],"_links":{"self":[{"href":"https:\/\/tellimused.stiilne.ee\/lt\/wp-json\/wp\/v2\/product\/275162","targetHints":{"allow":["GET"]}}],"collection":[{"href":"https:\/\/tellimused.stiilne.ee\/lt\/wp-json\/wp\/v2\/product"}],"about":[{"href":"https:\/\/tellimused.stiilne.ee\/lt\/wp-json\/wp\/v2\/types\/product"}],"replies":[{"embeddable":true,"href":"https:\/\/tellimused.stiilne.ee\/lt\/wp-json\/wp\/v2\/comments?post=275162"}],"wp:featuredmedia":[{"embeddable":true,"href":"https:\/\/tellimused.stiilne.ee\/lt\/wp-json\/wp\/v2\/media\/275177"}],"wp:attachment":[{"href":"https:\/\/tellimused.stiilne.ee\/lt\/wp-json\/wp\/v2\/media?parent=275162"}],"wp:term":[{"taxonomy":"product_brand","embeddable":true,"href":"https:\/\/tellimused.stiilne.ee\/lt\/wp-json\/wp\/v2\/product_brand?post=275162"},{"taxonomy":"product_cat","embeddable":true,"href":"https:\/\/tellimused.stiilne.ee\/lt\/wp-json\/wp\/v2\/product_cat?post=275162"},{"taxonomy":"product_tag","embeddable":true,"href":"https:\/\/tellimused.stiilne.ee\/lt\/wp-json\/wp\/v2\/product_tag?post=275162"}],"curies":[{"name":"wp","href":"https:\/\/api.w.org\/{rel}","templated":true}]}}