{"id":275207,"date":"2026-04-14T16:24:05","date_gmt":"2026-04-14T13:24:05","guid":{"rendered":"https:\/\/tellimused.stiilne.ee\/toode\/vero-moda-sviesiai-zalias-moteriskas-megztinis-doffy-udis-where-in-stock\/"},"modified":"2026-04-14T16:24:05","modified_gmt":"2026-04-14T13:24:05","slug":"vero-moda-sviesiai-zalias-moteriskas-megztinis-doffy-udis-where-in-stock","status":"publish","type":"product","link":"https:\/\/tellimused.stiilne.ee\/lt\/produktas\/vero-moda-sviesiai-zalias-moteriskas-megztinis-doffy-udis-where-in-stock\/","title":{"rendered":"VERO MODA \u0161viesiai \u017ealias moteri\u0161kas megztinis Doffy-UDIS-WHERE IN STOCK"},"content":{"rendered":"<h2 data-section-id=\"1tzxeec\" data-start=\"134\" data-end=\"217\">&#8222;Vero Moda&#8221; moteri\u0161kas megztinis &#8222;Doffy&#8221; &#8211; mink\u0161tas ir pavasari\u0161kai gaivus pasirinkimas darbui ar pramogoms<\/h2>\n<h2 data-section-id=\"wd1k1c\" data-start=\"224\" data-end=\"269\">Patogus ir stilingas megztinis kasdieniam d\u0117v\u0117jimui<\/h2>\n<p data-start=\"271\" data-end=\"453\">&#8222;Vero Moda <strong data-start=\"289\" data-end=\"298\">Doffy<\/strong> &#8221; megztinis yra puikus pasirinkimas, jei ie\u0161kote ko nors patogaus, bet moteri\u0161ko ir stilingo. \u0160\u012f megztin\u012f galima d\u0117v\u0117ti tiek \u012f darb\u0105, tiek laisvalaikiu. <\/p>\n<p data-start=\"455\" data-end=\"606\">D\u0117l klasikinio kaklo kirpimo j\u0105 lengva derinti prie \u012fvairios aprangos &#8211; d\u0117v\u0117kite su keln\u0117mis ar sijonu ir visada atrodysite gerai.<\/p>\n<h2 data-section-id=\"dru7zx\" data-start=\"613\" data-end=\"670\">Pavasari\u0161kai gaivus atspalvis praskaidrins kiekvien\u0105 dien\u0105<\/h2>\n<p data-start=\"672\" data-end=\"866\">\u0160is megztinis ypa\u010d i\u0161siskiria savo <strong data-start=\"714\" data-end=\"736\">gra\u017eiu pavasariniu atspalviu<\/strong>, kuris j\u016bs\u0173 garderob\u0105 papildys gaiviu ir lengvu akcentu. Tinkamas atspalvis pereinamojo ir pavasario sezono aprangai. <\/p>\n<h2 data-section-id=\"gulaat\" data-start=\"873\" data-end=\"925\">Med\u017eiaga i\u0161<\/h2>\n<p data-start=\"927\" data-end=\"1006\">Megztinis pagamintas i\u0161 <br data-start=\"962\" data-end=\"965\"><strong data-start=\"965\" data-end=\"1006\">94 % poliesterio, 3 % elastano, 3 % nailono<\/strong>.<\/p>\n<h2 data-section-id=\"dr9ggq\" data-start=\"1188\" data-end=\"1219\">Lengva pritaikyti ir d\u0117v\u0117ti<\/h2>\n<p data-start=\"1221\" data-end=\"1283\">Klasikinis ir vienspalvis megztinio dizainas &#8211; nesenstantis pasirinkimas<\/p>\n<p data-start=\"1285\" data-end=\"1411\">\u2714 Tinka su d\u017einsais ar puo\u0161nesn\u0117mis keln\u0117mis<br data-start=\"1329\" data-end=\"1332\">\u2714 Geras pasirinkimas vilkint sijon\u0105<br data-start=\"1360\" data-end=\"1363\">\u2714 Tinka vilk\u0117ti v\u0117sesniu oru.<\/p>\n<h2 data-section-id=\"14b1f89\" data-start=\"1418\" data-end=\"1455\">Greitas pristatymas &#8211; prekes galima gauti i\u0161 karto<\/h2>\n<p data-start=\"1457\" data-end=\"1617\">\u2714 Prek\u0117 i\u0161 <strong data-start=\"1468\" data-end=\"1488\">karto yra sand\u0117lyje<\/strong><br data-start=\"1488\" data-end=\"1491\">\u2714 U\u017esakymai, pateikti darbo dien\u0105 iki 17:00, bus i\u0161si\u0173sti t\u0105 pa\u010di\u0105 dien\u0105<br data-start=\"1560\" data-end=\"1563\">\u2714 Siuntin\u012f i\u0161 siunt\u0173 ma\u0161inos galite gauti vos per kelias dienas.<\/p>\n<h2 data-section-id=\"14jg2vh\" data-start=\"1624\" data-end=\"1666\">Jei dydis netinka &#8211; joki\u0173 problem\u0173<\/h2>\n<p data-start=\"1668\" data-end=\"1779\">Nereikia nerimauti d\u0117l dyd\u017eio \ud83d\ude42<br data-start=\"1702\" data-end=\"1705\">Jei megztinis netinka, galite j\u012f NEMOKAMAI <strong data-start=\"1737\" data-end=\"1778\">pasikeisti \u012f kito dyd\u017eio ar modelio<\/strong>.<\/p>\n<p>&nbsp;<\/p>\n","protected":false},"excerpt":{"rendered":"<p>&#8222;Vero Moda&#8221; moteri\u0161kas megztinis &#8222;Doffy&#8221; &#8211; mink\u0161tas ir pavasari\u0161kai gaivus pasirinkimas darbui ar pramogoms Patogus ir stilingas megztinis kasdieniam d\u0117v\u0117jimui &#8222;Vero Moda Doffy &#8221; megztinis yra puikus pasirinkimas, jei ie\u0161kote ko nors patogaus, bet moteri\u0161ko ir stilingo. \u0160\u012f megztin\u012f galima d\u0117v\u0117ti tiek \u012f darb\u0105, tiek laisvalaikiu. D\u0117l klasikinio kaklo kirpimo j\u0105 lengva derinti prie \u012fvairios [&hellip;]<\/p>\n","protected":false},"featured_media":275218,"comment_status":"open","ping_status":"closed","template":"","meta":{"_acf_changed":false},"product_brand":[],"product_cat":[295],"product_tag":[],"class_list":{"0":"post-275207","1":"product","2":"type-product","3":"status-publish","4":"has-post-thumbnail","6":"product_cat-moteriski-megztiniai-marskineliai","7":"product_shipping_class-tarneaeg-1-4-paeva","9":"first","10":"instock","11":"sale","12":"taxable","13":"shipping-taxable","14":"purchasable","15":"product-type-variable","16":"has-default-attributes","17":"add-to-wishlist-after_add_to_cart"},"acf":[],"_links":{"self":[{"href":"https:\/\/tellimused.stiilne.ee\/lt\/wp-json\/wp\/v2\/product\/275207","targetHints":{"allow":["GET"]}}],"collection":[{"href":"https:\/\/tellimused.stiilne.ee\/lt\/wp-json\/wp\/v2\/product"}],"about":[{"href":"https:\/\/tellimused.stiilne.ee\/lt\/wp-json\/wp\/v2\/types\/product"}],"replies":[{"embeddable":true,"href":"https:\/\/tellimused.stiilne.ee\/lt\/wp-json\/wp\/v2\/comments?post=275207"}],"wp:featuredmedia":[{"embeddable":true,"href":"https:\/\/tellimused.stiilne.ee\/lt\/wp-json\/wp\/v2\/media\/275218"}],"wp:attachment":[{"href":"https:\/\/tellimused.stiilne.ee\/lt\/wp-json\/wp\/v2\/media?parent=275207"}],"wp:term":[{"taxonomy":"product_brand","embeddable":true,"href":"https:\/\/tellimused.stiilne.ee\/lt\/wp-json\/wp\/v2\/product_brand?post=275207"},{"taxonomy":"product_cat","embeddable":true,"href":"https:\/\/tellimused.stiilne.ee\/lt\/wp-json\/wp\/v2\/product_cat?post=275207"},{"taxonomy":"product_tag","embeddable":true,"href":"https:\/\/tellimused.stiilne.ee\/lt\/wp-json\/wp\/v2\/product_tag?post=275207"}],"curies":[{"name":"wp","href":"https:\/\/api.w.org\/{rel}","templated":true}]}}