{"id":275271,"date":"2026-04-14T16:22:23","date_gmt":"2026-04-14T13:22:23","guid":{"rendered":"https:\/\/tellimused.stiilne.ee\/toode\/lenne-moteriskas-pavasario-rudens-paltas-robina100-gr-apsiltintas-tamsiai-melynas-naujiena\/"},"modified":"2026-04-14T16:22:23","modified_gmt":"2026-04-14T13:22:23","slug":"lenne-moteriskas-pavasario-rudens-paltas-robina100-gr-apsiltintas-tamsiai-melynas-naujiena","status":"publish","type":"product","link":"https:\/\/tellimused.stiilne.ee\/lt\/produktas\/lenne-moteriskas-pavasario-rudens-paltas-robina100-gr-apsiltintas-tamsiai-melynas-naujiena\/","title":{"rendered":"Lenne moteri\u0161kas pavasario-rudens paltas Robina(100 gr ap\u0161iltintas) tamsiai m\u0117lynas NAUJIENA"},"content":{"rendered":"<p data-start=\"1115\" data-end=\"1330\"><strong data-start=\"1115\" data-end=\"1135\">Kod\u0117l \u0161is paltas?<\/strong><br data-start=\"1135\" data-end=\"1138\">Patogus ir oro s\u0105lygoms atsparus &#8222;Lenne&#8221; pavasario-rudens paltas &#8222;Robina&#8221; yra prakti\u0161kas ir stilingas pasirinkimas, kuris apsaugos jus nuo permainingo oro ir leis laisvai jud\u0117ti. Vienintelis paltas, kuris tinka tiek darbui, tiek pramogoms. <\/p>\n<p data-start=\"407\" data-end=\"431\"><strong data-start=\"407\" data-end=\"429\">Pagrindin\u0117s funkcijos<\/strong><\/p>\n<ul data-start=\"432\" data-end=\"739\">\n<li data-start=\"432\" data-end=\"530\">\n<p data-start=\"434\" data-end=\"530\"><strong data-start=\"434\" data-end=\"471\">Oro s\u0105lygoms atsparus &#8222;ActivePlus&#8221; audinys<\/strong> &#8211; apsaugo nuo v\u0117jo ir lietaus, ta\u010diau leid\u017eia k\u016bnui kv\u0117puoti.<\/p>\n<\/li>\n<li data-start=\"531\" data-end=\"609\">\n<p data-start=\"533\" data-end=\"609\"><strong data-start=\"533\" data-end=\"560\">Auk\u0161tas kaklas ir gobtuvas<\/strong> &#8211; net ir esant audringam orui u\u017etikrina \u0161ilum\u0105 kaklui ir galvai.<\/p>\n<\/li>\n<li data-start=\"610\" data-end=\"666\">\n<p data-start=\"612\" data-end=\"666\"><strong data-start=\"612\" data-end=\"631\">Lengva 100 g satino izoliacija<\/strong> &#8211; idealiai tinka pavasariui ir rudeniui, o vasar\u0105 &#8211; ir \u0161altesniam orui.<\/p>\n<\/li>\n<li data-start=\"667\" data-end=\"739\">\n<p data-start=\"669\" data-end=\"739\"><strong data-start=\"669\" data-end=\"707\">Pagaminta i\u0161 perdirbt\u0173 med\u017eiag\u0173<\/strong> &#8211; ekologi\u0161ka ir patogi<\/p>\n<\/li>\n<\/ul>\n<p data-start=\"741\" data-end=\"773\"><strong data-start=\"741\" data-end=\"771\">Technin\u0117s audinio specifikacijos<\/strong><\/p>\n<ul data-start=\"774\" data-end=\"926\">\n<li data-start=\"774\" data-end=\"799\">\n<p data-start=\"776\" data-end=\"799\">Atsparumas vandeniui: 10 000 mm<\/p>\n<\/li>\n<li data-start=\"800\" data-end=\"829\">\n<p data-start=\"802\" data-end=\"829\">Prakaitas: 10 000 g\/m\u00b2\/24 val.<\/p>\n<\/li>\n<li data-start=\"830\" data-end=\"852\">\n<p data-start=\"832\" data-end=\"852\">Atsparumas v\u0117jui: 100%<\/p>\n<\/li>\n<li data-start=\"853\" data-end=\"926\">\n<p data-start=\"855\" data-end=\"926\">DWR (Durable Water Repellent) &#8211; audinys atstumia vanden\u012f ir purv\u0105.<\/p>\n<\/li>\n<\/ul>\n<p data-start=\"928\" data-end=\"955\"><strong data-start=\"928\" data-end=\"953\">Temperat\u016bros rekomendacijos<\/strong><\/p>\n<ul data-start=\"956\" data-end=\"1113\">\n<li data-start=\"956\" data-end=\"987\">\n<p data-start=\"958\" data-end=\"987\">Tinka naudoti iki +5 \u00b0C temperat\u016broje<\/p>\n<\/li>\n<li data-start=\"988\" data-end=\"1023\">\n<p data-start=\"990\" data-end=\"1023\">Su papildomais sluoksniais taip pat nuo 0 \u00b0C<\/p>\n<\/li>\n<\/ul>\n<p>Palt\u0173 dyd\u017eiai atitinka standartinius europieti\u0161kus dyd\u017eius &#8211; rekomenduojame rinktis savo \u012fprast\u0105 dyd\u012f, t. y. tok\u012f, kok\u012f da\u017eniausiai ne\u0161iojate vilk\u0117dami striukes<strong>.Dyd\u017eio keitimas su DPD gr\u0105\u017einimo kodu visada nemokamas.<\/strong><\/p>\n<p><strong>&#8222;Robina&#8221; palt\u0173 matavimo lentel\u0117<\/strong><\/p>\n<table>\n<thead>\n<tr>\n<th align=\"center\">Dydis<\/th>\n<th align=\"center\">Ilgis (iki nugaros vidurio)<\/th>\n<th align=\"center\">Kr\u016btin\u0117s apimtis (cm)<\/th>\n<th align=\"center\">Rankov\u0117s ilgis, \u012fskaitant pet\u012f<\/th>\n<th align=\"center\">Rankov\u0117s plotis<\/th>\n<\/tr>\n<\/thead>\n<tbody>\n<tr>\n<td align=\"center\">XS<\/td>\n<td align=\"center\">103.5<\/td>\n<td align=\"center\">104<\/td>\n<td align=\"center\">77.4<\/td>\n<td align=\"center\">18.4<\/td>\n<\/tr>\n<tr>\n<td align=\"center\">S<\/td>\n<td align=\"center\">104.0<\/td>\n<td align=\"center\">110<\/td>\n<td align=\"center\">78.1<\/td>\n<td align=\"center\">19.6<\/td>\n<\/tr>\n<tr>\n<td align=\"center\">M<\/td>\n<td align=\"center\">104.5<\/td>\n<td align=\"center\">116<\/td>\n<td align=\"center\">78.8<\/td>\n<td align=\"center\">20.8<\/td>\n<\/tr>\n<tr>\n<td align=\"center\">L<\/td>\n<td align=\"center\">105.0<\/td>\n<td align=\"center\">122<\/td>\n<td align=\"center\">79.5<\/td>\n<td align=\"center\">22.0<\/td>\n<\/tr>\n<tr>\n<td align=\"center\">XL<\/td>\n<td align=\"center\">105.5<\/td>\n<td align=\"center\">130<\/td>\n<td align=\"center\">80.5<\/td>\n<td align=\"center\">23.9<\/td>\n<\/tr>\n<tr>\n<td align=\"center\">XXL<\/td>\n<td align=\"center\">106.0<\/td>\n<td align=\"center\">138<\/td>\n<td align=\"center\">81.5<\/td>\n<td align=\"center\">25.6<\/td>\n<\/tr>\n<\/tbody>\n<\/table>\n<p>&nbsp;<\/p>\n<p>Paltas jau yra sand\u0117lyje &#8211; pristatymas per kelias darbo dienas.<\/p>\n","protected":false},"excerpt":{"rendered":"<p>Kod\u0117l \u0161is paltas?Patogus ir oro s\u0105lygoms atsparus &#8222;Lenne&#8221; pavasario-rudens paltas &#8222;Robina&#8221; yra prakti\u0161kas ir stilingas pasirinkimas, kuris apsaugos jus nuo permainingo oro ir leis laisvai jud\u0117ti. Vienintelis paltas, kuris tinka tiek darbui, tiek pramogoms. Pagrindin\u0117s funkcijos Oro s\u0105lygoms atsparus &#8222;ActivePlus&#8221; audinys &#8211; apsaugo nuo v\u0117jo ir lietaus, ta\u010diau leid\u017eia k\u016bnui kv\u0117puoti. Auk\u0161tas kaklas ir gobtuvas [&hellip;]<\/p>\n","protected":false},"featured_media":275274,"comment_status":"closed","ping_status":"closed","template":"","meta":{"_acf_changed":false},"product_brand":[],"product_cat":[270],"product_tag":[],"class_list":{"0":"post-275271","1":"product","2":"type-product","3":"status-publish","4":"has-post-thumbnail","6":"product_cat-pavasario-ir-rudens-striukes-bei-svarkai","7":"product_shipping_class-tarneaeg-1-4-paeva","9":"first","10":"instock","11":"sale","12":"taxable","13":"shipping-taxable","14":"purchasable","15":"product-type-variable","16":"has-default-attributes","17":"add-to-wishlist-after_add_to_cart"},"acf":[],"_links":{"self":[{"href":"https:\/\/tellimused.stiilne.ee\/lt\/wp-json\/wp\/v2\/product\/275271","targetHints":{"allow":["GET"]}}],"collection":[{"href":"https:\/\/tellimused.stiilne.ee\/lt\/wp-json\/wp\/v2\/product"}],"about":[{"href":"https:\/\/tellimused.stiilne.ee\/lt\/wp-json\/wp\/v2\/types\/product"}],"replies":[{"embeddable":true,"href":"https:\/\/tellimused.stiilne.ee\/lt\/wp-json\/wp\/v2\/comments?post=275271"}],"wp:featuredmedia":[{"embeddable":true,"href":"https:\/\/tellimused.stiilne.ee\/lt\/wp-json\/wp\/v2\/media\/275274"}],"wp:attachment":[{"href":"https:\/\/tellimused.stiilne.ee\/lt\/wp-json\/wp\/v2\/media?parent=275271"}],"wp:term":[{"taxonomy":"product_brand","embeddable":true,"href":"https:\/\/tellimused.stiilne.ee\/lt\/wp-json\/wp\/v2\/product_brand?post=275271"},{"taxonomy":"product_cat","embeddable":true,"href":"https:\/\/tellimused.stiilne.ee\/lt\/wp-json\/wp\/v2\/product_cat?post=275271"},{"taxonomy":"product_tag","embeddable":true,"href":"https:\/\/tellimused.stiilne.ee\/lt\/wp-json\/wp\/v2\/product_tag?post=275271"}],"curies":[{"name":"wp","href":"https:\/\/api.w.org\/{rel}","templated":true}]}}