{"id":275292,"date":"2026-04-14T16:21:15","date_gmt":"2026-04-14T13:21:15","guid":{"rendered":"https:\/\/tellimused.stiilne.ee\/toode\/huppa-moteriska-pavasario-rudens-striuke-minna-pilka-40-gr-apsiltinta-naujiena\/"},"modified":"2026-04-14T16:21:15","modified_gmt":"2026-04-14T13:21:15","slug":"huppa-moteriska-pavasario-rudens-striuke-minna-pilka-40-gr-apsiltinta-naujiena","status":"publish","type":"product","link":"https:\/\/tellimused.stiilne.ee\/lt\/produktas\/huppa-moteriska-pavasario-rudens-striuke-minna-pilka-40-gr-apsiltinta-naujiena\/","title":{"rendered":"HUPPA moteri\u0161ka pavasario-rudens striuk\u0117 Minna pilka 40 gr ap\u0161iltinta &#8211; NAUJIENA"},"content":{"rendered":"<div class=\"relative basis-auto flex-col -mb-(--composer-overlap-px) [--composer-overlap-px:28px] grow flex\">\n<div class=\"flex flex-col text-sm pb-25\">\n<article class=\"text-token-text-primary w-full focus:outline-none [--shadow-height:45px] has-data-writing-block:pointer-events-none has-data-writing-block:-mt-(--shadow-height) has-data-writing-block:pt-(--shadow-height) [&amp;:has([data-writing-block])&gt;*]:pointer-events-auto scroll-mt-[calc(var(--header-height)+min(200px,max(70px,20svh)))]\" dir=\"auto\" tabindex=\"-1\" data-turn-id=\"request-WEB:d402b888-f1c5-46d0-8700-17b9390b97ed-0\" data-testid=\"conversation-turn-2\" data-scroll-anchor=\"true\" data-turn=\"assistant\">\n<div class=\"text-base my-auto mx-auto pb-10 [--thread-content-margin:--spacing(4)] @w-sm\/main:[--thread-content-margin:--spacing(6)] @w-lg\/main:[--thread-content-margin:--spacing(16)] px-(--thread-content-margin)\">\n<div class=\"[--thread-content-max-width:40rem] @w-lg\/main:[--thread-content-max-width:48rem] mx-auto max-w-(--thread-content-max-width) flex-1 group\/turn-messages focus-visible:outline-hidden relative flex w-full min-w-0 flex-col agent-turn\" tabindex=\"-1\">\n<div class=\"flex max-w-full flex-col grow\">\n<div class=\"min-h-8 text-message relative flex w-full flex-col items-end gap-2 text-start break-words whitespace-normal [.text-message+&amp;]:mt-1\" dir=\"auto\" data-message-author-role=\"assistant\" data-message-id=\"84b4f5f3-651a-4470-89ac-63fb58d7f0e7\" data-message-model-slug=\"gpt-5-2\">\n<div class=\"flex w-full flex-col gap-1 empty:hidden first:pt-[1px]\">\n<div class=\"markdown prose dark:prose-invert w-full wrap-break-word light markdown-new-styling\">\n<h1 data-start=\"0\" data-end=\"92\">&#8222;Huppa&#8221; moteri\u0161ka pavasario-rudens striuk\u0117 &#8222;Minna&#8221; &#8211; neper\u0161lampama ir moteri\u0161ka apsauga nuo permaining\u0173 oro s\u0105lyg\u0173<\/h1>\n<p data-start=\"94\" data-end=\"326\">Ie\u0161kote <strong data-start=\"100\" data-end=\"128\">neper\u0161lampamos moteri\u0161kos striuk\u0117s<\/strong> Estijos pavasariui ir rudeniui?<br data-start=\"169\" data-end=\"172\"> &#8222;Huppa<strong data-start=\"172\" data-end=\"193\">Minna&#8221; striuk\u0117<\/strong> skirta moterims, kurios vertina patogum\u0105, funkcionalum\u0105 ir eleganti\u0161k\u0105 kirpim\u0105 &#8211; nesvarbu, ar tai b\u016bt\u0173 lietinga diena mieste, ar pasivaik\u0161\u010diojimas gamtoje.<\/p>\n<p data-start=\"328\" data-end=\"425\">Kelion\u0117 nuo kovo iki spalio m\u0117nesio, kai oras svyruoja nuo v\u0117juoto lietaus iki v\u0117si\u0173 saul\u0117s spinduli\u0173, yra idealus pasirinkimas.<\/p>\n<h2 data-start=\"432\" data-end=\"481\">Kod\u0117l verta rinktis &#8222;Huppa Minna&#8221; pavasario-rudens striuk\u0119?<\/h2>\n<p data-start=\"483\" data-end=\"818\">\u2714 <strong data-start=\"485\" data-end=\"520\">Atsparus v\u0117jui ir vandeniui (10 000 mm)<\/strong> &#8211; apsaugo nuo lietaus ir v\u0117jo<br data-start=\"550\" data-end=\"553\">\u2714 <strong data-start=\"555\" data-end=\"588\">Kv\u0117puojanti med\u017eiaga (10 000 g\/m\u00b2<\/strong> ) &#8211; neleid\u017eia k\u016bnui perkaisti ir never\u010dia prakaituoti<br data-start=\"618\" data-end=\"621\">\u2714 <strong data-start=\"623\" data-end=\"641\">40 g izoliacija<\/strong> &#8211; tinka pavasar\u012f, ruden\u012f ir v\u0117siomis vasaros naktimis<br data-start=\"695\" data-end=\"698\">\u2714 <strong data-start=\"700\" data-end=\"715\">Ilgesnis kirpimas<\/strong> &#8211; u\u017edengia klubus ir \u0161launis, suteikia \u0161ilumos<br data-start=\"756\" data-end=\"759\">\u2714 <strong data-start=\"761\" data-end=\"785\">Reguliuojamas liemuo<\/strong> &#8211; atskleid\u017eia moteri\u0161k\u0105 siluet\u0105<\/p>\n<p data-start=\"820\" data-end=\"930\">Jei ie\u0161kote <strong data-start=\"830\" data-end=\"855\">ilgesnio moteri\u0161ko \u012fdegio<\/strong>, kuris neb\u016bt\u0173 nei per plonas, nei per storas, &#8222;Minna&#8221; yra puikus balansas.<\/p>\n<h2 data-start=\"937\" data-end=\"976\">Stilingos ir prakti\u0161kos detal\u0117s<\/h2>\n<p data-start=\"978\" data-end=\"1365\"><strong data-start=\"981\" data-end=\"1011\">\u0160ilti briaunuoti rankogaliai<\/strong> &#8211; saugo nuo v\u0117jo<br data-start=\"1033\" data-end=\"1036\"><strong data-start=\"1039\" data-end=\"1067\">Ki\u0161en\u0117s su atvartais<\/strong> &#8211; saugus sprendimas kasdieniam naudojimui<br data-start=\"1112\" data-end=\"1115\"><strong data-start=\"1118\" data-end=\"1149\">Dviej\u0173 kryp\u010di\u0173 atidaromas priekinis u\u017eraktas<\/strong> &#8211; patogu s\u0117dint ir automobilyje<br data-start=\"1174\" data-end=\"1177\"><strong data-start=\"1180\" data-end=\"1225\">Slepiamos si\u016bl\u0117s (kapi\u0161onas, pe\u010diai, kaklas)<\/strong> &#8211; papildoma apsauga nuo lietaus<br data-start=\"1249\" data-end=\"1252\"><strong data-start=\"1255\" data-end=\"1279\">Reguliuojamas gobtuvas<\/strong> &#8211; i\u0161lieka net v\u0117juotu oru<br data-start=\"1310\" data-end=\"1313\"><strong data-start=\"1315\" data-end=\"1333\">Atspindin\u010dios detal\u0117s<\/strong> &#8211; geresnis matomumas tamsoje.<\/p>\n<h2 data-start=\"1372\" data-end=\"1410\">Med\u017eiagos ir technin\u0117s charakteristikos<\/h2>\n<ul data-start=\"1412\" data-end=\"1551\">\n<li data-start=\"1412\" data-end=\"1449\">\n<p data-start=\"1414\" data-end=\"1449\">I\u0161orin\u0117 med\u017eiaga: 100% poliesteris<\/p>\n<\/li>\n<li data-start=\"1450\" data-end=\"1476\">\n<p data-start=\"1452\" data-end=\"1476\">Pamu\u0161alas: 100% poliesteris<\/p>\n<\/li>\n<li data-start=\"1477\" data-end=\"1499\">\n<p data-start=\"1479\" data-end=\"1499\">Lankstumas: 40 g\/m\u00b2<\/p>\n<\/li>\n<li data-start=\"1500\" data-end=\"1525\">\n<p data-start=\"1502\" data-end=\"1525\">Atsparumas vandeniui: 10 000 mm<\/p>\n<\/li>\n<li data-start=\"1526\" data-end=\"1551\">\n<p data-start=\"1528\" data-end=\"1551\">Tankis: 10 000 g\/m\u00b2<\/p>\n<\/li>\n<\/ul>\n<p data-start=\"1553\" data-end=\"1666\">D\u0117l to &#8222;Minna&#8221; yra puikios <strong data-start=\"1588\" data-end=\"1621\">neper\u0161lampamos pavasarin\u0117s moteri\u0161kos<\/strong> striuk\u0117s, tinkan\u010dios \u0161iaurieti\u0161komis oro s\u0105lygomis.<\/p>\n<h2 data-start=\"1673\" data-end=\"1708\">Dyd\u017eiai ir tinkamumas (XS-3XL)<\/h2>\n<p data-start=\"1710\" data-end=\"1779\">&#8222;MInna&#8221; pavasario-rudens parka tinka skirtingiems k\u016bno tipams &#8211; trumpesn\u0117ms moterims vir\u0161 keli\u0173 ir labiau primena palt\u0105.<\/p>\n<h3 data-start=\"1781\" data-end=\"1799\">&#8222;Minna&#8221; pavasario-rudens parka matmen\u0173 lentel\u0117<\/h3>\n<div class=\"TyagGW_tableContainer\">\n<div class=\"group TyagGW_tableWrapper flex flex-col-reverse w-fit\" tabindex=\"-1\">\n<table class=\"w-fit min-w-(--thread-content-width)\" style=\"height: 196px;\" width=\"778\" data-start=\"1801\" data-end=\"2297\">\n<thead data-start=\"1801\" data-end=\"1895\">\n<tr data-start=\"1801\" data-end=\"1895\">\n<th class=\"\" data-start=\"1801\" data-end=\"1810\" data-col-size=\"sm\">Dydis<\/th>\n<th class=\"\" data-start=\"1810\" data-end=\"1820\" data-col-size=\"sm\">XS (34)<\/th>\n<th class=\"\" data-start=\"1820\" data-end=\"1829\" data-col-size=\"sm\">S (36)<\/th>\n<th class=\"\" data-start=\"1829\" data-end=\"1841\" data-col-size=\"sm\">M (38-40)<\/th>\n<th class=\"\" data-start=\"1841\" data-end=\"1853\" data-col-size=\"sm\">L (42-44)<\/th>\n<th class=\"\" data-start=\"1853\" data-end=\"1866\" data-col-size=\"sm\">XL (44-46)<\/th>\n<th class=\"\" data-start=\"1866\" data-end=\"1880\" data-col-size=\"sm\">XXL (46-50)<\/th>\n<th class=\"\" data-start=\"1880\" data-end=\"1895\" data-col-size=\"sm\">3XL (50-..)<\/th>\n<\/tr>\n<\/thead>\n<tbody data-start=\"1991\" data-end=\"2297\">\n<tr data-start=\"1991\" data-end=\"2055\">\n<td data-start=\"1991\" data-end=\"2013\" data-col-size=\"sm\">Kr\u016btin\u0117s apimtis (cm)<\/td>\n<td data-col-size=\"sm\" data-start=\"2013\" data-end=\"2018\">96<\/td>\n<td data-col-size=\"sm\" data-start=\"2018\" data-end=\"2024\">102<\/td>\n<td data-col-size=\"sm\" data-start=\"2024\" data-end=\"2030\">108<\/td>\n<td data-col-size=\"sm\" data-start=\"2030\" data-end=\"2036\">114<\/td>\n<td data-col-size=\"sm\" data-start=\"2036\" data-end=\"2042\">122<\/td>\n<td data-col-size=\"sm\" data-start=\"2042\" data-end=\"2048\">130<\/td>\n<td data-col-size=\"sm\" data-start=\"2048\" data-end=\"2055\">138<\/td>\n<\/tr>\n<tr data-start=\"2056\" data-end=\"2114\">\n<td data-start=\"2056\" data-end=\"2076\" data-col-size=\"sm\">Pe\u010di\u0173 plotis (cm)<\/td>\n<td data-col-size=\"sm\" data-start=\"2076\" data-end=\"2081\">40<\/td>\n<td data-col-size=\"sm\" data-start=\"2081\" data-end=\"2086\">41<\/td>\n<td data-col-size=\"sm\" data-start=\"2086\" data-end=\"2091\">42<\/td>\n<td data-col-size=\"sm\" data-start=\"2091\" data-end=\"2096\">42<\/td>\n<td data-col-size=\"sm\" data-start=\"2096\" data-end=\"2101\">44<\/td>\n<td data-col-size=\"sm\" data-start=\"2101\" data-end=\"2106\">46<\/td>\n<td data-col-size=\"sm\" data-start=\"2106\" data-end=\"2114\">47,5<\/td>\n<\/tr>\n<tr data-start=\"2115\" data-end=\"2174\">\n<td data-start=\"2115\" data-end=\"2134\" data-col-size=\"sm\">Priekin\u0117s dalies ilgis (cm)<\/td>\n<td data-col-size=\"sm\" data-start=\"2134\" data-end=\"2139\">93<\/td>\n<td data-col-size=\"sm\" data-start=\"2139\" data-end=\"2146\">94,5<\/td>\n<td data-col-size=\"sm\" data-start=\"2146\" data-end=\"2151\">96<\/td>\n<td data-col-size=\"sm\" data-start=\"2151\" data-end=\"2156\">97<\/td>\n<td data-col-size=\"sm\" data-start=\"2156\" data-end=\"2161\">99<\/td>\n<td data-col-size=\"sm\" data-start=\"2161\" data-end=\"2167\">100<\/td>\n<td data-col-size=\"sm\" data-start=\"2167\" data-end=\"2174\">102<\/td>\n<\/tr>\n<tr data-start=\"2175\" data-end=\"2238\">\n<td data-start=\"2175\" data-end=\"2196\" data-col-size=\"sm\">Ilgis nugaroje (cm)<\/td>\n<td data-col-size=\"sm\" data-start=\"2196\" data-end=\"2201\">96<\/td>\n<td data-col-size=\"sm\" data-start=\"2201\" data-end=\"2208\">97,5<\/td>\n<td data-col-size=\"sm\" data-start=\"2208\" data-end=\"2213\">99<\/td>\n<td data-col-size=\"sm\" data-start=\"2213\" data-end=\"2219\">100<\/td>\n<td data-col-size=\"sm\" data-start=\"2219\" data-end=\"2225\">102<\/td>\n<td data-col-size=\"sm\" data-start=\"2225\" data-end=\"2231\">103<\/td>\n<td data-col-size=\"sm\" data-start=\"2231\" data-end=\"2238\">105<\/td>\n<\/tr>\n<tr data-start=\"2239\" data-end=\"2297\">\n<td data-start=\"2239\" data-end=\"2261\" data-col-size=\"sm\">Rankovi\u0173 ilgis (cm)<\/td>\n<td data-col-size=\"sm\" data-start=\"2261\" data-end=\"2266\">63<\/td>\n<td data-col-size=\"sm\" data-start=\"2266\" data-end=\"2271\">64<\/td>\n<td data-col-size=\"sm\" data-start=\"2271\" data-end=\"2276\">65<\/td>\n<td data-col-size=\"sm\" data-start=\"2276\" data-end=\"2281\">66<\/td>\n<td data-col-size=\"sm\" data-start=\"2281\" data-end=\"2286\">67<\/td>\n<td data-col-size=\"sm\" data-start=\"2286\" data-end=\"2291\">68<\/td>\n<td data-col-size=\"sm\" data-start=\"2291\" data-end=\"2297\">68<\/td>\n<\/tr>\n<\/tbody>\n<\/table>\n<\/div>\n<\/div>\n<p data-start=\"2299\" data-end=\"2382\">\ud83d\udc49 Rekomenduojame palyginti i\u0161matavimus su savo turima striuke ir rasti tinkamiausi\u0105 dyd\u012f.<\/p>\n<h2 data-start=\"2389\" data-end=\"2420\">Kod\u0117l verta u\u017esisakyti i\u0161 m\u016bs\u0173?<\/h2>\n<p data-start=\"2422\" data-end=\"2666\">\ud83d\ude9a Parka paprastai b\u016bna <strong data-start=\"2434\" data-end=\"2454\">sand\u0117lyje<\/strong> &#8211; pristatymas vos per kelias dienas<br data-start=\"2481\" data-end=\"2484\">\u23f0 U\u017esakymai, pateikti iki 17:00, bus i\u0161si\u0173sti t\u0105 pa\u010di\u0105 darbo dien\u0105<br data-start=\"2544\" data-end=\"2547\">\ud83d\udd04 <strong data-start=\"2550\" data-end=\"2614\">Pakeisti dyd\u012f ar spalv\u0105 visada NEMOKAMAI su DPD keitimo kodu<\/strong><br data-start=\"2614\" data-end=\"2617\">Galite keisti dyd\u012f, spalv\u0105 ar model\u012f.<\/p>\n<p data-start=\"2668\" data-end=\"2731\">Dr\u0105siai u\u017esisakykite &#8211; nesijaudinkite d\u0117l netinkamo dyd\u017eio ar modelio, nes keitimas visada nemokamas.<\/p>\n<h2 data-start=\"2738\" data-end=\"2789\">Minna parka &#8211; daugiau ilgio, daugiau apsaugos<\/h2>\n<p data-start=\"2791\" data-end=\"3026\">Jei ie\u0161kote <strong data-start=\"2802\" data-end=\"2858\">prakti\u0161kos ir patvarios moteri\u0161kos pavasario ir rudens palaidin\u0117s<\/strong>, kuri b\u016bt\u0173 ir stilinga, ir gerai prigludusi, &#8222;Minna&#8221; yra geras pasirinkimas.<br data-start=\"2929\" data-end=\"2932\">Ji puikiai tinka kasdieniam d\u0117v\u0117jimui mieste arba aktyviam laisvalaikiui.<\/p>\n<h1 data-start=\"3033\" data-end=\"3067\">Da\u017enai u\u017eduodami klausimai (DUK)<\/h1>\n<h3 data-start=\"3069\" data-end=\"3109\">\u2753 Ar \u0161i striuk\u0117 tikrai sulaiko liet\u0173?<\/h3>\n<p data-start=\"3110\" data-end=\"3205\">Taip. 10 000 mm atsparumas vandeniui rei\u0161kia, kad jis gali gerai atlaikyti stipr\u0173 liet\u0173 ir dr\u0117gn\u0105 or\u0105. <\/p>\n<h3 data-start=\"3207\" data-end=\"3249\">\u2753 Ar tinka \u0161altesniam rudeniui?<\/h3>\n<p data-start=\"3250\" data-end=\"3354\">40 g izoliacija tinka pavasar\u012f ir ruden\u012f. V\u0117sesniu oru po ja galite vilk\u0117ti storesn\u012f megztin\u012f arba vilnon\u012f drabu\u017e\u012f. <\/p>\n<h3 data-start=\"3356\" data-end=\"3397\">\u2753 Ar pj\u016bvis yra siauras, ar platus?<\/h3>\n<p data-start=\"3398\" data-end=\"3560\">Sukirpimas moteri\u0161kas, o d\u0117l reguliuojamo rai\u0161telio lengvai \u012fsisega \u012f pad\u0105. Jei esate tarp skirting\u0173 dyd\u017ei\u0173, rekomenduojame rinktis didesn\u012f, kad tilpt\u0173 po juo esantys sluoksniai. <\/p>\n<h3 data-start=\"3562\" data-end=\"3599\">\u2753 Ar parka tinka ir vairuojant?<\/h3>\n<p data-start=\"3600\" data-end=\"3658\">Taip. Dvipusis u\u017eraktas leid\u017eia patogiai s\u0117d\u0117ti ir jud\u0117ti. <\/p>\n<h3 data-start=\"3660\" data-end=\"3695\">\u2753 K\u0105 daryti, jei dydis netinka?<\/h3>\n<p data-start=\"3696\" data-end=\"3777\">Viskas gerai! Pakeisti dyd\u012f, spalv\u0105 ar model\u012f visada galima NEMOKAMAI su DPD keitimo kodu. <\/p>\n<h3 data-start=\"3779\" data-end=\"3828\">\u2753 Ar parka tinka ir lauke?<\/h3>\n<p data-start=\"3829\" data-end=\"3916\">Taip. Kv\u0117puojanti ir neper\u0161lampama med\u017eiaga yra geras pasirinkimas tiek mieste, tiek kelyje. <\/p>\n<p data-start=\"3829\" data-end=\"3916\">&#8222;Minna&#8221; &#8211; tai Estijos \u017emoni\u0173 sukurta parka, kuri buvo sukurta atsi\u017evelgiant \u012f oro s\u0105lygas ir permaining\u0105 or\u0105, tod\u0117l, kad ir koks b\u016bt\u0173 oras, visada jausit\u0117s patogiai, \u0161iltai ir sausai.<\/p>\n<p data-start=\"3923\" data-end=\"4115\" data-is-last-node=\"\" data-is-only-node=\"\">Jei ie\u0161kote <strong data-start=\"3933\" data-end=\"4000\">patikimos, ilgesn\u0117s ir neper\u0161lampamos moteri\u0161kos pavasario-rudens striuk\u0117s<\/strong>, kurioje prakti\u0161kumas der\u0117t\u0173 su moteri\u0161ku stiliumi, &#8221; <strong data-start=\"4053\" data-end=\"4074\">Huppa Minna&#8221; striuk\u0117<\/strong> yra patikima investicija daugeliui ateinan\u010di\u0173 sezon\u0173.<\/p>\n<\/div>\n<\/div>\n<\/div>\n<\/div>\n<div class=\"mt-3 w-full empty:hidden\">\n<div class=\"text-center\"><\/div>\n<\/div>\n<\/div>\n<\/div>\n<\/article>\n<\/div>\n<\/div>\n<h3 data-start=\"159\" data-end=\"240\"><strong data-start=\"163\" data-end=\"240\">Kod\u0117l verta rinktis &#8222;Huppa&#8221; moteri\u0161k\u0105 pavasario-rudens park\u0105 &#8222;Minna&#8221; su g\u0117li\u0173 ra\u0161tu?<\/strong><\/h3>\n<p data-start=\"242\" data-end=\"295\"><strong data-start=\"242\" data-end=\"295\">G\u0117l\u0117ta parka &#8211; gaivi ir moteri\u0161ka, traukianti ak\u012f.<\/strong><\/p>\n<p data-start=\"297\" data-end=\"537\">G\u0117li\u0173 ra\u0161tas \u012fne\u0161a pavasari\u0161kumo \u012f kiekvien\u0105 dien\u0105, net jei u\u017e lango lyja lietus ar pu\u010dia \u017evarbus rudens v\u0117jas. Tai puikus pasirinkimas m\u0117gstan\u010dioms moteri\u0161k\u0105 stili\u0173 ir norin\u010dioms savo aprangai suteikti asmeni\u0161kumo. <\/p>\n<p data-start=\"539\" data-end=\"783\">Tai ne tik prakti\u0161ka, bet ir nuotaik\u0105 gerinanti striuk\u0117. J\u0105 puikiai tinka d\u0117v\u0117ti miesto gatv\u0117se ar savaitgalio pasivaik\u0161\u010diojimams kaime, nes kiekvien\u0105 akimirk\u0105 ji suteikia linksmumo ir spalv\u0173. <\/p>\n<p>&nbsp;<\/p>\n<p>&nbsp;<\/p>\n","protected":false},"excerpt":{"rendered":"<p>&#8222;Huppa&#8221; moteri\u0161ka pavasario-rudens striuk\u0117 &#8222;Minna&#8221; &#8211; neper\u0161lampama ir moteri\u0161ka apsauga nuo permaining\u0173 oro s\u0105lyg\u0173 Ie\u0161kote neper\u0161lampamos moteri\u0161kos striuk\u0117s Estijos pavasariui ir rudeniui? &#8222;HuppaMinna&#8221; striuk\u0117 skirta moterims, kurios vertina patogum\u0105, funkcionalum\u0105 ir eleganti\u0161k\u0105 kirpim\u0105 &#8211; nesvarbu, ar tai b\u016bt\u0173 lietinga diena mieste, ar pasivaik\u0161\u010diojimas gamtoje. Kelion\u0117 nuo kovo iki spalio m\u0117nesio, kai oras svyruoja nuo v\u0117juoto [&hellip;]<\/p>\n","protected":false},"featured_media":275293,"comment_status":"open","ping_status":"closed","template":"","meta":{"_acf_changed":false},"product_brand":[],"product_cat":[270],"product_tag":[],"class_list":{"0":"post-275292","1":"product","2":"type-product","3":"status-publish","4":"has-post-thumbnail","6":"product_cat-pavasario-ir-rudens-striukes-bei-svarkai","7":"product_shipping_class-tarneaeg-5-10-paeva","9":"first","10":"instock","11":"sale","12":"taxable","13":"shipping-taxable","14":"purchasable","15":"product-type-variable","16":"has-default-attributes","17":"add-to-wishlist-after_add_to_cart"},"acf":[],"_links":{"self":[{"href":"https:\/\/tellimused.stiilne.ee\/lt\/wp-json\/wp\/v2\/product\/275292","targetHints":{"allow":["GET"]}}],"collection":[{"href":"https:\/\/tellimused.stiilne.ee\/lt\/wp-json\/wp\/v2\/product"}],"about":[{"href":"https:\/\/tellimused.stiilne.ee\/lt\/wp-json\/wp\/v2\/types\/product"}],"replies":[{"embeddable":true,"href":"https:\/\/tellimused.stiilne.ee\/lt\/wp-json\/wp\/v2\/comments?post=275292"}],"wp:featuredmedia":[{"embeddable":true,"href":"https:\/\/tellimused.stiilne.ee\/lt\/wp-json\/wp\/v2\/media\/275293"}],"wp:attachment":[{"href":"https:\/\/tellimused.stiilne.ee\/lt\/wp-json\/wp\/v2\/media?parent=275292"}],"wp:term":[{"taxonomy":"product_brand","embeddable":true,"href":"https:\/\/tellimused.stiilne.ee\/lt\/wp-json\/wp\/v2\/product_brand?post=275292"},{"taxonomy":"product_cat","embeddable":true,"href":"https:\/\/tellimused.stiilne.ee\/lt\/wp-json\/wp\/v2\/product_cat?post=275292"},{"taxonomy":"product_tag","embeddable":true,"href":"https:\/\/tellimused.stiilne.ee\/lt\/wp-json\/wp\/v2\/product_tag?post=275292"}],"curies":[{"name":"wp","href":"https:\/\/api.w.org\/{rel}","templated":true}]}}