{"id":275319,"date":"2026-04-14T16:20:39","date_gmt":"2026-04-14T13:20:39","guid":{"rendered":"https:\/\/tellimused.stiilne.ee\/toode\/juodos-spalvos-medvilninio-audinio-kepure-kohe-stock\/"},"modified":"2026-04-14T16:20:39","modified_gmt":"2026-04-14T13:20:39","slug":"juodos-spalvos-medvilninio-audinio-kepure-kohe-stock","status":"publish","type":"product","link":"https:\/\/tellimused.stiilne.ee\/lt\/produktas\/juodos-spalvos-medvilninio-audinio-kepure-kohe-stock\/","title":{"rendered":"Juodos spalvos medvilninio audinio kepur\u0117 &#8222;Kohe stock"},"content":{"rendered":"<h1 data-section-id=\"135zgr7\" data-start=\"436\" data-end=\"509\">Medvilnin\u0117 kepur\u0117 &#8222;Beanie&#8221; moterims &#8211; patogi kasdien\u0117 kepur\u0117<\/h1>\n<p data-start=\"511\" data-end=\"726\">Ie\u0161kote patogios ir paprastos kepur\u0117s, kuri\u0105 gal\u0117tum\u0117te d\u0117v\u0117ti beveik bet kuriuo met\u0173 laiku?<br data-start=\"588\" data-end=\"591\">\u0160i <strong data-start=\"595\" data-end=\"636\">medvilnin\u0117 beanie stiliaus moteri\u0161ka kepur\u0117<\/strong> yra geras pasirinkimas, jei norite lengvos, bet \u0161iltos kepur\u0117s kasdieniam d\u0117v\u0117jimui.<\/p>\n<p data-start=\"728\" data-end=\"858\">I\u0161 dvigubo medvilninio audinio pagaminta kepur\u0117 gerai i\u0161laiko form\u0105, yra \u0161velni odai ir puikiai tinka d\u0117v\u0117ti permainingu ir v\u0117juotu Estijos oru.<\/p>\n<h2 data-section-id=\"1n86uvj\" data-start=\"865\" data-end=\"908\">Kod\u0117l verta rinktis medvilnin\u0119 kepur\u0119 su snapeliu?<\/h2>\n<p data-start=\"910\" data-end=\"1243\">\u2714 <strong data-start=\"912\" data-end=\"940\">Patogi ir kv\u0117puojanti med\u017eiaga<\/strong> &#8211; medviln\u0117 leid\u017eia odai kv\u0117puoti<br data-start=\"970\" data-end=\"973\">\u2714 <strong data-start=\"975\" data-end=\"996\">Dvigubo pynimo audinys<\/strong> &#8211; i\u0161laiko \u0161ilum\u0105<br data-start=\"1024\" data-end=\"1027\">\u2714 <strong data-start=\"1029\" data-end=\"1055\">Elastinga ir gerai prigludusi<\/strong> &#8211; elastano d\u0117ka kepur\u0117 patogiai laikosi ant galvos<br data-start=\"1099\" data-end=\"1102\">\u2714 <strong data-start=\"1104\" data-end=\"1126\">Nesenstantis kepur\u0117s stilius<\/strong> &#8211; tinka prie palto, striuk\u0117s ar sporti\u0161kesn\u0117s striuk\u0117s<br data-start=\"1178\" data-end=\"1181\">\u2714 <strong data-start=\"1183\" data-end=\"1208\">Rank\u0173 darbo Estijoje<\/strong> &#8211; I\u0160SKIRTIN\u0116 kokyb\u0117 ir kruop\u0161tus apdirbimas.<\/p>\n<h2 data-section-id=\"qhomds\" data-start=\"1250\" data-end=\"1284\">Kepur\u0117s med\u017eiaga ir savyb\u0117s<\/h2>\n<p data-start=\"1286\" data-end=\"1486\"><strong data-start=\"1289\" data-end=\"1302\">Audinys<\/strong> 95% medviln\u0117, 5% elastanas<br data-start=\"1327\" data-end=\"1330\"> Audinys<strong data-start=\"1333\" data-end=\"1344\">:<\/strong> dvisluoksn\u0117 medviln\u0117<br data-start=\"1373\" data-end=\"1376\"> Storis: patogus vidutinio storio &#8211; tinka d\u0117v\u0117ti visus metus<br data-start=\"1445\" data-end=\"1448\"><strong data-start=\"1451\" data-end=\"1461\">Stilius:<\/strong> klasikin\u0117 kepur\u0117 su snapeliu.<\/p>\n<p data-start=\"1488\" data-end=\"1593\">Medvilninis audinys yra mink\u0161tas ir patogus prie odos, o elastanas padeda kepurei i\u0161laikyti form\u0105.<\/p>\n<h2 data-section-id=\"52wc4n\" data-start=\"1600\" data-end=\"1625\">Dydis ir tinkamumas<\/h2>\n<p data-start=\"1627\" data-end=\"1714\"><strong data-start=\"1630\" data-end=\"1650\">Galvos dydis:<\/strong> 50-57 cm<br data-start=\"1659\" data-end=\"1662\"><strong data-start=\"1665\" data-end=\"1677\">Tinka:<\/strong> vidutiniam Estijos moters galvos dyd\u017eiui &#8211; populiariausias dydis.<\/p>\n<p data-start=\"1716\" data-end=\"1809\">Kepur\u0117 yra elastingo kirpimo, tod\u0117l gerai ir patogiai tinka \u012fvairioms galvos formoms.<\/p>\n<h2 data-section-id=\"1us68ye\" data-start=\"1816\" data-end=\"1848\">Kada d\u0117v\u0117ti \u0161i\u0105 skryb\u0117l\u0119?<\/h2>\n<p data-start=\"1850\" data-end=\"1898\">\u0160i <strong data-start=\"1854\" data-end=\"1880\">medvilnin\u0117 moteri\u0161ka kepur\u0117<\/strong> puikiai tinka d\u0117v\u0117ti su<\/p>\n<p data-start=\"1900\" data-end=\"1974\">\ud83c\udf3f pavasaris<br data-start=\"1910\" data-end=\"1913\">\ud83c\udf42 ruduo<br data-start=\"1923\" data-end=\"1926\">\u2744\ufe0f \u0161velnesn\u0117s \u017eiemos dienos<br data-start=\"1949\" data-end=\"1952\">\ud83c\udf19 v\u0117s\u016bs vasaros vakarai<\/p>\n<p data-start=\"1976\" data-end=\"2087\">D\u0117l minimalistinio ir nesenstan\u010dio dizaino \u0161i skryb\u0117l\u0117 yra paprastas aksesuaras, tinkantis prie \u012fvairi\u0173 drabu\u017ei\u0173.<\/p>\n<p data-start=\"1976\" data-end=\"2087\">Kepur\u0117 yra sand\u0117lyje &#8211; pristatymas per kelias dienas.<\/p>\n<p>&nbsp;<\/p>\n","protected":false},"excerpt":{"rendered":"<p>Medvilnin\u0117 kepur\u0117 &#8222;Beanie&#8221; moterims &#8211; patogi kasdien\u0117 kepur\u0117 Ie\u0161kote patogios ir paprastos kepur\u0117s, kuri\u0105 gal\u0117tum\u0117te d\u0117v\u0117ti beveik bet kuriuo met\u0173 laiku?\u0160i medvilnin\u0117 beanie stiliaus moteri\u0161ka kepur\u0117 yra geras pasirinkimas, jei norite lengvos, bet \u0161iltos kepur\u0117s kasdieniam d\u0117v\u0117jimui. I\u0161 dvigubo medvilninio audinio pagaminta kepur\u0117 gerai i\u0161laiko form\u0105, yra \u0161velni odai ir puikiai tinka d\u0117v\u0117ti permainingu ir [&hellip;]<\/p>\n","protected":false},"featured_media":262385,"comment_status":"open","ping_status":"closed","template":"","meta":{"_acf_changed":false},"product_brand":[],"product_cat":[265,264],"product_tag":[],"class_list":{"0":"post-275319","1":"product","2":"type-product","3":"status-publish","4":"has-post-thumbnail","6":"product_cat-yemi-disain-kepures","7":"product_cat-kepures-pirstines-salikai","8":"product_shipping_class-tarneaeg-1-4-paeva","10":"first","11":"instock","12":"taxable","13":"shipping-taxable","14":"purchasable","15":"product-type-variable","16":"has-default-attributes","17":"add-to-wishlist-after_add_to_cart"},"acf":[],"_links":{"self":[{"href":"https:\/\/tellimused.stiilne.ee\/lt\/wp-json\/wp\/v2\/product\/275319","targetHints":{"allow":["GET"]}}],"collection":[{"href":"https:\/\/tellimused.stiilne.ee\/lt\/wp-json\/wp\/v2\/product"}],"about":[{"href":"https:\/\/tellimused.stiilne.ee\/lt\/wp-json\/wp\/v2\/types\/product"}],"replies":[{"embeddable":true,"href":"https:\/\/tellimused.stiilne.ee\/lt\/wp-json\/wp\/v2\/comments?post=275319"}],"wp:featuredmedia":[{"embeddable":true,"href":"https:\/\/tellimused.stiilne.ee\/lt\/wp-json\/wp\/v2\/media\/262385"}],"wp:attachment":[{"href":"https:\/\/tellimused.stiilne.ee\/lt\/wp-json\/wp\/v2\/media?parent=275319"}],"wp:term":[{"taxonomy":"product_brand","embeddable":true,"href":"https:\/\/tellimused.stiilne.ee\/lt\/wp-json\/wp\/v2\/product_brand?post=275319"},{"taxonomy":"product_cat","embeddable":true,"href":"https:\/\/tellimused.stiilne.ee\/lt\/wp-json\/wp\/v2\/product_cat?post=275319"},{"taxonomy":"product_tag","embeddable":true,"href":"https:\/\/tellimused.stiilne.ee\/lt\/wp-json\/wp\/v2\/product_tag?post=275319"}],"curies":[{"name":"wp","href":"https:\/\/api.w.org\/{rel}","templated":true}]}}